{"id":11449,"date":"2024-05-30T15:46:59","date_gmt":"2024-05-30T19:46:59","guid":{"rendered":"https:\/\/cifst.ca\/food-science-cluster\/activity-10-novel-sanitation-technologies-for-improved-food-quality-and-safety\/"},"modified":"2024-06-04T10:48:04","modified_gmt":"2024-06-04T14:48:04","slug":"activite-10-technologies-novatrices-dassainissement-pour-ameliorer-la-qualite-et-la-securite-des-aliments","status":"publish","type":"page","link":"https:\/\/cifst.ca\/fr\/grappe-de-science-alimentaire\/activite-10-technologies-novatrices-dassainissement-pour-ameliorer-la-qualite-et-la-securite-des-aliments\/","title":{"rendered":"Activit\u00e9 10 &#8211; Technologies novatrices d&#8217;assainissement pour am\u00e9liorer la qualit\u00e9 et la s\u00e9curit\u00e9 des aliments"},"content":{"rendered":"<p>[et_pb_section fb_built=&#8221;1&#8243; next_background_color=&#8221;#ffffff&#8221; _builder_version=&#8221;4.24.2&#8243; _module_preset=&#8221;default&#8221; background_enable_color=&#8221;off&#8221; use_background_color_gradient=&#8221;on&#8221; background_color_gradient_stops=&#8221;rgba(43,135,218,0) 0%|rgba(5,15,24,0) 35%|rgba(3,10,16,0.55) 71%|rgba(0,0,0,0.56) 100%&#8221; background_color_gradient_overlays_image=&#8221;on&#8221; background_image=&#8221;https:\/\/cifst.ca\/wp-content\/uploads\/2024\/04\/CIFST_Food_Quality.jpg&#8221; min_height=&#8221;263px&#8221; bottom_divider_style=&#8221;waves2&#8243; bottom_divider_height=&#8221;21px&#8221; global_colors_info=&#8221;{}&#8221;][et_pb_row _builder_version=&#8221;4.24.2&#8243; _module_preset=&#8221;default&#8221; global_colors_info=&#8221;{}&#8221;][et_pb_column type=&#8221;4_4&#8243; _builder_version=&#8221;4.24.2&#8243; _module_preset=&#8221;default&#8221; global_colors_info=&#8221;{}&#8221;][et_pb_text _builder_version=&#8221;4.25.0&#8243; _module_preset=&#8221;default&#8221; text_text_color=&#8221;#FFFFFF&#8221; text_font_size=&#8221;33px&#8221; background_color=&#8221;rgba(0,0,0,0.17)&#8221; positioning=&#8221;absolute&#8221; position_origin_a=&#8221;bottom_left&#8221; vertical_offset=&#8221;-140px&#8221; vertical_offset_tablet=&#8221;-118px&#8221; vertical_offset_phone=&#8221;-118px&#8221; vertical_offset_last_edited=&#8221;on|desktop&#8221; width_tablet=&#8221;&#8221; width_phone=&#8221;100%&#8221; width_last_edited=&#8221;on|phone&#8221; custom_padding=&#8221;10px|10px|10px|10px|true|true&#8221; hover_enabled=&#8221;0&#8243; text_font_size_tablet=&#8221;25px&#8221; text_font_size_phone=&#8221;25px&#8221; text_font_size_last_edited=&#8221;on|phone&#8221; global_colors_info=&#8221;{}&#8221; sticky_enabled=&#8221;0&#8243;]<\/p>\n<p>Activit\u00e9\u00a0 10 &#8211; Technologies novatrices d&#8217;assainissement pour l&#8217;am\u00e9lioration de la qualit\u00e9 et de la s\u00e9curit\u00e9 des aliments<\/p>\n<p>[\/et_pb_text][\/et_pb_column][\/et_pb_row][\/et_pb_section][et_pb_section fb_built=&#8221;1&#8243; _builder_version=&#8221;4.24.2&#8243; _module_preset=&#8221;default&#8221; global_colors_info=&#8221;{}&#8221;][et_pb_row column_structure=&#8221;3_4,1_4&#8243; module_id=&#8221;fc-description&#8221; _builder_version=&#8221;4.24.2&#8243; _module_preset=&#8221;default&#8221; global_colors_info=&#8221;{}&#8221;][et_pb_column type=&#8221;3_4&#8243; _builder_version=&#8221;4.24.2&#8243; _module_preset=&#8221;default&#8221; global_colors_info=&#8221;{}&#8221;][et_pb_text _builder_version=&#8221;4.25.0&#8243; _module_preset=&#8221;default&#8221; text_text_color=&#8221;#666666&#8243; header_text_color=&#8221;#5eaf49&#8243; header_2_text_color=&#8221;#5eaf49&#8243; header_3_text_color=&#8221;#9dc95f&#8221; custom_padding=&#8221;||0px|||&#8221; global_colors_info=&#8221;{}&#8221;]<\/p>\n<h1>R\u00e9sum\u00e9 de l&#8217;activit\u00e9 :<\/h1>\n<p>Les biofilms pr\u00e9sents dans les usines de transformation de la viande constituent un r\u00e9servoir de contamination par des organismes pathog\u00e8nes et d&#8217;alt\u00e9ration. Les biofilms sont des structures tridimensionnelles attach\u00e9es \u00e0 la surface et form\u00e9es par diverses bact\u00e9ries int\u00e9gr\u00e9es dans une matrice polym\u00e8re extracellulaire. Les communaut\u00e9s de biofilms r\u00e9sistent au nettoyage et \u00e0 l&#8217;assainissement car la matrice du biofilm constitue une barri\u00e8re de diffusion pour les agents d&#8217;assainissement et prot\u00e8ge ainsi les cellules bact\u00e9riennes. L&#8217;industrie de la viande et les fournisseurs d&#8217;\u00e9quipements pour l&#8217;industrie de la viande cherchent \u00e0 contr\u00f4ler la formation de biofilms par une conception hygi\u00e9nique des \u00e9quipements et des installations de transformation ; cependant, ces efforts ne parviennent pas \u00e0 ma\u00eetriser totalement le probl\u00e8me.<\/p>\n<p>Les biofilms pr\u00e9sents dans les usines de transformation de la viande fra\u00eeche h\u00e9bergent des micro-organismes responsables de l&#8217;alt\u00e9ration de la viande, mais aussi des agents pathog\u00e8nes tels que la salmonelle et Escherichia coli producteur de Shiga-toxine, et peuvent contaminer la viande avec des agents pathog\u00e8nes. Les biofilms dans les installations produisant des produits de viande pr\u00eats \u00e0 consommer h\u00e9bergent la Listeria monocytogenes. Par exemple, une seule souche de L. monocytogenes a persist\u00e9 dans l&#8217;usine de transformation pendant une p\u00e9riode de cinq ans, comme l&#8217;a d\u00e9montr\u00e9 le s\u00e9quen\u00e7age du g\u00e9nome entier. La composition des communaut\u00e9s de biofilms dans les usines de transformation de la viande se recoupe \u00e9galement de mani\u00e8re significative avec le microbiote d&#8217;alt\u00e9ration des viandes fra\u00eeches ou pr\u00eates-a-consommer, mais il n&#8217;existe actuellement aucune preuve au niveau des souches que le microbiote d&#8217;alt\u00e9ration est d\u00e9riv\u00e9 des communaut\u00e9s de biofilms. On ne sait donc toujours pas comment se produit le transfert des microbes des biofilms vers les surfaces et les produits en contact avec les aliments, ni comment il peut \u00eatre efficacement interrompu. Le projet propos\u00e9 vise \u00e0 combler cette lacune en utilisant une combinaison de m\u00e9thodologies bas\u00e9es sur les s\u00e9quences, d\u00e9pendantes et ind\u00e9pendantes de la culture, afin d&#8217;\u00e9tudier le transfert des microbes int\u00e9gr\u00e9s dans les biofilms dans les usines de transformation de la viande, et de fournir des informations au niveau des souches pour savoir si les communaut\u00e9s de biofilms se chevauchent avec les organismes de d\u00e9t\u00e9rioration. Ces informations seront utilis\u00e9es pour \u00e9valuer de nouvelles m\u00e9thodes de contamination de la viande afin de prolonger la dur\u00e9e de conservation des morceaux de viande emball\u00e9s sous vide.<\/p>\n<p>Ce projet \u00e9valuera l&#8217;efficacit\u00e9 de m\u00e9thodes novatrices d&#8217;assainissement, notamment les nanobulles d&#8217;ozone et les nanobulles de plasma, sur l&#8217;inactivation du microbiote des \u00e9tablissements de transformation de la viande. Les nanobulles poss\u00e8dent des caract\u00e9ristiques uniques qui permettent des applications prometteuses dans la diffusion d&#8217;agents d&#8217;assainissement antimicrobiens. Contrairement aux d\u00e9sinfectants \u00e0 base de chlore, l&#8217;ozone peut \u00eatre utilis\u00e9 sur les surfaces en contact avec les produits pendant les op\u00e9rations et sur la viande. La comparaison directe entre les nano-bulles d&#8217;ozone et les nano-bulles de plasma permet d&#8217;affiner l&#8217;efficacit\u00e9 de l&#8217;assainissement en ajustant la composition des compos\u00e9s actifs dans les nano-bulles.<\/p>\n<p>L&#8217;exportation de coupes primaires canadiennes vers les march\u00e9s d&#8217;Europe et d&#8217;Asie exige une dur\u00e9e de conservation d&#8217;au moins deux mois \u00e0 une temp\u00e9rature de -1 \u00b0C. Pour atteindre et prolonger cette dur\u00e9e de conservation, il est n\u00e9cessaire de contr\u00f4ler la contamination bact\u00e9rienne des d\u00e9coupes de viande primaires au cours de la transformation. En outre, le type de contamination d\u00e9termine si la croissance microbienne entra\u00eene ou non une d\u00e9t\u00e9rioration : La croissance des esp\u00e8ces Carnobacterium n&#8217;est g\u00e9n\u00e9ralement pas associ\u00e9e \u00e0 des modifications sensorielles du produit, tandis que la croissance des esp\u00e8ces Enterobacterales, Brochotrix et Clostridium entra\u00eene un gonflement des emballages et des odeurs d\u00e9sagr\u00e9ables. L&#8217;allongement de la dur\u00e9e de conservation des d\u00e9coupes primaires emball\u00e9es sous vide \u00e0 l&#8217;aide de nouvelles technologies ciblant les organismes de d\u00e9t\u00e9rioration augmentera la comp\u00e9titivit\u00e9 de l&#8217;industrie canadienne de la viande en r\u00e9duisant les co\u00fbts associ\u00e9s \u00e0 la cha\u00eene d&#8217;approvisionnement et en diminuant le gaspillage alimentaire.<\/p>\n<p>[\/et_pb_text][\/et_pb_column][et_pb_column type=&#8221;1_4&#8243; _builder_version=&#8221;4.24.2&#8243; _module_preset=&#8221;default&#8221; global_colors_info=&#8221;{}&#8221;][et_pb_text _builder_version=&#8221;4.25.0&#8243; _module_preset=&#8221;default&#8221; text_text_color=&#8221;#666666&#8243; header_text_color=&#8221;#5eaf49&#8243; header_2_text_color=&#8221;#5eaf49&#8243; header_3_text_color=&#8221;#9dc95f&#8221; custom_margin=&#8221;||0px||false|false&#8221; custom_padding=&#8221;||0px|||&#8221; global_colors_info=&#8221;{}&#8221;]<\/p>\n<h2>Activit\u00e9s :<\/h2>\n<p>[\/et_pb_text][et_pb_menu menu_id=&#8221;97&#8243; active_link_color=&#8221;#487c33&#8243; module_class=&#8221;lwp-hide-mobile-menu&#8221; _builder_version=&#8221;4.24.2&#8243; _module_preset=&#8221;default&#8221; menu_font=&#8221;||||||||&#8221; menu_text_color=&#8221;#000000&#8243; custom_margin=&#8221;0px||||false|false&#8221; custom_padding=&#8221;0px||||false|false&#8221; saved_tabs=&#8221;all&#8221; global_colors_info=&#8221;{}&#8221; active_link_color__hover_enabled=&#8221;on|desktop&#8221; active_link_color__hover=&#8221;#D13535&#8243;][\/et_pb_menu][\/et_pb_column][\/et_pb_row][\/et_pb_section][et_pb_section fb_built=&#8221;1&#8243; _builder_version=&#8221;4.24.2&#8243; _module_preset=&#8221;default&#8221; background_enable_color=&#8221;off&#8221; background_image=&#8221;https:\/\/cifst.ca\/wp-content\/uploads\/2024\/04\/title_bar_black_bkg.svg&#8221; background_size=&#8221;custom&#8221; background_image_height=&#8221;66px&#8221; background_position=&#8221;center_left&#8221; background_horizontal_offset=&#8221;-4%&#8221; min_height=&#8221;75px&#8221; custom_margin=&#8221;||25px||false|false&#8221; custom_padding=&#8221;0px||0px||true|false&#8221; background_last_edited=&#8221;on|phone&#8221; background_image_height_tablet=&#8221;61px&#8221; background_horizontal_offset_tablet=&#8221;150%&#8221; background_horizontal_offset_phone=&#8221;100%&#8221; border_color_bottom=&#8221;#000000&#8243; global_colors_info=&#8221;{}&#8221;][et_pb_row _builder_version=&#8221;4.24.2&#8243; _module_preset=&#8221;default&#8221; custom_padding=&#8221;20px||0px||false|false&#8221; global_colors_info=&#8221;{}&#8221;][et_pb_column type=&#8221;4_4&#8243; _builder_version=&#8221;4.24.2&#8243; _module_preset=&#8221;default&#8221; global_colors_info=&#8221;{}&#8221;][et_pb_text _builder_version=&#8221;4.25.0&#8243; _module_preset=&#8221;default&#8221; text_text_color=&#8221;#FFFFFF&#8221; header_text_color=&#8221;#FFFFFF&#8221; header_2_text_color=&#8221;#FFFFFF&#8221; max_width=&#8221;500px&#8221; min_height=&#8221;40px&#8221; custom_margin=&#8221;0px||0px||true|false&#8221; custom_padding=&#8221;0px||0px||false|false&#8221; border_color_bottom=&#8221;#FFFFFF&#8221; global_colors_info=&#8221;{}&#8221;]<\/p>\n<h1>Chercheurs de l&#8217;activit\u00e9<\/h1>\n<p>[\/et_pb_text][\/et_pb_column][\/et_pb_row][\/et_pb_section][et_pb_section fb_built=&#8221;1&#8243; module_id=&#8221;fc-activities&#8221; _builder_version=&#8221;4.24.2&#8243; _module_preset=&#8221;default&#8221; custom_margin=&#8221;0px||0px||false|false&#8221; custom_padding=&#8221;0px||||false|false&#8221; global_colors_info=&#8221;{}&#8221;][et_pb_row column_structure=&#8221;1_2,1_2&#8243; make_equal=&#8221;on&#8221; _builder_version=&#8221;4.24.2&#8243; _module_preset=&#8221;default&#8221; global_colors_info=&#8221;{}&#8221;][et_pb_column type=&#8221;1_2&#8243; _builder_version=&#8221;4.24.2&#8243; _module_preset=&#8221;default&#8221; border_radii=&#8221;off|10px|10px||&#8221; border_width_all=&#8221;2px&#8221; border_color_all=&#8221;#487bbe&#8221; global_colors_info=&#8221;{}&#8221;][et_pb_text _builder_version=&#8221;4.25.0&#8243; _module_preset=&#8221;default&#8221; text_font=&#8221;|600||on|||||&#8221; text_text_color=&#8221;#FFFFFF&#8221; background_color=&#8221;#487bbe&#8221; custom_margin=&#8221;||0px||false|false&#8221; custom_padding=&#8221;15px|15px|15px|15px|true|true&#8221; global_colors_info=&#8221;{}&#8221;]<\/p>\n<p>Chercheur principal<\/p>\n<p>[\/et_pb_text][et_pb_text _builder_version=&#8221;4.25.0&#8243; _module_preset=&#8221;default&#8221; min_height=&#8221;270px&#8221; custom_padding=&#8221;15px|15px|15px|15px|true|true&#8221; border_color_all=&#8221;#487bbe&#8221; border_width_bottom=&#8221;1px&#8221; border_color_bottom=&#8221;#666666&#8243; global_colors_info=&#8221;{}&#8221;]<\/p>\n<p><strong>MICHAEL G\u00c4NZLE<\/strong><br \/><em>Professeur, Facult\u00e9 des sciences de l&#8217;agriculture, de la vie et de l&#8217;environnement &#8211; D\u00e9partement des sciences de l&#8217;agriculture, de l&#8217;alimentation et de la nutrition<\/em><\/p>\n<p>Universit\u00e9 de l&#8217;Alberta<br \/>3-18G Agriculture\/Forestry Centre<br \/>9011 &#8211; 116 St NW<br \/>Edmonton, AB, T6G 2P5<\/p>\n<p>[\/et_pb_text][et_pb_text _builder_version=&#8221;4.24.2&#8243; _module_preset=&#8221;default&#8221; custom_padding=&#8221;0px|15px|15px|15px|false|true&#8221; global_colors_info=&#8221;{}&#8221;]<\/p>\n<ul>\n<li>\n<p><a href=\"mailto:mgaenzle@ualberta.ca\" target=\"_blank\" rel=\"noopener\">mgaenzle@ualberta.ca<\/a><\/p>\n<\/li>\n<li>\n<p><a href=\"mailto:mgaenzle@ualberta.ca\"><\/a><a href=\"https:\/\/www.linkedin.com\/in\/g%C3%A4nzle-michael-a3802a43\/\" target=\"_blank\" rel=\"noopener\">LinkedIn<\/a><\/p>\n<\/li>\n<\/ul>\n<p>[\/et_pb_text][\/et_pb_column][et_pb_column type=&#8221;1_2&#8243; _builder_version=&#8221;4.24.2&#8243; _module_preset=&#8221;default&#8221; border_radii=&#8221;off|10px|10px||&#8221; border_width_all=&#8221;2px&#8221; border_color_all=&#8221;#487bbe&#8221; global_colors_info=&#8221;{}&#8221;][et_pb_text _builder_version=&#8221;4.25.0&#8243; _module_preset=&#8221;default&#8221; text_font=&#8221;|600||on|||||&#8221; text_text_color=&#8221;#FFFFFF&#8221; background_color=&#8221;#487bbe&#8221; custom_margin=&#8221;||0px||false|false&#8221; custom_padding=&#8221;15px|15px|15px|15px|true|true&#8221; global_colors_info=&#8221;{}&#8221;]<\/p>\n<p>co-chercheur<\/p>\n<p>[\/et_pb_text][et_pb_text _builder_version=&#8221;4.25.0&#8243; _module_preset=&#8221;default&#8221; min_height=&#8221;270px&#8221; custom_padding=&#8221;15px|15px|15px|15px|true|true&#8221; border_color_all=&#8221;#487bbe&#8221; border_width_bottom=&#8221;1px&#8221; border_color_bottom=&#8221;#666666&#8243; global_colors_info=&#8221;{}&#8221;]<\/p>\n<p><strong>ROOPESH SYAMALADEVI<\/strong><br \/>Professeur associ\u00e9, Facult\u00e9 des sciences de l&#8217;agriculture, de la vie et de l&#8217;environnement &#8211; D\u00e9partement des sciences de l&#8217;agriculture, de l&#8217;alimentation et de la nutrition <\/p>\n<p>Universit\u00e9 de l&#8217;Alberta<br \/>4-10 Ag\/For Centre<br \/>Edmonton, AB T6G 2P5<\/p>\n<p>[\/et_pb_text][et_pb_text _builder_version=&#8221;4.24.2&#8243; _module_preset=&#8221;default&#8221; custom_padding=&#8221;0px|15px|15px|15px|false|true&#8221; global_colors_info=&#8221;{}&#8221;]<\/p>\n<ul>\n<li>\n<p><a href=\"mailto:roopeshms@ualberta.ca\" target=\"_blank\" rel=\"noopener\">roopeshms@ualberta.ca<\/a><\/p>\n<\/li>\n<li>\n<p><a href=\"mailto:roopeshms@ualberta.ca\"><\/a><a href=\"https:\/\/www.linkedin.com\/in\/roopesh-syamaladevi-898413299\/\" target=\"_blank\" rel=\"noopener\">LinkedIn<\/a><\/p>\n<\/li>\n<\/ul>\n<p>[\/et_pb_text][\/et_pb_column][\/et_pb_row][\/et_pb_section][et_pb_section fb_built=&#8221;1&#8243; _builder_version=&#8221;4.24.2&#8243; _module_preset=&#8221;default&#8221; background_enable_color=&#8221;off&#8221; background_image=&#8221;https:\/\/cifst.ca\/wp-content\/uploads\/2024\/04\/title_bar_black_bkg.svg&#8221; background_size=&#8221;custom&#8221; background_image_height=&#8221;66px&#8221; background_position=&#8221;center_left&#8221; background_horizontal_offset=&#8221;-4%&#8221; min_height=&#8221;75px&#8221; custom_margin=&#8221;||25px||false|false&#8221; custom_padding=&#8221;0px||0px||true|false&#8221; background_last_edited=&#8221;on|phone&#8221; background_image_height_tablet=&#8221;61px&#8221; background_horizontal_offset_tablet=&#8221;150%&#8221; background_horizontal_offset_phone=&#8221;100%&#8221; border_color_bottom=&#8221;#000000&#8243; global_colors_info=&#8221;{}&#8221;][et_pb_row _builder_version=&#8221;4.24.2&#8243; _module_preset=&#8221;default&#8221; custom_padding=&#8221;20px||0px||false|false&#8221; global_colors_info=&#8221;{}&#8221;][et_pb_column type=&#8221;4_4&#8243; _builder_version=&#8221;4.24.2&#8243; _module_preset=&#8221;default&#8221; global_colors_info=&#8221;{}&#8221;][et_pb_text _builder_version=&#8221;4.25.0&#8243; _module_preset=&#8221;default&#8221; text_text_color=&#8221;#FFFFFF&#8221; header_text_color=&#8221;#FFFFFF&#8221; header_2_text_color=&#8221;#FFFFFF&#8221; max_width=&#8221;500px&#8221; min_height=&#8221;40px&#8221; custom_margin=&#8221;0px||0px||true|false&#8221; custom_padding=&#8221;0px||0px||false|false&#8221; border_color_bottom=&#8221;#FFFFFF&#8221; global_colors_info=&#8221;{}&#8221;]<\/p>\n<h1>Objectifs<\/h1>\n<p>[\/et_pb_text][\/et_pb_column][\/et_pb_row][\/et_pb_section][et_pb_section fb_built=&#8221;1&#8243; _builder_version=&#8221;4.24.2&#8243; _module_preset=&#8221;default&#8221; custom_margin=&#8221;0px||||false|false&#8221; custom_padding=&#8221;0px||||false|false&#8221; global_colors_info=&#8221;{}&#8221;][et_pb_row module_id=&#8221;fc-description&#8221; _builder_version=&#8221;4.24.2&#8243; _module_preset=&#8221;default&#8221; global_colors_info=&#8221;{}&#8221;][et_pb_column type=&#8221;4_4&#8243; _builder_version=&#8221;4.24.2&#8243; _module_preset=&#8221;default&#8221; global_colors_info=&#8221;{}&#8221;][et_pb_text _builder_version=&#8221;4.25.0&#8243; _module_preset=&#8221;default&#8221; text_text_color=&#8221;#666666&#8243; header_text_color=&#8221;#5eaf49&#8243; header_2_text_color=&#8221;#5eaf49&#8243; header_3_text_color=&#8221;#9dc95f&#8221; custom_padding=&#8221;||0px|||&#8221; global_colors_info=&#8221;{}&#8221;]<\/p>\n<p>Ce projet \u00e9valuera l&#8217;efficacit\u00e9 de m\u00e9thodes novatrices d&#8217;assainissement, y compris les nano-bulles d&#8217;ozone et les nano-bulles de plasma, sur l&#8217;inactivation du microbiote des usines de transformation de la viande.<\/p>\n<ul>\n<li>d\u00e9terminer le transfert des microbes des communaut\u00e9s de biofilms dans les usines de transformation de la viande vers les surfaces de contact avec les produits et les d\u00e9coupes primaires.<\/li>\n<li>d\u00e9terminer la sensibilit\u00e9 de diff\u00e9rents membres des communaut\u00e9s microbiennes et du microbiote des usines de transformation de la viande aux technologies d&#8217;assainissement \u00e9tablies et nouvelles, \u00e0 l&#8217;ozone et aux nano-bulles de plasma froid.<\/li>\n<li>\u00a0\u00e9valuer l&#8217;efficacit\u00e9 des nouvelles m\u00e9thodes d&#8217;assainissement, y compris les nano-bulles d&#8217;ozone et de plasma froid, pour interrompre le transfert des microbes de d\u00e9t\u00e9rioration vers les d\u00e9coupes primaires.<\/li>\n<\/ul>\n<p>[\/et_pb_text][\/et_pb_column][\/et_pb_row][\/et_pb_section]<\/p>\n","protected":false},"excerpt":{"rendered":"<p>Activit\u00e9\u00a0 10 &#8211; Technologies novatrices d&#8217;assainissement pour l&#8217;am\u00e9lioration de la qualit\u00e9 et de la s\u00e9curit\u00e9 des alimentsR\u00e9sum\u00e9 de l&#8217;activit\u00e9 : Les biofilms pr\u00e9sents dans les usines de transformation de la viande constituent un r\u00e9servoir de contamination par des organismes pathog\u00e8nes et d&#8217;alt\u00e9ration. Les biofilms sont des structures tridimensionnelles attach\u00e9es \u00e0 la surface et form\u00e9es par [&hellip;]<\/p>\n","protected":false},"author":5,"featured_media":0,"parent":10155,"menu_order":0,"comment_status":"closed","ping_status":"closed","template":"","meta":{"_acf_changed":false,"_et_pb_use_builder":"on","_et_pb_old_content":"","_et_gb_content_width":"","inline_featured_image":false,"footnotes":""},"class_list":["post-11449","page","type-page","status-publish","hentry"],"acf":[],"publishpress_future_action":{"enabled":false,"date":"2026-04-27 05:06:17","action":"change-status","newStatus":"draft","terms":[],"taxonomy":"translation_priority","extraData":[]},"publishpress_future_workflow_manual_trigger":{"enabledWorkflows":[]},"_links":{"self":[{"href":"https:\/\/cifst.ca\/fr\/wp-json\/wp\/v2\/pages\/11449","targetHints":{"allow":["GET"]}}],"collection":[{"href":"https:\/\/cifst.ca\/fr\/wp-json\/wp\/v2\/pages"}],"about":[{"href":"https:\/\/cifst.ca\/fr\/wp-json\/wp\/v2\/types\/page"}],"author":[{"embeddable":true,"href":"https:\/\/cifst.ca\/fr\/wp-json\/wp\/v2\/users\/5"}],"replies":[{"embeddable":true,"href":"https:\/\/cifst.ca\/fr\/wp-json\/wp\/v2\/comments?post=11449"}],"version-history":[{"count":9,"href":"https:\/\/cifst.ca\/fr\/wp-json\/wp\/v2\/pages\/11449\/revisions"}],"predecessor-version":[{"id":11602,"href":"https:\/\/cifst.ca\/fr\/wp-json\/wp\/v2\/pages\/11449\/revisions\/11602"}],"up":[{"embeddable":true,"href":"https:\/\/cifst.ca\/fr\/wp-json\/wp\/v2\/pages\/10155"}],"wp:attachment":[{"href":"https:\/\/cifst.ca\/fr\/wp-json\/wp\/v2\/media?parent=11449"}],"curies":[{"name":"wp","href":"https:\/\/api.w.org\/{rel}","templated":true}]}}