{"id":11476,"date":"2024-05-31T11:52:13","date_gmt":"2024-05-31T15:52:13","guid":{"rendered":"https:\/\/cifst.ca\/grappe-de-science-alimentaire\/activity-3-novel-feedstock-for-plant-based-analogues-of-fermented-dairy-products\/"},"modified":"2024-06-04T11:38:03","modified_gmt":"2024-06-04T15:38:03","slug":"activite-3-nouvelles-matieres-premieres-pour-des-analogues-vegetaux-de-produits-laitiers-fermentes","status":"publish","type":"page","link":"https:\/\/cifst.ca\/fr\/grappe-de-science-alimentaire\/activite-3-nouvelles-matieres-premieres-pour-des-analogues-vegetaux-de-produits-laitiers-fermentes\/","title":{"rendered":"Activit\u00e9 3 &#8211; Nouvelles mati\u00e8res premi\u00e8res pour des analogues v\u00e9g\u00e9taux de produits laitiers ferment\u00e9s"},"content":{"rendered":"<p>[et_pb_section fb_built=&#8221;1&#8243; next_background_color=&#8221;#ffffff&#8221; _builder_version=&#8221;4.24.2&#8243; _module_preset=&#8221;default&#8221; background_enable_color=&#8221;off&#8221; use_background_color_gradient=&#8221;on&#8221; background_color_gradient_stops=&#8221;rgba(43,135,218,0) 0%|rgba(5,15,24,0) 35%|rgba(3,10,16,0.55) 71%|rgba(0,0,0,0.56) 100%&#8221; background_color_gradient_overlays_image=&#8221;on&#8221; background_image=&#8221;https:\/\/cifst.ca\/wp-content\/uploads\/2024\/04\/CIFST_Dairy.jpg&#8221; background_position=&#8221;bottom_center&#8221; min_height=&#8221;263px&#8221; bottom_divider_style=&#8221;waves2&#8243; bottom_divider_height=&#8221;21px&#8221; global_colors_info=&#8221;{}&#8221;][et_pb_row _builder_version=&#8221;4.24.2&#8243; _module_preset=&#8221;default&#8221; global_colors_info=&#8221;{}&#8221;][et_pb_column type=&#8221;4_4&#8243; _builder_version=&#8221;4.24.2&#8243; _module_preset=&#8221;default&#8221; global_colors_info=&#8221;{}&#8221;][et_pb_text _builder_version=&#8221;4.25.0&#8243; _module_preset=&#8221;default&#8221; text_text_color=&#8221;#FFFFFF&#8221; text_font_size=&#8221;33px&#8221; background_color=&#8221;rgba(0,0,0,0.17)&#8221; positioning=&#8221;absolute&#8221; position_origin_a=&#8221;bottom_left&#8221; vertical_offset=&#8221;-140px&#8221; vertical_offset_tablet=&#8221;-118px&#8221; vertical_offset_phone=&#8221;-118px&#8221; vertical_offset_last_edited=&#8221;on|desktop&#8221; width_tablet=&#8221;&#8221; width_phone=&#8221;100%&#8221; width_last_edited=&#8221;on|phone&#8221; custom_padding=&#8221;10px|10px|10px|10px|true|true&#8221; text_font_size_tablet=&#8221;25px&#8221; text_font_size_phone=&#8221;25px&#8221; text_font_size_last_edited=&#8221;on|phone&#8221; global_colors_info=&#8221;{}&#8221;]<\/p>\n<p>Activit\u00e9 3 &#8211; Nouvelles mati\u00e8res premi\u00e8res pour des analogues v\u00e9g\u00e9taux de produits laitiers ferment\u00e9s<\/p>\n<p>[\/et_pb_text][\/et_pb_column][\/et_pb_row][\/et_pb_section][et_pb_section fb_built=&#8221;1&#8243; _builder_version=&#8221;4.24.2&#8243; _module_preset=&#8221;default&#8221; global_colors_info=&#8221;{}&#8221;][et_pb_row column_structure=&#8221;3_4,1_4&#8243; module_id=&#8221;fc-description&#8221; _builder_version=&#8221;4.24.2&#8243; _module_preset=&#8221;default&#8221; global_colors_info=&#8221;{}&#8221;][et_pb_column type=&#8221;3_4&#8243; _builder_version=&#8221;4.24.2&#8243; _module_preset=&#8221;default&#8221; global_colors_info=&#8221;{}&#8221;][et_pb_text _builder_version=&#8221;4.25.0&#8243; _module_preset=&#8221;default&#8221; text_text_color=&#8221;#666666&#8243; header_text_color=&#8221;#5eaf49&#8243; header_2_text_color=&#8221;#5eaf49&#8243; header_3_text_color=&#8221;#9dc95f&#8221; custom_padding=&#8221;||0px|||&#8221; global_colors_info=&#8221;{}&#8221;]<\/p>\n<h1>R\u00e9sum\u00e9 de l&#8217;activit\u00e9 :<\/h1>\n<p>Avec la pr\u00e9f\u00e9rence croissante des consommateurs pour les prot\u00e9ines d&#8217;origine v\u00e9g\u00e9tale, les exigences en mati\u00e8re de fonctionnalit\u00e9 et de performance des produits prot\u00e9iques d&#8217;origine v\u00e9g\u00e9tale augmentent \u00e9galement. Toutefois, la prot\u00e9ine de canola ne repr\u00e9sente que 0,14 % du march\u00e9 des prot\u00e9ines v\u00e9g\u00e9tales. \u00c0 l&#8217;heure actuelle, la majeure partie du tourteau de canola est utilis\u00e9e dans l&#8217;alimentation animale, ce qui compromet l&#8217;\u00e9norme potentiel de cette source de prot\u00e9ines de haute qualit\u00e9, nutritive, \u00e9conomique et durable pour la consommation humaine.<\/p>\n<p>L&#8217;identification de nouvelles sources de prot\u00e9ines durables souligne le besoin critique d&#8217;approches transformatrices ax\u00e9es sur la transformation durable. Ce besoin est accentu\u00e9 lors de la production de produits ferment\u00e9s, car les exigences relatives aux cultures de fermentation pour les analogues v\u00e9g\u00e9taux ferment\u00e9s des produits laitiers diff\u00e8rent de la production de produits laitiers ou de fromage \u00e0 partir du lait. Seules quelques \u00e9tudes ont caract\u00e9ris\u00e9 la performance des levains lactiques dans la production de produits fromagers non laitiers et seules quelques levains pour la production de fromages non laitiers sont disponibles dans le commerce.<\/p>\n<p>Le projet permettra de valoriser le tourteau de canola et d&#8217;acc\u00e9l\u00e9rer la s\u00e9lection des levains pour la fermentation d&#8217;analogues v\u00e9g\u00e9taux de produits laitiers ferment\u00e9s.<\/p>\n<p>[\/et_pb_text][\/et_pb_column][et_pb_column type=&#8221;1_4&#8243; _builder_version=&#8221;4.24.2&#8243; _module_preset=&#8221;default&#8221; global_colors_info=&#8221;{}&#8221;][et_pb_text _builder_version=&#8221;4.24.2&#8243; _module_preset=&#8221;default&#8221; text_text_color=&#8221;#666666&#8243; header_text_color=&#8221;#5eaf49&#8243; header_2_text_color=&#8221;#5eaf49&#8243; header_3_text_color=&#8221;#9dc95f&#8221; custom_margin=&#8221;||0px||false|false&#8221; custom_padding=&#8221;||0px|||&#8221; global_colors_info=&#8221;{}&#8221;]<\/p>\n<h2>Activities:<\/h2>\n<p>[\/et_pb_text][et_pb_menu menu_id=&#8221;97&#8243; active_link_color=&#8221;#487c33&#8243; module_class=&#8221;lwp-hide-mobile-menu&#8221; _builder_version=&#8221;4.24.2&#8243; _module_preset=&#8221;default&#8221; menu_font=&#8221;||||||||&#8221; menu_text_color=&#8221;#000000&#8243; custom_margin=&#8221;0px||||false|false&#8221; custom_padding=&#8221;0px||||false|false&#8221; saved_tabs=&#8221;all&#8221; global_colors_info=&#8221;{}&#8221; active_link_color__hover_enabled=&#8221;on|desktop&#8221; active_link_color__hover=&#8221;#D13535&#8243;][\/et_pb_menu][\/et_pb_column][\/et_pb_row][\/et_pb_section][et_pb_section fb_built=&#8221;1&#8243; _builder_version=&#8221;4.24.2&#8243; _module_preset=&#8221;default&#8221; background_enable_color=&#8221;off&#8221; background_image=&#8221;https:\/\/cifst.ca\/wp-content\/uploads\/2024\/04\/title_bar_black_bkg.svg&#8221; background_size=&#8221;custom&#8221; background_image_height=&#8221;66px&#8221; background_position=&#8221;center_left&#8221; background_horizontal_offset=&#8221;-4%&#8221; min_height=&#8221;75px&#8221; custom_margin=&#8221;||25px||false|false&#8221; custom_padding=&#8221;0px||0px||true|false&#8221; background_last_edited=&#8221;on|phone&#8221; background_image_height_tablet=&#8221;61px&#8221; background_horizontal_offset_tablet=&#8221;150%&#8221; background_horizontal_offset_phone=&#8221;100%&#8221; border_color_bottom=&#8221;#000000&#8243; global_colors_info=&#8221;{}&#8221;][et_pb_row _builder_version=&#8221;4.24.2&#8243; _module_preset=&#8221;default&#8221; custom_padding=&#8221;20px||0px||false|false&#8221; global_colors_info=&#8221;{}&#8221;][et_pb_column type=&#8221;4_4&#8243; _builder_version=&#8221;4.24.2&#8243; _module_preset=&#8221;default&#8221; global_colors_info=&#8221;{}&#8221;][et_pb_text _builder_version=&#8221;4.25.0&#8243; _module_preset=&#8221;default&#8221; text_text_color=&#8221;#FFFFFF&#8221; header_text_color=&#8221;#FFFFFF&#8221; header_2_text_color=&#8221;#FFFFFF&#8221; max_width=&#8221;500px&#8221; min_height=&#8221;40px&#8221; custom_margin=&#8221;0px||0px||true|false&#8221; custom_padding=&#8221;0px||0px||false|false&#8221; border_color_bottom=&#8221;#FFFFFF&#8221; global_colors_info=&#8221;{}&#8221;]<\/p>\n<h1>Chercheurs d&#8217;activit\u00e9<\/h1>\n<p>[\/et_pb_text][\/et_pb_column][\/et_pb_row][\/et_pb_section][et_pb_section fb_built=&#8221;1&#8243; module_id=&#8221;fc-activities&#8221; _builder_version=&#8221;4.24.2&#8243; _module_preset=&#8221;default&#8221; custom_margin=&#8221;0px||0px||false|false&#8221; custom_padding=&#8221;0px||||false|false&#8221; global_colors_info=&#8221;{}&#8221;][et_pb_row column_structure=&#8221;1_2,1_2&#8243; make_equal=&#8221;on&#8221; _builder_version=&#8221;4.24.2&#8243; _module_preset=&#8221;default&#8221; global_colors_info=&#8221;{}&#8221;][et_pb_column type=&#8221;1_2&#8243; _builder_version=&#8221;4.24.2&#8243; _module_preset=&#8221;default&#8221; border_radii=&#8221;off|10px|10px||&#8221; border_width_all=&#8221;2px&#8221; border_color_all=&#8221;#487bbe&#8221; global_colors_info=&#8221;{}&#8221;][et_pb_text _builder_version=&#8221;4.25.0&#8243; _module_preset=&#8221;default&#8221; text_font=&#8221;|600||on|||||&#8221; text_text_color=&#8221;#FFFFFF&#8221; background_color=&#8221;#487bbe&#8221; custom_margin=&#8221;||0px||false|false&#8221; custom_padding=&#8221;15px|15px|15px|15px|true|true&#8221; global_colors_info=&#8221;{}&#8221;]<\/p>\n<p>Chercheur principal<\/p>\n<p>[\/et_pb_text][et_pb_text _builder_version=&#8221;4.25.0&#8243; _module_preset=&#8221;default&#8221; min_height=&#8221;270px&#8221; custom_padding=&#8221;15px|15px|15px|15px|true|true&#8221; border_color_all=&#8221;#487bbe&#8221; border_width_bottom=&#8221;1px&#8221; border_color_bottom=&#8221;#666666&#8243; global_colors_info=&#8221;{}&#8221;]<\/p>\n<p><strong>MICHAEL G\u00c4NZLE<\/strong><br \/>Professeur, Facult\u00e9 des sciences de l&#8217;agriculture, de la vie et de l&#8217;environnement &#8211; D\u00e9partement des sciences de l&#8217;agriculture, de l&#8217;alimentation et de nutrition<\/p>\n<p>Universit\u00e9 de l&#8217;Alberta<br \/>3-18G Agriculture\/Forestry Centre<br \/>9011 &#8211; 116 St NW<br \/>Edmonton, AB, T6G 2P5<\/p>\n<p>[\/et_pb_text][et_pb_text _builder_version=&#8221;4.24.2&#8243; _module_preset=&#8221;default&#8221; custom_padding=&#8221;0px|15px|15px|15px|false|true&#8221; global_colors_info=&#8221;{}&#8221;]<\/p>\n<ul>\n<li><a href=\"mailto:mgaenzle@ualberta.ca\" target=\"_blank\" rel=\"noopener\">mgaenzle@ualberta.ca<\/a><\/li>\n<li><a href=\"https:\/\/www.linkedin.com\/in\/g%C3%A4nzle-michael-a3802a43\/\" target=\"_blank\" rel=\"noopener\">LinkedIn<\/a><\/li>\n<\/ul>\n<p>[\/et_pb_text][\/et_pb_column][et_pb_column type=&#8221;1_2&#8243; _builder_version=&#8221;4.24.2&#8243; _module_preset=&#8221;default&#8221; border_radii=&#8221;off|10px|10px||&#8221; border_width_all=&#8221;2px&#8221; border_color_all=&#8221;#487bbe&#8221; global_colors_info=&#8221;{}&#8221;][et_pb_text _builder_version=&#8221;4.25.0&#8243; _module_preset=&#8221;default&#8221; text_font=&#8221;|600||on|||||&#8221; text_text_color=&#8221;#FFFFFF&#8221; background_color=&#8221;#487bbe&#8221; custom_margin=&#8221;||0px||false|false&#8221; custom_padding=&#8221;15px|15px|15px|15px|true|true&#8221; global_colors_info=&#8221;{}&#8221;]<\/p>\n<p>codemandeur<\/p>\n<p>[\/et_pb_text][et_pb_text _builder_version=&#8221;4.25.0&#8243; _module_preset=&#8221;default&#8221; min_height=&#8221;270px&#8221; custom_padding=&#8221;15px|15px|15px|15px|true|true&#8221; border_color_all=&#8221;#487bbe&#8221; border_width_bottom=&#8221;1px&#8221; border_color_bottom=&#8221;#666666&#8243; global_colors_info=&#8221;{}&#8221;]<\/p>\n<p><strong>JIANPING WU<\/strong><br \/>Professeur, Facult\u00e9 des sciences de l&#8217;agriculture, de la vie et de l&#8217;environnement &#8211; D\u00e9partement des sciences de l&#8217;agriculture, de l&#8217;alimentation et de nutrition Universit\u00e9 de l&#8217;Alberta<\/p>\n<p>3-18D Agriculture\/Forestry Centre<br \/>9011 &#8211; 116 St NW<br \/>Edmonton, AB, T6G 2P5<\/p>\n<p>[\/et_pb_text][et_pb_text _builder_version=&#8221;4.24.2&#8243; _module_preset=&#8221;default&#8221; custom_padding=&#8221;0px|15px|15px|15px|false|true&#8221; global_colors_info=&#8221;{}&#8221;]<\/p>\n<ul>\n<li><a href=\"mailto:jwu3@ualberta.ca\" target=\"_blank\" rel=\"noopener\">jwu3@ualberta.ca<\/a><\/li>\n<li><a href=\"https:\/\/www.linkedin.com\/in\/jianping-wu-7523b66a\/\" target=\"_blank\" rel=\"noopener\">LinkedIn<\/a><\/li>\n<\/ul>\n<p>[\/et_pb_text][\/et_pb_column][\/et_pb_row][\/et_pb_section][et_pb_section fb_built=&#8221;1&#8243; _builder_version=&#8221;4.24.2&#8243; _module_preset=&#8221;default&#8221; background_enable_color=&#8221;off&#8221; background_image=&#8221;https:\/\/cifst.ca\/wp-content\/uploads\/2024\/04\/title_bar_black_bkg.svg&#8221; background_size=&#8221;custom&#8221; background_image_height=&#8221;66px&#8221; background_position=&#8221;center_left&#8221; background_horizontal_offset=&#8221;-4%&#8221; min_height=&#8221;75px&#8221; custom_margin=&#8221;||25px||false|false&#8221; custom_padding=&#8221;0px||0px||true|false&#8221; background_last_edited=&#8221;on|phone&#8221; background_image_height_tablet=&#8221;61px&#8221; background_horizontal_offset_tablet=&#8221;150%&#8221; background_horizontal_offset_phone=&#8221;100%&#8221; border_color_bottom=&#8221;#000000&#8243; global_colors_info=&#8221;{}&#8221;][et_pb_row _builder_version=&#8221;4.24.2&#8243; _module_preset=&#8221;default&#8221; custom_padding=&#8221;20px||0px||false|false&#8221; global_colors_info=&#8221;{}&#8221;][et_pb_column type=&#8221;4_4&#8243; _builder_version=&#8221;4.24.2&#8243; _module_preset=&#8221;default&#8221; global_colors_info=&#8221;{}&#8221;][et_pb_text _builder_version=&#8221;4.25.0&#8243; _module_preset=&#8221;default&#8221; text_text_color=&#8221;#FFFFFF&#8221; header_text_color=&#8221;#FFFFFF&#8221; header_2_text_color=&#8221;#FFFFFF&#8221; max_width=&#8221;500px&#8221; min_height=&#8221;40px&#8221; custom_margin=&#8221;0px||0px||true|false&#8221; custom_padding=&#8221;0px||0px||false|false&#8221; border_color_bottom=&#8221;#FFFFFF&#8221; global_colors_info=&#8221;{}&#8221;]<\/p>\n<h1>Objectifs<\/h1>\n<p>[\/et_pb_text][\/et_pb_column][\/et_pb_row][\/et_pb_section][et_pb_section fb_built=&#8221;1&#8243; _builder_version=&#8221;4.24.2&#8243; _module_preset=&#8221;default&#8221; custom_margin=&#8221;0px||||false|false&#8221; custom_padding=&#8221;0px||||false|false&#8221; global_colors_info=&#8221;{}&#8221;][et_pb_row module_id=&#8221;fc-description&#8221; _builder_version=&#8221;4.24.2&#8243; _module_preset=&#8221;default&#8221; global_colors_info=&#8221;{}&#8221;][et_pb_column type=&#8221;4_4&#8243; _builder_version=&#8221;4.24.2&#8243; _module_preset=&#8221;default&#8221; global_colors_info=&#8221;{}&#8221;][et_pb_text _builder_version=&#8221;4.25.0&#8243; _module_preset=&#8221;default&#8221; text_text_color=&#8221;#666666&#8243; header_text_color=&#8221;#5eaf49&#8243; header_2_text_color=&#8221;#5eaf49&#8243; header_3_text_color=&#8221;#9dc95f&#8221; custom_padding=&#8221;||0px|||&#8221; global_colors_info=&#8221;{}&#8221;]<\/p>\n<ul>\n<li>D\u00e9velopper un protocole pour pr\u00e9parer un gel prot\u00e9ique de type fromage blanc \u00e0 partir de tourteau de colza et de lupin.<\/li>\n<li>\u00c9tudier l&#8217;effet des glycosylhydrolases et\/ou prot\u00e9ases d\u00e9gradant la paroi cellulaire, de la germination des graines et des levains sur le rendement et la r\u00e9cup\u00e9ration du produit de type fromage en grains de canola et de lupin, ainsi que l&#8217;impact de l&#8217;acidification par les levains.<\/li>\n<li>D\u00e9terminer la formation d&#8217;ar\u00f4mes dans les analogues de fromage v\u00e9g\u00e9tal produits \u00e0 partir de tourteau de canola et de lupin.<\/li>\n<\/ul>\n<p>[\/et_pb_text][\/et_pb_column][\/et_pb_row][\/et_pb_section][et_pb_section fb_built=&#8221;1&#8243; _builder_version=&#8221;4.24.2&#8243; _module_preset=&#8221;default&#8221; background_enable_color=&#8221;off&#8221; background_image=&#8221;https:\/\/cifst.ca\/wp-content\/uploads\/2024\/04\/title_bar_black_bkg.svg&#8221; background_size=&#8221;custom&#8221; background_image_height=&#8221;66px&#8221; background_position=&#8221;center_left&#8221; background_horizontal_offset=&#8221;-4%&#8221; min_height=&#8221;75px&#8221; custom_margin=&#8221;||25px||false|false&#8221; custom_padding=&#8221;0px||0px||true|false&#8221; background_last_edited=&#8221;on|phone&#8221; background_image_height_tablet=&#8221;61px&#8221; background_horizontal_offset_tablet=&#8221;150%&#8221; background_horizontal_offset_phone=&#8221;100%&#8221; border_color_bottom=&#8221;#000000&#8243; global_colors_info=&#8221;{}&#8221;][et_pb_row _builder_version=&#8221;4.24.2&#8243; _module_preset=&#8221;default&#8221; custom_padding=&#8221;20px||0px||false|false&#8221; global_colors_info=&#8221;{}&#8221;][et_pb_column type=&#8221;4_4&#8243; _builder_version=&#8221;4.24.2&#8243; _module_preset=&#8221;default&#8221; global_colors_info=&#8221;{}&#8221;][et_pb_text _builder_version=&#8221;4.25.0&#8243; _module_preset=&#8221;default&#8221; text_text_color=&#8221;#FFFFFF&#8221; header_text_color=&#8221;#FFFFFF&#8221; header_2_text_color=&#8221;#FFFFFF&#8221; max_width=&#8221;500px&#8221; min_height=&#8221;40px&#8221; custom_margin=&#8221;0px||0px||true|false&#8221; custom_padding=&#8221;0px||0px||false|false&#8221; border_color_bottom=&#8221;#FFFFFF&#8221; global_colors_info=&#8221;{}&#8221;]<\/p>\n<h1>Partenaires et commanditaires<\/h1>\n<p>[\/et_pb_text][\/et_pb_column][\/et_pb_row][\/et_pb_section][et_pb_section fb_built=&#8221;1&#8243; _builder_version=&#8221;4.24.2&#8243; _module_preset=&#8221;default&#8221; custom_margin=&#8221;0px||||false|false&#8221; custom_padding=&#8221;0px||||false|false&#8221; global_colors_info=&#8221;{}&#8221;][et_pb_row module_id=&#8221;fc-description&#8221; _builder_version=&#8221;4.24.2&#8243; _module_preset=&#8221;default&#8221; global_colors_info=&#8221;{}&#8221;][et_pb_column type=&#8221;4_4&#8243; _builder_version=&#8221;4.24.2&#8243; _module_preset=&#8221;default&#8221; global_colors_info=&#8221;{}&#8221;][et_pb_text _builder_version=&#8221;4.24.2&#8243; _module_preset=&#8221;default&#8221; text_text_color=&#8221;#666666&#8243; header_text_color=&#8221;#5eaf49&#8243; header_2_text_color=&#8221;#5eaf49&#8243; header_3_text_color=&#8221;#9dc95f&#8221; custom_padding=&#8221;||0px|||&#8221; global_colors_info=&#8221;{}&#8221;]<\/p>\n<ul>\n<li><a href=\"https:\/\/richardsonfoodandingredients.com\/\" target=\"_blank\" rel=\"noopener\">Richardson Food &amp; Ingredients<\/a><\/li>\n<\/ul>\n<p>[\/et_pb_text][\/et_pb_column][\/et_pb_row][\/et_pb_section]<\/p>\n","protected":false},"excerpt":{"rendered":"<p>Activit\u00e9 3 &#8211; Nouvelles mati\u00e8res premi\u00e8res pour des analogues v\u00e9g\u00e9taux de produits laitiers ferment\u00e9sR\u00e9sum\u00e9 de l&#8217;activit\u00e9 : Avec la pr\u00e9f\u00e9rence croissante des consommateurs pour les prot\u00e9ines d&#8217;origine v\u00e9g\u00e9tale, les exigences en mati\u00e8re de fonctionnalit\u00e9 et de performance des produits prot\u00e9iques d&#8217;origine v\u00e9g\u00e9tale augmentent \u00e9galement. Toutefois, la prot\u00e9ine de canola ne repr\u00e9sente que 0,14 % du [&hellip;]<\/p>\n","protected":false},"author":5,"featured_media":0,"parent":10155,"menu_order":0,"comment_status":"closed","ping_status":"closed","template":"","meta":{"_acf_changed":false,"_et_pb_use_builder":"on","_et_pb_old_content":"","_et_gb_content_width":"","inline_featured_image":false,"footnotes":""},"class_list":["post-11476","page","type-page","status-publish","hentry"],"acf":[],"publishpress_future_action":{"enabled":false,"date":"2026-05-09 05:16:18","action":"change-status","newStatus":"draft","terms":[],"taxonomy":"translation_priority","extraData":[]},"publishpress_future_workflow_manual_trigger":{"enabledWorkflows":[]},"_links":{"self":[{"href":"https:\/\/cifst.ca\/fr\/wp-json\/wp\/v2\/pages\/11476","targetHints":{"allow":["GET"]}}],"collection":[{"href":"https:\/\/cifst.ca\/fr\/wp-json\/wp\/v2\/pages"}],"about":[{"href":"https:\/\/cifst.ca\/fr\/wp-json\/wp\/v2\/types\/page"}],"author":[{"embeddable":true,"href":"https:\/\/cifst.ca\/fr\/wp-json\/wp\/v2\/users\/5"}],"replies":[{"embeddable":true,"href":"https:\/\/cifst.ca\/fr\/wp-json\/wp\/v2\/comments?post=11476"}],"version-history":[{"count":7,"href":"https:\/\/cifst.ca\/fr\/wp-json\/wp\/v2\/pages\/11476\/revisions"}],"predecessor-version":[{"id":11572,"href":"https:\/\/cifst.ca\/fr\/wp-json\/wp\/v2\/pages\/11476\/revisions\/11572"}],"up":[{"embeddable":true,"href":"https:\/\/cifst.ca\/fr\/wp-json\/wp\/v2\/pages\/10155"}],"wp:attachment":[{"href":"https:\/\/cifst.ca\/fr\/wp-json\/wp\/v2\/media?parent=11476"}],"curies":[{"name":"wp","href":"https:\/\/api.w.org\/{rel}","templated":true}]}}