{"id":11502,"date":"2024-05-31T14:08:43","date_gmt":"2024-05-31T18:08:43","guid":{"rendered":"https:\/\/cifst.ca\/grappe-de-science-alimentaire\/activity-8-reducing-ghg-by-improving-organic-waste-management-in-produce-processing\/"},"modified":"2024-06-24T18:59:09","modified_gmt":"2024-06-24T22:59:09","slug":"activite-8-reduire-les-ges-en-ameliorant-la-gestion-des-dechets-organiques-dans-la-transformation-des-fruits-et-legumes","status":"publish","type":"page","link":"https:\/\/cifst.ca\/fr\/grappe-de-science-alimentaire\/activite-8-reduire-les-ges-en-ameliorant-la-gestion-des-dechets-organiques-dans-la-transformation-des-fruits-et-legumes\/","title":{"rendered":"Activit\u00e9 8 &#8211; R\u00e9duire les GES en am\u00e9liorant la gestion des d\u00e9chets organiques dans la transformation des fruits et l\u00e9gumes"},"content":{"rendered":"<p>[et_pb_section fb_built=&#8221;1&#8243; next_background_color=&#8221;#ffffff&#8221; _builder_version=&#8221;4.24.2&#8243; _module_preset=&#8221;default&#8221; background_enable_color=&#8221;off&#8221; use_background_color_gradient=&#8221;on&#8221; background_color_gradient_stops=&#8221;rgba(43,135,218,0) 0%|rgba(5,15,24,0) 35%|rgba(3,10,16,0.55) 71%|rgba(0,0,0,0.56) 100%&#8221; background_color_gradient_overlays_image=&#8221;on&#8221; background_image=&#8221;https:\/\/cifst.ca\/wp-content\/uploads\/2024\/04\/CIFST_Organic_Waste.jpg&#8221; min_height=&#8221;263px&#8221; bottom_divider_style=&#8221;waves2&#8243; bottom_divider_height=&#8221;21px&#8221; global_colors_info=&#8221;{}&#8221;][et_pb_row _builder_version=&#8221;4.24.2&#8243; _module_preset=&#8221;default&#8221; global_colors_info=&#8221;{}&#8221;][et_pb_column type=&#8221;4_4&#8243; _builder_version=&#8221;4.24.2&#8243; _module_preset=&#8221;default&#8221; global_colors_info=&#8221;{}&#8221;][et_pb_text _builder_version=&#8221;4.25.0&#8243; _module_preset=&#8221;default&#8221; text_text_color=&#8221;#FFFFFF&#8221; text_font_size=&#8221;33px&#8221; background_color=&#8221;rgba(0,0,0,0.17)&#8221; positioning=&#8221;absolute&#8221; position_origin_a=&#8221;bottom_left&#8221; vertical_offset=&#8221;-140px&#8221; vertical_offset_tablet=&#8221;-118px&#8221; vertical_offset_phone=&#8221;-118px&#8221; vertical_offset_last_edited=&#8221;on|desktop&#8221; width_tablet=&#8221;&#8221; width_phone=&#8221;100%&#8221; width_last_edited=&#8221;on|phone&#8221; custom_padding=&#8221;10px|10px|10px|10px|true|true&#8221; text_font_size_tablet=&#8221;25px&#8221; text_font_size_phone=&#8221;25px&#8221; text_font_size_last_edited=&#8221;on|phone&#8221; global_colors_info=&#8221;{}&#8221;]<\/p>\n<p>Activit\u00e9 8 &#8211; R\u00e9duire les GES en am\u00e9liorant la gestion des d\u00e9chets organiques dans la transformation des fruits et l\u00e9gumes<\/p>\n<p>[\/et_pb_text][\/et_pb_column][\/et_pb_row][\/et_pb_section][et_pb_section fb_built=&#8221;1&#8243; _builder_version=&#8221;4.24.2&#8243; _module_preset=&#8221;default&#8221; global_colors_info=&#8221;{}&#8221;][et_pb_row column_structure=&#8221;3_4,1_4&#8243; module_id=&#8221;fc-description&#8221; _builder_version=&#8221;4.24.2&#8243; _module_preset=&#8221;default&#8221; global_colors_info=&#8221;{}&#8221;][et_pb_column type=&#8221;3_4&#8243; _builder_version=&#8221;4.24.2&#8243; _module_preset=&#8221;default&#8221; global_colors_info=&#8221;{}&#8221;][et_pb_text _builder_version=&#8221;4.25.0&#8243; _module_preset=&#8221;default&#8221; text_text_color=&#8221;#666666&#8243; header_text_color=&#8221;#5eaf49&#8243; header_2_text_color=&#8221;#5eaf49&#8243; header_3_text_color=&#8221;#9dc95f&#8221; custom_padding=&#8221;||0px|||&#8221; global_colors_info=&#8221;{}&#8221;]<\/p>\n<h1>R\u00e9sum\u00e9 de l&#8217;activit\u00e9<\/h1>\n<p>Le secteur canadien de la transformation des fruits et l\u00e9gumes g\u00e9n\u00e8re des volumes importants, r\u00e9p\u00e9titifs et pr\u00e9visibles de d\u00e9chets in\u00e9vitables tels que les pelures, les noyaux et le marc. Actuellement, une grande partie de ces d\u00e9chets est destin\u00e9e \u00e0 l&#8217;alimentation animale, utilis\u00e9e comme biocarburant, \u00e9pandue dans les champs ou mise en d\u00e9charge. En raison de leur teneur \u00e9lev\u00e9e en eau, de leur faible densit\u00e9 \u00e9nerg\u00e9tique et de leur forte teneur en fibres, les d\u00e9chets de fruits et l\u00e9gumes posent des probl\u00e8mes dans bon nombre de ces sc\u00e9narios de traitement des d\u00e9chets et peuvent entra\u00eener d&#8217;importantes \u00e9missions de gaz \u00e0 effet de serre. Le maintien de ces flux de d\u00e9chets dans la cha\u00eene alimentaire humaine par leur conversion en produits \u00e0 valeur ajout\u00e9e se traduirait par des avantages environnementaux et \u00e9conomiques significatifs.<\/p>\n<p>Le projet propos\u00e9 r\u00e9unit un consortium de recherche et de d\u00e9veloppement compos\u00e9 d&#8217;organisations industrielles issues de diff\u00e9rents maillons de la cha\u00eene de valeur, afin d&#8217;aborder la question des d\u00e9chets alimentaires dans le secteur de la transformation des fruits et l\u00e9gumes. Le projet se concentrera sur l&#8217;\u00e9laboration d&#8217;une base de donn\u00e9es permettant de cr\u00e9er de nouveaux produits \u00e0 valeur ajout\u00e9e \u00e0 partir des fruits et l\u00e9gumes qui sont transform\u00e9s en grandes quantit\u00e9s au Canada (par exemple, les pommes, le ma\u00efs, les oignons et les carottes).<\/p>\n<p>Les partenaires du projet travailleront de mani\u00e8re synchronis\u00e9e pour combler les lacunes en mati\u00e8re de connaissances et surmonter les obstacles \u00e0 la cr\u00e9ation de nouvelles cha\u00eenes de valeur pour la valorisation des d\u00e9chets de fruits ou de l\u00e9gumes, notamment en pr\u00e9parant les flux de d\u00e9chets pour les vendre dans la cha\u00eene d&#8217;approvisionnement alimentaire humaine, en entreprenant des analyses et des essais pour d\u00e9terminer les contraintes li\u00e9es au d\u00e9veloppement de nouveaux produits, en d\u00e9veloppant des processus et en \u00e9valuant les performances sensorielles et fonctionnelles des produits r\u00e9sultants dans des formulations alimentaires exp\u00e9rimentales.<\/p>\n<p>[\/et_pb_text][\/et_pb_column][et_pb_column type=&#8221;1_4&#8243; _builder_version=&#8221;4.24.2&#8243; _module_preset=&#8221;default&#8221; global_colors_info=&#8221;{}&#8221;][et_pb_text _builder_version=&#8221;4.24.2&#8243; _module_preset=&#8221;default&#8221; text_text_color=&#8221;#666666&#8243; header_text_color=&#8221;#5eaf49&#8243; header_2_text_color=&#8221;#5eaf49&#8243; header_3_text_color=&#8221;#9dc95f&#8221; custom_margin=&#8221;||0px||false|false&#8221; custom_padding=&#8221;||0px|||&#8221; global_colors_info=&#8221;{}&#8221;]<\/p>\n<h2>Activities:<\/h2>\n<p>[\/et_pb_text][et_pb_menu menu_id=&#8221;97&#8243; active_link_color=&#8221;#487c33&#8243; module_class=&#8221;lwp-hide-mobile-menu&#8221; _builder_version=&#8221;4.25.0&#8243; _module_preset=&#8221;default&#8221; menu_font=&#8221;||||||||&#8221; menu_text_color=&#8221;#000000&#8243; custom_margin=&#8221;0px||||false|false&#8221; custom_padding=&#8221;0px||||false|false&#8221; saved_tabs=&#8221;all&#8221; global_colors_info=&#8221;{}&#8221; active_link_color__hover_enabled=&#8221;on|desktop&#8221; active_link_color__hover=&#8221;#D13535&#8243;][\/et_pb_menu][\/et_pb_column][\/et_pb_row][\/et_pb_section][et_pb_section fb_built=&#8221;1&#8243; _builder_version=&#8221;4.24.2&#8243; _module_preset=&#8221;default&#8221; background_enable_color=&#8221;off&#8221; background_image=&#8221;https:\/\/cifst.ca\/wp-content\/uploads\/2024\/04\/title_bar_black_bkg.svg&#8221; background_size=&#8221;custom&#8221; background_image_height=&#8221;66px&#8221; background_position=&#8221;center_left&#8221; background_horizontal_offset=&#8221;-4%&#8221; min_height=&#8221;75px&#8221; custom_margin=&#8221;||25px||false|false&#8221; custom_padding=&#8221;0px||0px||true|false&#8221; background_last_edited=&#8221;on|phone&#8221; background_image_height_tablet=&#8221;61px&#8221; background_horizontal_offset_tablet=&#8221;150%&#8221; background_horizontal_offset_phone=&#8221;100%&#8221; border_color_bottom=&#8221;#000000&#8243; global_colors_info=&#8221;{}&#8221;][et_pb_row _builder_version=&#8221;4.24.2&#8243; _module_preset=&#8221;default&#8221; custom_padding=&#8221;20px||0px||false|false&#8221; global_colors_info=&#8221;{}&#8221;][et_pb_column type=&#8221;4_4&#8243; _builder_version=&#8221;4.24.2&#8243; _module_preset=&#8221;default&#8221; global_colors_info=&#8221;{}&#8221;][et_pb_text _builder_version=&#8221;4.25.0&#8243; _module_preset=&#8221;default&#8221; text_text_color=&#8221;#FFFFFF&#8221; header_text_color=&#8221;#FFFFFF&#8221; header_2_text_color=&#8221;#FFFFFF&#8221; max_width=&#8221;500px&#8221; min_height=&#8221;40px&#8221; custom_margin=&#8221;0px||0px||true|false&#8221; custom_padding=&#8221;0px||0px||false|false&#8221; border_color_bottom=&#8221;#FFFFFF&#8221; global_colors_info=&#8221;{}&#8221;]<\/p>\n<h1>Chercheurs d&#8217;activit\u00e9<\/h1>\n<p>[\/et_pb_text][\/et_pb_column][\/et_pb_row][\/et_pb_section][et_pb_section fb_built=&#8221;1&#8243; module_id=&#8221;fc-activities&#8221; _builder_version=&#8221;4.24.2&#8243; _module_preset=&#8221;default&#8221; custom_margin=&#8221;0px||0px||false|false&#8221; custom_padding=&#8221;0px||||false|false&#8221; global_colors_info=&#8221;{}&#8221;][et_pb_row column_structure=&#8221;1_2,1_2&#8243; make_equal=&#8221;on&#8221; _builder_version=&#8221;4.24.2&#8243; _module_preset=&#8221;default&#8221; global_colors_info=&#8221;{}&#8221;][et_pb_column type=&#8221;1_2&#8243; _builder_version=&#8221;4.24.2&#8243; _module_preset=&#8221;default&#8221; border_radii=&#8221;off|10px|10px||&#8221; border_width_all=&#8221;2px&#8221; border_color_all=&#8221;#487bbe&#8221; global_colors_info=&#8221;{}&#8221;][et_pb_text _builder_version=&#8221;4.25.0&#8243; _module_preset=&#8221;default&#8221; text_font=&#8221;|600||on|||||&#8221; text_text_color=&#8221;#FFFFFF&#8221; background_color=&#8221;#487bbe&#8221; custom_margin=&#8221;||0px||false|false&#8221; custom_padding=&#8221;15px|15px|15px|15px|true|true&#8221; global_colors_info=&#8221;{}&#8221;]<\/p>\n<p>\u00a0Chercheure principale<\/p>\n<p>[\/et_pb_text][et_pb_text _builder_version=&#8221;4.25.0&#8243; _module_preset=&#8221;default&#8221; min_height=&#8221;270px&#8221; custom_padding=&#8221;15px|15px|15px|15px|true|true&#8221; border_color_all=&#8221;#487bbe&#8221; border_width_bottom=&#8221;1px&#8221; border_color_bottom=&#8221;#666666&#8243; global_colors_info=&#8221;{}&#8221;]<\/p>\n<p><strong>ALEXANDRA GRYGORCZYK<\/strong><br \/><em>Chercheure scientifique, Consommateurs, sensorialit\u00e9 et connaissance du march\u00e9<\/em><\/p>\n<p>Centre de recherche et d&#8217;innovation Vineland<br \/>4890 Victoria Avenue North, Box 4000<br \/>Vineland Station, ON L0R 2E0<\/p>\n<p>[\/et_pb_text][et_pb_text _builder_version=&#8221;4.25.0&#8243; _module_preset=&#8221;default&#8221; custom_padding=&#8221;0px|15px|15px|15px|false|true&#8221; global_colors_info=&#8221;{}&#8221;]<\/p>\n<ul>\n<li><a href=\"mailto:Alexandra.Grygorczyk@vinelandresearch.com\" target=\"_blank\" rel=\"noopener\">Alexandra.Grygorczyk@vinelandresearch.com<\/a><\/li>\n<li><a href=\"https:\/\/www.linkedin.com\/in\/alexgrygorczyk\/\" target=\"_blank\" rel=\"noopener\">LinkedIn<\/a><\/li>\n<\/ul>\n<p>[\/et_pb_text][\/et_pb_column][et_pb_column type=&#8221;1_2&#8243; _builder_version=&#8221;4.24.2&#8243; _module_preset=&#8221;default&#8221; border_radii=&#8221;off|10px|10px||&#8221; border_width_all=&#8221;2px&#8221; border_color_all=&#8221;#487bbe&#8221; global_colors_info=&#8221;{}&#8221;][et_pb_text _builder_version=&#8221;4.25.0&#8243; _module_preset=&#8221;default&#8221; text_font=&#8221;|600||on|||||&#8221; text_text_color=&#8221;#FFFFFF&#8221; background_color=&#8221;#487bbe&#8221; custom_margin=&#8221;||0px||false|false&#8221; custom_padding=&#8221;15px|15px|15px|15px|true|true&#8221; global_colors_info=&#8221;{}&#8221;]<\/p>\n<p>Codemandeur<\/p>\n<p>[\/et_pb_text][et_pb_text _builder_version=&#8221;4.25.0&#8243; _module_preset=&#8221;default&#8221; min_height=&#8221;270px&#8221; custom_padding=&#8221;15px|15px|15px|15px|true|true&#8221; border_color_all=&#8221;#487bbe&#8221; border_width_bottom=&#8221;1px&#8221; border_color_bottom=&#8221;#666666&#8243; global_colors_info=&#8221;{}&#8221;]<\/p>\n<p><strong>MITHUN SHRIVASTAVA<\/strong><br \/>Chercheur en consommation et en march\u00e9s<\/p>\n<p>Centre de recherche et d&#8217;innovation Vineland<br \/>4890 Victoria Avenue North, Box 4000<br \/>Vineland Station, ON L0R 2E0<\/p>\n<p>[\/et_pb_text][et_pb_text _builder_version=&#8221;4.24.2&#8243; _module_preset=&#8221;default&#8221; custom_padding=&#8221;0px|15px|15px|15px|false|true&#8221; global_colors_info=&#8221;{}&#8221;]<\/p>\n<ul>\n<li>\n<p><a href=\"mailto:Mithun.Shrivastava@vinelandresearch.com\" target=\"_blank\" rel=\"noopener\">Mithun.Shrivastava@vinelandresearch.com<\/a><\/p>\n<\/li>\n<li>\n<p><a href=\"mailto:Mithun.Shrivastava@vinelandresearch.com\"><\/a><a href=\"https:\/\/www.linkedin.com\/in\/mithun-sh\/\" target=\"_blank\" rel=\"noopener\">LinkedIn<\/a><\/p>\n<\/li>\n<\/ul>\n<p>[\/et_pb_text][\/et_pb_column][\/et_pb_row][et_pb_row column_structure=&#8221;1_2,1_2&#8243; make_equal=&#8221;on&#8221; _builder_version=&#8221;4.25.0&#8243; _module_preset=&#8221;default&#8221; global_colors_info=&#8221;{}&#8221;][et_pb_column type=&#8221;1_2&#8243; _builder_version=&#8221;4.24.2&#8243; _module_preset=&#8221;default&#8221; border_radii=&#8221;off|10px|10px||&#8221; border_width_all=&#8221;2px&#8221; border_color_all=&#8221;#487bbe&#8221; global_colors_info=&#8221;{}&#8221;][et_pb_text _builder_version=&#8221;4.25.0&#8243; _module_preset=&#8221;default&#8221; text_font=&#8221;|600||on|||||&#8221; text_text_color=&#8221;#FFFFFF&#8221; background_color=&#8221;#487bbe&#8221; custom_margin=&#8221;||0px||false|false&#8221; custom_padding=&#8221;15px|15px|15px|15px|true|true&#8221; global_colors_info=&#8221;{}&#8221;]<\/p>\n<p>Codemandeur<\/p>\n<p>[\/et_pb_text][et_pb_text _builder_version=&#8221;4.25.0&#8243; _module_preset=&#8221;default&#8221; min_height=&#8221;270px&#8221; custom_padding=&#8221;15px|15px|15px|15px|true|true&#8221; hover_enabled=&#8221;0&#8243; border_color_all=&#8221;#487bbe&#8221; border_width_bottom=&#8221;1px&#8221; border_color_bottom=&#8221;#666666&#8243; global_colors_info=&#8221;{}&#8221; sticky_enabled=&#8221;0&#8243;]<strong>Henry Liu<\/strong><br \/>\n<em>Scientifique R&#038;D<\/em><\/p>\n<p>Gum Products International (GPI)<br \/>\n1255 Journey\u2019s End Circle<br \/>\nNewmarket, ON L3Y 8T7[\/et_pb_text][et_pb_text _builder_version=&#8221;4.25.0&#8243; _module_preset=&#8221;default&#8221; custom_padding=&#8221;0px|15px|15px|15px|false|true&#8221; global_colors_info=&#8221;{}&#8221;]<\/p>\n<ul>\n<li><a href=\"mailto:Henry.Liu@gpiglobal.com\" target=\"_blank\" rel=\"noopener\">Henry.Liu@gpiglobal.com<\/a><\/li>\n<\/ul>\n<p>[\/et_pb_text][\/et_pb_column][et_pb_column type=&#8221;1_2&#8243; _builder_version=&#8221;4.25.0&#8243; _module_preset=&#8221;default&#8221; border_radii=&#8221;off|10px|10px||&#8221; border_width_all=&#8221;2px&#8221; border_color_all=&#8221;#487bbe&#8221; global_colors_info=&#8221;{}&#8221;][et_pb_text _builder_version=&#8221;4.25.0&#8243; _module_preset=&#8221;default&#8221; text_font=&#8221;|600||on|||||&#8221; text_text_color=&#8221;#FFFFFF&#8221; background_color=&#8221;#487bbe&#8221; custom_margin=&#8221;||0px||false|false&#8221; custom_padding=&#8221;15px|15px|15px|15px|true|true&#8221; global_colors_info=&#8221;{}&#8221;]<\/p>\n<p>Codemandeur<\/p>\n<p>[\/et_pb_text][et_pb_text _builder_version=&#8221;4.25.0&#8243; _module_preset=&#8221;default&#8221; min_height=&#8221;270px&#8221; custom_padding=&#8221;15px|15px|15px|15px|true|true&#8221; hover_enabled=&#8221;0&#8243; border_color_all=&#8221;#487bbe&#8221; border_width_bottom=&#8221;1px&#8221; border_color_bottom=&#8221;#666666&#8243; global_colors_info=&#8221;{}&#8221; sticky_enabled=&#8221;0&#8243;]<strong>Butch Siebenmorgen<\/strong><br \/>\n<em>Directeur r\u00e9gional du d\u00e9veloppement strat\u00e9gique<\/em><\/p>\n<p>Nortera Foods<br \/>\n225 Lothian Ave.<br \/>\nStrathroy, On N7G 4J1[\/et_pb_text][et_pb_text _builder_version=&#8221;4.25.0&#8243; _module_preset=&#8221;default&#8221; custom_padding=&#8221;0px|15px|15px|15px|false|true&#8221; global_colors_info=&#8221;{}&#8221;]<\/p>\n<ul>\n<li><a href=\"mailto:butch.siebenmorgen@norterafoods.com\">butch.siebenmorgen@norterafoods.com<\/a><\/li>\n<\/ul>\n<p>[\/et_pb_text][\/et_pb_column][\/et_pb_row][\/et_pb_section][et_pb_section fb_built=&#8221;1&#8243; _builder_version=&#8221;4.24.2&#8243; _module_preset=&#8221;default&#8221; background_enable_color=&#8221;off&#8221; background_image=&#8221;https:\/\/cifst.ca\/wp-content\/uploads\/2024\/04\/title_bar_black_bkg.svg&#8221; background_size=&#8221;custom&#8221; background_image_height=&#8221;66px&#8221; background_position=&#8221;center_left&#8221; background_horizontal_offset=&#8221;-4%&#8221; min_height=&#8221;75px&#8221; custom_margin=&#8221;||25px||false|false&#8221; custom_padding=&#8221;0px||0px||true|false&#8221; background_last_edited=&#8221;on|phone&#8221; background_image_height_tablet=&#8221;61px&#8221; background_horizontal_offset_tablet=&#8221;150%&#8221; background_horizontal_offset_phone=&#8221;100%&#8221; border_color_bottom=&#8221;#000000&#8243; global_colors_info=&#8221;{}&#8221;][et_pb_row _builder_version=&#8221;4.24.2&#8243; _module_preset=&#8221;default&#8221; custom_padding=&#8221;20px||0px||false|false&#8221; global_colors_info=&#8221;{}&#8221;][et_pb_column type=&#8221;4_4&#8243; _builder_version=&#8221;4.24.2&#8243; _module_preset=&#8221;default&#8221; global_colors_info=&#8221;{}&#8221;][et_pb_text _builder_version=&#8221;4.25.0&#8243; _module_preset=&#8221;default&#8221; text_text_color=&#8221;#FFFFFF&#8221; header_text_color=&#8221;#FFFFFF&#8221; header_2_text_color=&#8221;#FFFFFF&#8221; max_width=&#8221;500px&#8221; min_height=&#8221;40px&#8221; custom_margin=&#8221;0px||0px||true|false&#8221; custom_padding=&#8221;0px||0px||false|false&#8221; border_color_bottom=&#8221;#FFFFFF&#8221; global_colors_info=&#8221;{}&#8221;]<\/p>\n<h1>Objectifs<\/h1>\n<p>[\/et_pb_text][\/et_pb_column][\/et_pb_row][\/et_pb_section][et_pb_section fb_built=&#8221;1&#8243; _builder_version=&#8221;4.24.2&#8243; _module_preset=&#8221;default&#8221; custom_margin=&#8221;0px||||false|false&#8221; custom_padding=&#8221;0px||||false|false&#8221; global_colors_info=&#8221;{}&#8221;][et_pb_row module_id=&#8221;fc-description&#8221; _builder_version=&#8221;4.24.2&#8243; _module_preset=&#8221;default&#8221; global_colors_info=&#8221;{}&#8221;][et_pb_column type=&#8221;4_4&#8243; _builder_version=&#8221;4.24.2&#8243; _module_preset=&#8221;default&#8221; global_colors_info=&#8221;{}&#8221;][et_pb_text _builder_version=&#8221;4.25.0&#8243; _module_preset=&#8221;default&#8221; text_text_color=&#8221;#666666&#8243; header_text_color=&#8221;#5eaf49&#8243; header_2_text_color=&#8221;#5eaf49&#8243; header_3_text_color=&#8221;#9dc95f&#8221; custom_padding=&#8221;||0px|||&#8221; global_colors_info=&#8221;{}&#8221;]<\/p>\n<p>Ce projet vise \u00e0 r\u00e9duire les d\u00e9chets de produits frais en recyclant les sous-produits des cultures de fruits et l\u00e9gumes et en les convertissant en produits \u00e0 valeur ajout\u00e9e tels que les snacks \u00e0 base de pur\u00e9e, la poudre d&#8217;oignon, la boulangerie \u00e0 base de jus de ma\u00efs, les boissons et les prot\u00e9ines v\u00e9g\u00e9tales textur\u00e9es, etc. afin de conserver ces flux de d\u00e9chets dans la cha\u00eene alimentaire humaine.<\/p>\n<ul>\n<li>Fournir des conseils au secteur de la transformation des fruits et l\u00e9gumes sur la mani\u00e8re de r\u00e9duire les \u00e9missions de GES en am\u00e9liorant la gestion des flux de d\u00e9chets organiques.<\/li>\n<li>Assurer un approvisionnement en sous-produits de la transformation des fruits et l\u00e9gumes en vue de leur transformation en produits \u00e0 valeur ajout\u00e9e.<\/li>\n<li>D\u00e9velopper les processus et les technologies n\u00e9cessaires pour convertir les d\u00e9chets de la transformation des fruits et l\u00e9gumes en produits \u00e0 valeur ajout\u00e9e.<\/li>\n<\/ul>\n<p>&nbsp;<\/p>\n<p>[\/et_pb_text][\/et_pb_column][\/et_pb_row][\/et_pb_section][et_pb_section fb_built=&#8221;1&#8243; _builder_version=&#8221;4.24.2&#8243; _module_preset=&#8221;default&#8221; background_enable_color=&#8221;off&#8221; background_image=&#8221;https:\/\/cifst.ca\/wp-content\/uploads\/2024\/04\/title_bar_black_bkg.svg&#8221; background_size=&#8221;custom&#8221; background_image_height=&#8221;66px&#8221; background_position=&#8221;center_left&#8221; background_horizontal_offset=&#8221;-4%&#8221; min_height=&#8221;75px&#8221; custom_margin=&#8221;||25px||false|false&#8221; custom_padding=&#8221;0px||0px||true|false&#8221; background_last_edited=&#8221;on|phone&#8221; background_image_height_tablet=&#8221;61px&#8221; background_horizontal_offset_tablet=&#8221;150%&#8221; background_horizontal_offset_phone=&#8221;100%&#8221; border_color_bottom=&#8221;#000000&#8243; global_colors_info=&#8221;{}&#8221;][et_pb_row _builder_version=&#8221;4.24.2&#8243; _module_preset=&#8221;default&#8221; custom_padding=&#8221;20px||0px||false|false&#8221; global_colors_info=&#8221;{}&#8221;][et_pb_column type=&#8221;4_4&#8243; _builder_version=&#8221;4.24.2&#8243; _module_preset=&#8221;default&#8221; global_colors_info=&#8221;{}&#8221;][et_pb_text _builder_version=&#8221;4.25.0&#8243; _module_preset=&#8221;default&#8221; text_text_color=&#8221;#FFFFFF&#8221; header_text_color=&#8221;#FFFFFF&#8221; header_2_text_color=&#8221;#FFFFFF&#8221; max_width=&#8221;500px&#8221; min_height=&#8221;40px&#8221; custom_margin=&#8221;0px||0px||true|false&#8221; custom_padding=&#8221;0px||0px||false|false&#8221; border_color_bottom=&#8221;#FFFFFF&#8221; global_colors_info=&#8221;{}&#8221;]<\/p>\n<h1>Partenaires et commanditaires<\/h1>\n<p>[\/et_pb_text][\/et_pb_column][\/et_pb_row][\/et_pb_section][et_pb_section fb_built=&#8221;1&#8243; _builder_version=&#8221;4.24.2&#8243; _module_preset=&#8221;default&#8221; custom_margin=&#8221;0px||||false|false&#8221; custom_padding=&#8221;0px||||false|false&#8221; global_colors_info=&#8221;{}&#8221;][et_pb_row module_id=&#8221;fc-description&#8221; _builder_version=&#8221;4.24.2&#8243; _module_preset=&#8221;default&#8221; global_colors_info=&#8221;{}&#8221;][et_pb_column type=&#8221;4_4&#8243; _builder_version=&#8221;4.24.2&#8243; _module_preset=&#8221;default&#8221; global_colors_info=&#8221;{}&#8221;][et_pb_text _builder_version=&#8221;4.25.0&#8243; _module_preset=&#8221;default&#8221; text_text_color=&#8221;#666666&#8243; header_text_color=&#8221;#5eaf49&#8243; header_2_text_color=&#8221;#5eaf49&#8243; header_3_text_color=&#8221;#9dc95f&#8221; custom_padding=&#8221;||0px|||&#8221; global_colors_info=&#8221;{}&#8221;]<\/p>\n<ul>\n<li><a href=\"https:\/\/www.norterafoods.com\">Nortera Foods<\/a><\/li>\n<li><a href=\"https:\/\/www.gpiglobal.com\/\" target=\"_blank\" rel=\"noopener\">Gum Products International (GPI)<\/a><\/li>\n<\/ul>\n<p>[\/et_pb_text][\/et_pb_column][\/et_pb_row][\/et_pb_section]<\/p>\n","protected":false},"excerpt":{"rendered":"<p>Activit\u00e9 8 &#8211; R\u00e9duire les GES en am\u00e9liorant la gestion des d\u00e9chets organiques dans la transformation des fruits et l\u00e9gumesR\u00e9sum\u00e9 de l&#8217;activit\u00e9 Le secteur canadien de la transformation des fruits et l\u00e9gumes g\u00e9n\u00e8re des volumes importants, r\u00e9p\u00e9titifs et pr\u00e9visibles de d\u00e9chets in\u00e9vitables tels que les pelures, les noyaux et le marc. Actuellement, une grande partie [&hellip;]<\/p>\n","protected":false},"author":5,"featured_media":0,"parent":10155,"menu_order":0,"comment_status":"closed","ping_status":"closed","template":"","meta":{"_acf_changed":false,"_et_pb_use_builder":"on","_et_pb_old_content":"","_et_gb_content_width":"","inline_featured_image":false,"footnotes":""},"class_list":["post-11502","page","type-page","status-publish","hentry"],"acf":[],"publishpress_future_action":{"enabled":false,"date":"2026-05-02 14:08:11","action":"change-status","newStatus":"draft","terms":[],"taxonomy":"translation_priority","extraData":[]},"publishpress_future_workflow_manual_trigger":{"enabledWorkflows":[]},"_links":{"self":[{"href":"https:\/\/cifst.ca\/fr\/wp-json\/wp\/v2\/pages\/11502","targetHints":{"allow":["GET"]}}],"collection":[{"href":"https:\/\/cifst.ca\/fr\/wp-json\/wp\/v2\/pages"}],"about":[{"href":"https:\/\/cifst.ca\/fr\/wp-json\/wp\/v2\/types\/page"}],"author":[{"embeddable":true,"href":"https:\/\/cifst.ca\/fr\/wp-json\/wp\/v2\/users\/5"}],"replies":[{"embeddable":true,"href":"https:\/\/cifst.ca\/fr\/wp-json\/wp\/v2\/comments?post=11502"}],"version-history":[{"count":8,"href":"https:\/\/cifst.ca\/fr\/wp-json\/wp\/v2\/pages\/11502\/revisions"}],"predecessor-version":[{"id":11668,"href":"https:\/\/cifst.ca\/fr\/wp-json\/wp\/v2\/pages\/11502\/revisions\/11668"}],"up":[{"embeddable":true,"href":"https:\/\/cifst.ca\/fr\/wp-json\/wp\/v2\/pages\/10155"}],"wp:attachment":[{"href":"https:\/\/cifst.ca\/fr\/wp-json\/wp\/v2\/media?parent=11502"}],"curies":[{"name":"wp","href":"https:\/\/api.w.org\/{rel}","templated":true}]}}