{"id":1800,"date":"2019-01-02T10:57:31","date_gmt":"2019-01-02T15:57:31","guid":{"rendered":"https:\/\/www.cifst.ca\/?page_id=1800"},"modified":"2024-01-09T14:44:45","modified_gmt":"2024-01-09T19:44:45","slug":"politique-de-remboursementannulation","status":"publish","type":"page","link":"https:\/\/cifst.ca\/fr\/politique-de-remboursementannulation\/","title":{"rendered":"POLITIQUE DE REMBOURSEMENT\/ANNULATION"},"content":{"rendered":"<p>[et_pb_section fb_built=&#8221;1&#8243; _builder_version=&#8221;4.16&#8243; global_colors_info=&#8221;{}&#8221;][et_pb_row _builder_version=&#8221;4.16&#8243; background_size=&#8221;initial&#8221; background_position=&#8221;top_left&#8221; background_repeat=&#8221;repeat&#8221; global_colors_info=&#8221;{}&#8221;][et_pb_column type=&#8221;4_4&#8243; _builder_version=&#8221;4.16&#8243; custom_padding=&#8221;|||&#8221; global_colors_info=&#8221;{}&#8221; custom_padding__hover=&#8221;|||&#8221;][et_pb_text _builder_version=&#8221;4.16&#8243; global_colors_info=&#8221;{}&#8221;]<\/p>\n<h1>POLITIQUE DE REMBOURSEMENT\/ANNULATION<\/h1>\n<p>[\/et_pb_text][\/et_pb_column][\/et_pb_row][et_pb_row _builder_version=&#8221;4.16&#8243; background_size=&#8221;initial&#8221; background_position=&#8221;top_left&#8221; background_repeat=&#8221;repeat&#8221; global_colors_info=&#8221;{}&#8221;][et_pb_column type=&#8221;4_4&#8243; _builder_version=&#8221;4.16&#8243; custom_padding=&#8221;|||&#8221; global_colors_info=&#8221;{}&#8221; custom_padding__hover=&#8221;|||&#8221;][et_pb_text _builder_version=&#8221;4.16&#8243; global_colors_info=&#8221;{}&#8221;]Les demandes d\u2019annulation pour un renouvellement ou une nouvelle adh\u00e9sion \u00e0 l\u2019ICSTA doivent parvenir par \u00e9crit au bureau national moins de 7 jours apr\u00e8s l\u2019\u00e9mission du re\u00e7u. Des frais administratifs non-remboursables de 50 $ seront appliqu\u00e9s \u00e0 toute annulation.<\/p>\n<p>La r\u00e9activation d\u2019une adh\u00e9sion interrompue \u00e0 l\u2019ICSTA entra\u00eenera \u00e9galement des frais administratifs non-remboursables de 50 $ en plus des frais d\u2019adh\u00e9sion applicables.<\/p>\n<p>Les demandes pour un remboursement int\u00e9gral pour tous les \u00e9v\u00e9nements nationaux de l\u2019ICSTA tel le Sommet alimentaire canadien, les webinaires, etc. doivent \u00eatre soumises au moins 14 jours avant l\u2019\u00e9v\u00e9nement.<\/p>\n<p>Il n\u2019y aura aucun remboursement pour les annulations re\u00e7ues moins de 14 jours avant les \u00e9v\u00e9nements pay\u00e9s.<br \/>\n[\/et_pb_text][\/et_pb_column][\/et_pb_row][\/et_pb_section]<\/p>\n","protected":false},"excerpt":{"rendered":"<p>POLITIQUE DE REMBOURSEMENT\/ANNULATION Les demandes d\u2019annulation pour un renouvellement ou une nouvelle adh\u00e9sion \u00e0 l\u2019ICSTA doivent parvenir par \u00e9crit au bureau national moins de 7 jours apr\u00e8s l\u2019\u00e9mission du re\u00e7u. Des frais administratifs non-remboursables de 50 $ seront appliqu\u00e9s \u00e0 toute annulation. La r\u00e9activation d\u2019une adh\u00e9sion interrompue \u00e0 l\u2019ICSTA entra\u00eenera \u00e9galement des frais administratifs non-remboursables [&hellip;]<\/p>\n","protected":false},"author":5,"featured_media":0,"parent":0,"menu_order":0,"comment_status":"closed","ping_status":"closed","template":"","meta":{"_acf_changed":false,"_et_pb_use_builder":"on","_et_pb_old_content":"","_et_gb_content_width":"","inline_featured_image":false,"footnotes":""},"class_list":["post-1800","page","type-page","status-publish","hentry"],"acf":[],"publishpress_future_action":{"enabled":false,"date":"2026-05-08 02:20:00","action":"change-status","newStatus":"draft","terms":[],"taxonomy":"translation_priority","extraData":[]},"publishpress_future_workflow_manual_trigger":{"enabledWorkflows":[]},"_links":{"self":[{"href":"https:\/\/cifst.ca\/fr\/wp-json\/wp\/v2\/pages\/1800","targetHints":{"allow":["GET"]}}],"collection":[{"href":"https:\/\/cifst.ca\/fr\/wp-json\/wp\/v2\/pages"}],"about":[{"href":"https:\/\/cifst.ca\/fr\/wp-json\/wp\/v2\/types\/page"}],"author":[{"embeddable":true,"href":"https:\/\/cifst.ca\/fr\/wp-json\/wp\/v2\/users\/5"}],"replies":[{"embeddable":true,"href":"https:\/\/cifst.ca\/fr\/wp-json\/wp\/v2\/comments?post=1800"}],"version-history":[{"count":2,"href":"https:\/\/cifst.ca\/fr\/wp-json\/wp\/v2\/pages\/1800\/revisions"}],"predecessor-version":[{"id":9714,"href":"https:\/\/cifst.ca\/fr\/wp-json\/wp\/v2\/pages\/1800\/revisions\/9714"}],"wp:attachment":[{"href":"https:\/\/cifst.ca\/fr\/wp-json\/wp\/v2\/media?parent=1800"}],"curies":[{"name":"wp","href":"https:\/\/api.w.org\/{rel}","templated":true}]}}