{"id":1805,"date":"2019-01-02T11:02:07","date_gmt":"2019-01-02T16:02:07","guid":{"rendered":"https:\/\/www.cifst.ca\/?page_id=1805"},"modified":"2024-01-09T14:46:19","modified_gmt":"2024-01-09T19:46:19","slug":"politique-de-confidentialite","status":"publish","type":"page","link":"https:\/\/cifst.ca\/fr\/politique-de-confidentialite\/","title":{"rendered":"POLITIQUE DE CONFIDENTIALIT\u00c9"},"content":{"rendered":"<p>[et_pb_section fb_built=&#8221;1&#8243; _builder_version=&#8221;4.16&#8243; global_colors_info=&#8221;{}&#8221;][et_pb_row _builder_version=&#8221;4.16&#8243; background_size=&#8221;initial&#8221; background_position=&#8221;top_left&#8221; background_repeat=&#8221;repeat&#8221; global_colors_info=&#8221;{}&#8221;][et_pb_column type=&#8221;4_4&#8243; _builder_version=&#8221;4.16&#8243; custom_padding=&#8221;|||&#8221; global_colors_info=&#8221;{}&#8221; custom_padding__hover=&#8221;|||&#8221;][et_pb_text _builder_version=&#8221;4.16&#8243; global_colors_info=&#8221;{}&#8221;]<\/p>\n<h1>POLITIQUE DE CONFIDENTIALIT\u00c9<\/h1>\n<p>[\/et_pb_text][\/et_pb_column][\/et_pb_row][et_pb_row _builder_version=&#8221;4.16&#8243; background_size=&#8221;initial&#8221; background_position=&#8221;top_left&#8221; background_repeat=&#8221;repeat&#8221; global_colors_info=&#8221;{}&#8221;][et_pb_column type=&#8221;4_4&#8243; _builder_version=&#8221;4.16&#8243; custom_padding=&#8221;|||&#8221; global_colors_info=&#8221;{}&#8221; custom_padding__hover=&#8221;|||&#8221;][et_pb_text _builder_version=&#8221;4.21.0&#8243; global_colors_info=&#8221;{}&#8221;]<\/p>\n<p>L\u2019Institut canadien de science et technologie alimentaires reconna\u00eet l\u2019importance de prot\u00e9ger la confidentialit\u00e9 de l\u2019information personnelle. Lors d\u2019une visite sur notre site web, votre confidentialit\u00e9 est respect\u00e9e.<\/p>\n<p>Nous n\u2019accumulons pas d\u2019information personnelle sur vous \u00e0 moins que vous d\u00e9cidiez de nous envoyer un courriel, ou que vous vous inscriviez \u00e0 un \u00e9v\u00e9nement national ou un webinaire de l\u2019ICSTA, \u00e0 quel moment vous nous fournirez volontairement votre nom ainsi que vos coordonn\u00e9es. Votre adresse de courriel ne sera jamais vendue ou lou\u00e9e \u00e0 un tiers.<\/p>\n<p>L\u2019information personnelle d\u2019un usager re\u00e7ue par courriel ou lors d\u2019une inscription en ligne est communiqu\u00e9e seulement aux repr\u00e9sentants de l\u2019ICSTA qui ont besoin de l\u2019information afin de r\u00e9pondre aux requ\u00eates ou pour confirmer une inscription. Nous prot\u00e9geons toutes les informations personnelles en notre possession \u00e0 l\u2019aide de solides m\u00e9canismes de s\u00e9curit\u00e9, incluant des contr\u00f4les d\u2019acc\u00e8s s\u00e9v\u00e8res.<\/p>\n<p>Nous pourrions utiliser votre information de courriel afin de vous identifier en cas de litige, ou lorsque demand\u00e9 par la loi.<\/p>\n<p>Comme l\u2019inscription \u00e0 un \u00e9v\u00e9nement de l\u2019ICSTA pr\u00e9suppose un int\u00e9r\u00eat pour d\u2019autres \u00e9v\u00e9nements subs\u00e9quents, nous pourrions utiliser votre adresse de courriel pour vous informer \u00e9lectroniquement d\u2019\u00e9v\u00e9nements \u00e0 venir qui seraient susceptibles de vous int\u00e9resser. Soyez rassur\u00e9s, l\u2019ICSTA se conforme tout \u00e0 fait avec la loi Canadienne anti-pourriel (LCAP), et \u00e0 tout moment, les r\u00e9cipiendaires de ces courriels ont l\u2019option de se d\u00e9sabonner d\u2019avis subs\u00e9quents et nous respecterons imm\u00e9diatement votre choix.<\/p>\n<p>Notre site web est h\u00e9berg\u00e9 sur des serveurs dont le titre et la gestion appartiennent \u00e0 un tiers. La loi applicable prot\u00e8ge toute information personnelle recueillie en notre nom.<\/p>\n<p>Le site web de l\u2019ICSTA pourrait utiliser des cookies qui vous identifient comme visiteur ayant d\u00e9j\u00e0 visit\u00e9 notre site. Ces t\u00e9moins sont de petits fichiers de donn\u00e9es transmis \u00e0 votre fureteur et stock\u00e9s sur le disque dur de votre ordinateur lorsque vous visitez certains sites web. Ceci permet \u00e0 une compagnie de suivre votre visite sur le site. Les cookies ne contiennent aucune information permettant d\u2019identifier le visiteur. Les fureteurs tels que Internet Explorer, Google Chrome ou Safari vous permettent de d\u00e9sactiver la collecte de t\u00e9moins si vous le d\u00e9sirez, ou ils vous informent lorsqu\u2019un t\u00e9moin est stock\u00e9 sur votre disque dur.<\/p>\n<p>D\u2019autres sites pour lesquels nous pourrions fournir un lien pourraient \u00eatre r\u00e9gis par des politiques diff\u00e9rentes. L\u2019ICSTA n\u2019assume aucune responsabilit\u00e9 pour les politiques d\u2019information de ces autres sites web.<\/p>\n<p>Si vous avez des questions ou des pr\u00e9occupations au sujet de la politique de confidentialit\u00e9 de l\u2019ICSTA, veuillez contacter le bureau national \u00e0 <a href=\"mailto:cifst@cifst.ca\">cifst@cifst.ca<\/a>.<\/p>\n<p>[\/et_pb_text][\/et_pb_column][\/et_pb_row][\/et_pb_section]<\/p>\n","protected":false},"excerpt":{"rendered":"<p>POLITIQUE DE CONFIDENTIALIT\u00c9 L\u2019Institut canadien de science et technologie alimentaires reconna\u00eet l\u2019importance de prot\u00e9ger la confidentialit\u00e9 de l\u2019information personnelle. Lors d\u2019une visite sur notre site web, votre confidentialit\u00e9 est respect\u00e9e. Nous n\u2019accumulons pas d\u2019information personnelle sur vous \u00e0 moins que vous d\u00e9cidiez de nous envoyer un courriel, ou que vous vous inscriviez \u00e0 un \u00e9v\u00e9nement [&hellip;]<\/p>\n","protected":false},"author":5,"featured_media":0,"parent":0,"menu_order":0,"comment_status":"closed","ping_status":"closed","template":"","meta":{"_acf_changed":false,"_et_pb_use_builder":"on","_et_pb_old_content":"","_et_gb_content_width":"","inline_featured_image":false,"footnotes":""},"class_list":["post-1805","page","type-page","status-publish","hentry"],"acf":[],"publishpress_future_action":{"enabled":false,"date":"2026-05-13 06:27:13","action":"change-status","newStatus":"draft","terms":[],"taxonomy":"translation_priority","extraData":[]},"publishpress_future_workflow_manual_trigger":{"enabledWorkflows":[]},"_links":{"self":[{"href":"https:\/\/cifst.ca\/fr\/wp-json\/wp\/v2\/pages\/1805","targetHints":{"allow":["GET"]}}],"collection":[{"href":"https:\/\/cifst.ca\/fr\/wp-json\/wp\/v2\/pages"}],"about":[{"href":"https:\/\/cifst.ca\/fr\/wp-json\/wp\/v2\/types\/page"}],"author":[{"embeddable":true,"href":"https:\/\/cifst.ca\/fr\/wp-json\/wp\/v2\/users\/5"}],"replies":[{"embeddable":true,"href":"https:\/\/cifst.ca\/fr\/wp-json\/wp\/v2\/comments?post=1805"}],"version-history":[{"count":3,"href":"https:\/\/cifst.ca\/fr\/wp-json\/wp\/v2\/pages\/1805\/revisions"}],"predecessor-version":[{"id":9716,"href":"https:\/\/cifst.ca\/fr\/wp-json\/wp\/v2\/pages\/1805\/revisions\/9716"}],"wp:attachment":[{"href":"https:\/\/cifst.ca\/fr\/wp-json\/wp\/v2\/media?parent=1805"}],"curies":[{"name":"wp","href":"https:\/\/api.w.org\/{rel}","templated":true}]}}