{"id":1838,"date":"2019-01-03T08:51:56","date_gmt":"2019-01-03T13:51:56","guid":{"rendered":"https:\/\/www.cifst.ca\/?page_id=1838"},"modified":"2019-02-22T13:54:04","modified_gmt":"2019-02-22T18:54:04","slug":"qui-nous-sommes","status":"publish","type":"page","link":"https:\/\/cifst.ca\/fr\/a-propos-de-nous\/qui-nous-sommes\/","title":{"rendered":"Qui nous sommes"},"content":{"rendered":"<p>[et_pb_section bb_built=&#8221;1&#8243; _builder_version=&#8221;3.0.86&#8243;][et_pb_row][et_pb_column type=&#8221;4_4&#8243;][et_pb_text _builder_version=&#8221;3.0.86&#8243; background_layout=&#8221;light&#8221;]<\/p>\n<h2>QUI NOUS SOMMES<\/h2>\n<p>[\/et_pb_text][et_pb_text _builder_version=&#8221;3.0.86&#8243; background_layout=&#8221;light&#8221;]<\/p>\n<p>Fond\u00e9e en 1951, l\u2019ICSTA est l\u2019association nationale pour les professionnels du secteur des aliments et des boissons. L\u2019ICSTA regroupe approximativement 1,000 individus incluant des scientifiques et technologues de l\u2019industrie, du gouvernement et du milieu acad\u00e9mique qui sont engag\u00e9s \u00e0 faire progresser la science et la technologie alimentaires. Le but de l\u2019ICSTA est de pr\u00f4ner et promouvoir la qualit\u00e9, la s\u00e9curit\u00e9 et la salubrit\u00e9 de l\u2019approvisionnement alimentaire par le biais de l\u2019application de la science et de la technologie en reliant les professionnels en science alimentaire de l\u2019industrie, du gouvernement et du milieu acad\u00e9mique.<\/p>\n<p>&nbsp;<\/p>\n<p><strong>Objectifs de l\u2019ICSTA<\/strong><\/p>\n<ul>\n<li>Fournir un r\u00e9seau professionnel favorisant l\u2019\u00e9change d\u2019id\u00e9es scientifiques, \u00e9ducatives et d\u2019affaires, d\u2019information et de connaissance.<\/li>\n<li>\u00catre une voix respect\u00e9e sur les enjeux scientifiques et politiques pour le secteur des aliments et des boissons.<\/li>\n<li>Promouvoir le d\u00e9veloppement professionnel et la carri\u00e8re des membres de l\u2019ICSTA.<\/li>\n<li>Accro\u00eetre la connaissance des opportunit\u00e9s et des carri\u00e8res dans le secteur des aliments et des boissons.<\/li>\n<\/ul>\n<p>[\/et_pb_text][\/et_pb_column][\/et_pb_row][\/et_pb_section]<\/p>\n","protected":false},"excerpt":{"rendered":"<p><div class=\"et_pb_row et_pb_row_0 et_pb_row_empty\">\n\t\t\t\t\n\t\t\t\t\n\t\t\t\t\n\t\t\t\t\n\t\t\t\t\n\t\t\t<\/div> QUI NOUS SOMMES Fond\u00e9e en 1951, l\u2019ICSTA est l\u2019association nationale pour les professionnels du secteur des aliments et des boissons. L\u2019ICSTA regroupe approximativement 1,000 individus incluant des scientifiques et technologues de l\u2019industrie, du gouvernement et du milieu acad\u00e9mique qui sont engag\u00e9s \u00e0 faire progresser la science et la technologie alimentaires. Le but de l\u2019ICSTA [&hellip;]<\/p>\n","protected":false},"author":5,"featured_media":0,"parent":1832,"menu_order":0,"comment_status":"closed","ping_status":"closed","template":"","meta":{"_acf_changed":false,"_et_pb_use_builder":"on","_et_pb_old_content":"","_et_gb_content_width":"","inline_featured_image":false,"footnotes":""},"class_list":["post-1838","page","type-page","status-publish","hentry"],"acf":[],"publishpress_future_action":{"enabled":false,"date":"2026-05-09 03:20:48","action":"change-status","newStatus":"draft","terms":[],"taxonomy":"translation_priority","extraData":[]},"publishpress_future_workflow_manual_trigger":{"enabledWorkflows":[]},"_links":{"self":[{"href":"https:\/\/cifst.ca\/fr\/wp-json\/wp\/v2\/pages\/1838","targetHints":{"allow":["GET"]}}],"collection":[{"href":"https:\/\/cifst.ca\/fr\/wp-json\/wp\/v2\/pages"}],"about":[{"href":"https:\/\/cifst.ca\/fr\/wp-json\/wp\/v2\/types\/page"}],"author":[{"embeddable":true,"href":"https:\/\/cifst.ca\/fr\/wp-json\/wp\/v2\/users\/5"}],"replies":[{"embeddable":true,"href":"https:\/\/cifst.ca\/fr\/wp-json\/wp\/v2\/comments?post=1838"}],"version-history":[{"count":3,"href":"https:\/\/cifst.ca\/fr\/wp-json\/wp\/v2\/pages\/1838\/revisions"}],"predecessor-version":[{"id":2148,"href":"https:\/\/cifst.ca\/fr\/wp-json\/wp\/v2\/pages\/1838\/revisions\/2148"}],"up":[{"embeddable":true,"href":"https:\/\/cifst.ca\/fr\/wp-json\/wp\/v2\/pages\/1832"}],"wp:attachment":[{"href":"https:\/\/cifst.ca\/fr\/wp-json\/wp\/v2\/media?parent=1838"}],"curies":[{"name":"wp","href":"https:\/\/api.w.org\/{rel}","templated":true}]}}