{"id":1844,"date":"2019-01-03T09:03:07","date_gmt":"2019-01-03T14:03:07","guid":{"rendered":"https:\/\/www.cifst.ca\/?page_id=1844"},"modified":"2019-02-22T13:59:01","modified_gmt":"2019-02-22T18:59:01","slug":"historique-de-licsta","status":"publish","type":"page","link":"https:\/\/cifst.ca\/fr\/historique-de-licsta\/","title":{"rendered":"Historique de l\u2019ICSTA"},"content":{"rendered":"<p>[et_pb_section bb_built=&#8221;1&#8243;][et_pb_row][et_pb_column type=&#8221;4_4&#8243;][et_pb_text _builder_version=&#8221;3.0.86&#8243; background_layout=&#8221;light&#8221;]<\/p>\n<h2>UN BREF HISTORIQUE DE L\u2019ICSTA<\/h2>\n<p>[\/et_pb_text][\/et_pb_column][\/et_pb_row][et_pb_row][et_pb_column type=&#8221;2_3&#8243;][et_pb_text _builder_version=&#8221;3.0.86&#8243; background_layout=&#8221;light&#8221;]<\/p>\n<p>L\u2019Institut est n\u00e9 de la recommandation du comit\u00e9 du Conseil national de recherche du Canada sur la conservation des aliments, mis sur pied durant la deuxi\u00e8me guerre mondiale. Ce comit\u00e9 a reconnu la technologie alimentaire comme \u00e9tant une science et a vu le besoin de former des gens dans le secteur de la manutention et de la transformation des aliments au Canada. Cette recommandation a men\u00e9 \u00e0 la mise en place de programmes de science alimentaire dans les universit\u00e9s et indirectement \u00e0 l\u2019\u00e9tablissement de la science alimentaire comme une profession au Canada.<\/p>\n<p>Au cours des ann\u00e9es 1946-47, des efforts ont \u00e9t\u00e9 mis de l\u2019avant dans la r\u00e9gion de Montr\u00e9al afin de d\u00e9velopper une soci\u00e9t\u00e9 de technologie alimentaire. En 1947, la premi\u00e8re association de technologie alimentaire a \u00e9t\u00e9 form\u00e9e en Colombie-Britannique. En 1948, Bill Eva a \u00e9tabli une association ind\u00e9pendante de technologues alimentaires \u00e0 Montr\u00e9al. En 1949, l\u2019association de technologie alimentaire du Manitoba a \u00e9t\u00e9 form\u00e9e \u00e0 Winnipeg. Ces trois associations se sont regroup\u00e9es lors de l\u2019assembl\u00e9e annuelle de l\u2019Institut d\u2019agriculture du Canada \u00e0 Winnipeg le 19 juin 1951 avec l\u2019objectif de former une association nationale. C\u2019est ainsi que l\u2019Institut canadien de technologues alimentaires a \u00e9t\u00e9 form\u00e9, par les groupes de Montr\u00e9al et du Manitoba. Le groupe de C.-B. s\u2019est retir\u00e9 \u00e0 la derni\u00e8re minute. En 1952, une section de Toronto s\u2019est jointe \u00e0 l\u2019Institut, ce qui s\u2019est av\u00e9r\u00e9 \u00eatre la derni\u00e8re section \u00e0 se joindre pour les huit ann\u00e9es subs\u00e9quentes. \u00c0 la fin de l\u2019ann\u00e9e 1952, l\u2019Institut comptait 236 membres. Les frais d\u2019adh\u00e9sion \u00e9taient 1,50$ !<\/p>\n<p>D\u00e8s ses d\u00e9buts l\u2019Institut a cherch\u00e9 \u00e0 maintenir une relation \u00e9troite avec l\u2019Institute of Food Technologists, l\u2019Institut d\u2019agriculture du Canada ainsi que l\u2019Institut de chimie du Canada. Il est int\u00e9ressant de noter que, dans les premi\u00e8res ann\u00e9es, la section de Montr\u00e9al tenait des r\u00e9unions p\u00e9riodiques \u00e0 la Ferme exp\u00e9rimentale \u00e0 Ottawa. Les efforts dynamiques de la section de Montr\u00e9al furent remarqu\u00e9s par le IFT. Il f\u00fbt alors propos\u00e9 de tenir la conf\u00e9rence annuelle de l\u2019IFT de 1957 \u00e0 Montr\u00e9al. Malheureusement, le nombre limit\u00e9 d\u2019h\u00f4tels pouvant accueillir un si grand nombre de conf\u00e9renciers a emp\u00each\u00e9 la tenue de l\u2019\u00e9v\u00e8nement.<\/p>\n<p>La premi\u00e8re conf\u00e9rence nationale de l\u2019Institut canadien de technologues alimentaires a eu lieu \u00e0 Montr\u00e9al en juin 1958. Les r\u00e8glements de l\u2019Institut furent finalement ent\u00e9rin\u00e9s \u00e0 cette r\u00e9union, apr\u00e8s sept ans de pr\u00e9paration. Ces r\u00e8glements sont rest\u00e9s en vigueur essentiellement jusqu\u2019en 1998, lorsqu\u2019ils furent r\u00e9\u00e9crits en m\u00eame temps que la r\u00e9organisation de l\u2019Institut. Avec les nouveaux r\u00e8glements compl\u00e9t\u00e9s, l\u2019Institut a finalement pu \u00eatre incorpor\u00e9, et les lettres patentes furent \u00e9mises \u00e0 l\u2019ICSTA le 20 janvier 1959.<\/p>\n<p>En 1958, l\u2019Universit\u00e9 McGill et l\u2019Institut de technologie de Montr\u00e9al ont offert 12 conf\u00e9rences sur la science alimentaire. Ce nombre a doubl\u00e9 l\u2019ann\u00e9e suivante avec l\u2019ajout de 24 conf\u00e9rences et 20 p\u00e9riodes de laboratoire. \u00c0 ce moment-l\u00e0, la section de Montr\u00e9al \u00e9tait tr\u00e8s active dans la communaut\u00e9 fournissant des conf\u00e9renciers aux groupes sociaux et aux groupes de consommateurs.<\/p>\n<p>En 1960, l\u2019Institut a commenc\u00e9 \u00e0 publier un bulletin d\u2019information. Le bulletin a \u00e9t\u00e9 remplac\u00e9 par la premi\u00e8re \u00e9dition du Journal de l\u2019ICSTA en 1968. Le bulletin a \u00e9t\u00e9 incorpor\u00e9 dans le Journal, qui \u00e9tait publi\u00e9 quatre fois par ann\u00e9e. Le Journal fut d\u00e9terminant pour l\u2019ICSTA et a sans aucun doute contribu\u00e9 \u00e0 la croissance rapide du nombre de membres au cours des ann\u00e9es \u201870 et \u201980. Malheureusement la gestion de ses finances laissait \u00e0 d\u00e9sirer et la gestion du Journal a \u00e9t\u00e9 confi\u00e9e en sous-traitance \u00e0 Elsevier Science en 1991, et l\u2019Institut est retourn\u00e9 \u00e0 un bulletin. Le nouveau Journal Food Research International n\u2019a jamais \u00e9t\u00e9 populaire aupr\u00e8s des membres, et le Journal fut finalement vendu \u00e0 Elsevier en 1999. Reconnaissant le besoin d\u2019une meilleure communication aux membres, l\u2019ICSTA a lanc\u00e9 son premier site web en 1998.<\/p>\n<p>[\/et_pb_text][\/et_pb_column][et_pb_column type=&#8221;1_3&#8243;][et_pb_text _builder_version=&#8221;3.0.86&#8243; background_layout=&#8221;light&#8221;]<\/p>\n<p>L\u2019lnstitut Canadien de Science et Technologie Alimentaires \/ Canadian Institute of Food Science &amp; Technology a port\u00e9 quatre noms diff\u00e9rents au cours des ann\u00e9es:<\/p>\n<p><strong>1951<\/strong>\u00a0&#8211; Canadian Institute of Food Technologists<br \/>\n<strong>1952<\/strong>\u00a0&#8211; Canadian Association of Food Technologists<br \/>\n<strong>1956<\/strong>\u00a0&#8211; Canadian Institute of Food Technology<br \/>\n<strong>1973<\/strong>\u00a0&#8211; Canadian Institute of Food Science and Technology \/ Institut Canadien de Science et Technologie Alimentaires<\/p>\n<p>[\/et_pb_text][\/et_pb_column][\/et_pb_row][\/et_pb_section]<\/p>\n","protected":false},"excerpt":{"rendered":"<p><div class=\"et_pb_row et_pb_row_0 et_pb_row_empty\">\n\t\t\t\t\n\t\t\t\t\n\t\t\t\t\n\t\t\t\t\n\t\t\t\t\n\t\t\t<\/div> UN BREF HISTORIQUE DE L\u2019ICSTA <div class=\"et_pb_row et_pb_row_1 et_pb_row_empty\">\n\t\t\t\t\n\t\t\t\t\n\t\t\t\t\n\t\t\t\t\n\t\t\t\t\n\t\t\t<\/div> L\u2019Institut est n\u00e9 de la recommandation du comit\u00e9 du Conseil national de recherche du Canada sur la conservation des aliments, mis sur pied durant la deuxi\u00e8me guerre mondiale. Ce comit\u00e9 a reconnu la technologie alimentaire comme \u00e9tant une science et a vu le besoin de former des gens [&hellip;]<\/p>\n","protected":false},"author":5,"featured_media":0,"parent":0,"menu_order":0,"comment_status":"closed","ping_status":"closed","template":"","meta":{"_acf_changed":false,"_et_pb_use_builder":"on","_et_pb_old_content":"","_et_gb_content_width":"","inline_featured_image":false,"footnotes":""},"class_list":["post-1844","page","type-page","status-publish","hentry"],"acf":[],"publishpress_future_action":{"enabled":false,"date":"2026-05-07 19:35:22","action":"change-status","newStatus":"draft","terms":[],"taxonomy":"translation_priority","extraData":[]},"publishpress_future_workflow_manual_trigger":{"enabledWorkflows":[]},"_links":{"self":[{"href":"https:\/\/cifst.ca\/fr\/wp-json\/wp\/v2\/pages\/1844","targetHints":{"allow":["GET"]}}],"collection":[{"href":"https:\/\/cifst.ca\/fr\/wp-json\/wp\/v2\/pages"}],"about":[{"href":"https:\/\/cifst.ca\/fr\/wp-json\/wp\/v2\/types\/page"}],"author":[{"embeddable":true,"href":"https:\/\/cifst.ca\/fr\/wp-json\/wp\/v2\/users\/5"}],"replies":[{"embeddable":true,"href":"https:\/\/cifst.ca\/fr\/wp-json\/wp\/v2\/comments?post=1844"}],"version-history":[{"count":3,"href":"https:\/\/cifst.ca\/fr\/wp-json\/wp\/v2\/pages\/1844\/revisions"}],"predecessor-version":[{"id":2150,"href":"https:\/\/cifst.ca\/fr\/wp-json\/wp\/v2\/pages\/1844\/revisions\/2150"}],"wp:attachment":[{"href":"https:\/\/cifst.ca\/fr\/wp-json\/wp\/v2\/media?parent=1844"}],"curies":[{"name":"wp","href":"https:\/\/api.w.org\/{rel}","templated":true}]}}