{"id":1867,"date":"2017-12-15T11:02:13","date_gmt":"2017-12-15T16:02:13","guid":{"rendered":"https:\/\/www.cifst.ca\/?page_id=1867"},"modified":"2024-04-19T12:12:52","modified_gmt":"2024-04-19T16:12:52","slug":"quebec","status":"publish","type":"page","link":"https:\/\/cifst.ca\/fr\/a-propos-de-nous\/sections\/quebec\/","title":{"rendered":"SECTION DU QU\u00c9BEC"},"content":{"rendered":"<p>[et_pb_section fb_built=&#8221;1&#8243; admin_label=&#8221;Section&#8221; _builder_version=&#8221;4.16&#8243; collapsed=&#8221;off&#8221; global_colors_info=&#8221;{}&#8221;][et_pb_row column_structure=&#8221;3_5,2_5&#8243; _builder_version=&#8221;4.23.1&#8243; _module_preset=&#8221;default&#8221; global_colors_info=&#8221;{}&#8221;][et_pb_column type=&#8221;3_5&#8243; _builder_version=&#8221;4.23.1&#8243; _module_preset=&#8221;default&#8221; global_colors_info=&#8221;{}&#8221;][et_pb_text _builder_version=&#8221;4.23.1&#8243; global_colors_info=&#8221;{}&#8221;]<\/p>\n<p>&nbsp;<\/p>\n<h1>Section du Qu\u00e9bec<\/h1>\n<p>CONTACT<\/p>\n<p><strong>Nicole Rodrigue &#8211; Adjointe administrative\u00a0<\/strong><br \/>E : <a href=\"mailto:icsta.quebec@gmail.com\">icsta.quebec@gmail.com<\/a><\/p>\n<p><strong>Website:<\/strong> <a href=\"https:\/\/www.icstaquebec.com\/\">www.icstaquebec.com\/<\/a><\/p>\n<p>&nbsp;<\/p>\n<p>[\/et_pb_text][et_pb_code _builder_version=&#8221;4.23.1&#8243; global_colors_info=&#8221;{}&#8221;]<\/p>\n<style><!-- [et_pb_line_break_holder] -->#section_accordion .et_pb_module {<!-- [et_pb_line_break_holder] --> margin-top: 5px !important;<!-- [et_pb_line_break_holder] --> margin-bottom: 5px !important;<!-- [et_pb_line_break_holder] --> padding-bottom: 5px !important;<!-- [et_pb_line_break_holder] --> padding-top: 5px !important;<!-- [et_pb_line_break_holder] --> border- top: 1px solid #333;<!-- [et_pb_line_break_holder] -->}<!-- [et_pb_line_break_holder] --><!-- [et_pb_line_break_holder] -->#section_accordion .et_pb_toggle_open {<!-- [et_pb_line_break_holder] --> background-color: #fff !important;<!-- [et_pb_line_break_holder] -->}<!-- [et_pb_line_break_holder] -->  <!-- [et_pb_line_break_holder] -->.section_events .section_title {<!-- [et_pb_line_break_holder] -->  color: #d13535 !important;<!-- [et_pb_line_break_holder] -->  font-family: 'Merriweather',Georgia,\"Times New Roman\",serif<!-- [et_pb_line_break_holder] -->}<!-- [et_pb_line_break_holder] -->  <!-- [et_pb_line_break_holder] -->.event .title a {<!-- [et_pb_line_break_holder] -->  color: #d13535 !important;<!-- [et_pb_line_break_holder] -->}<!-- [et_pb_line_break_holder] -->  <!-- [et_pb_line_break_holder] --><\/style>\n<p><!-- [et_pb_line_break_holder] -->\n\t\t<div class=\"section_events\">\n\t\t<div class=\"section_title\">\n\t\tEvents\n\t\t<\/div><script type=\"text\/javascript\">jQuery(document).ready(function() {\n\t\t\t\t\t\t\tif(jQuery(\"#event-archive\").length) {\n\t\t\t\t\t\t\t\tjQuery(\"#event-archive\").append(\"<ul><li><a href='https:\/\/cifst.ca\/fr\/wp-json\/wp\/v2\/pages\/1867\/?ey=2026&em=05'>May 2026<\/a><\/li><li><a href='https:\/\/cifst.ca\/fr\/wp-json\/wp\/v2\/pages\/1867\/?ey=2026&em=06'>June 2026<\/a><\/li><\/ul>\").show();\n\t\t\t\t\t\t\t}\n\t\t\t\t\t\t})<\/script>\n\t\t\t<div class=\"event\">\n\t\t\t\t<div class=\"title\">\n\t\t\t\t<a href=\"https:\/\/cifst.wildapricot.org\/event-6215673\" target=\"_blank\">CIFST Quebec Section: Salon des Fournisseurs 2026  - Inscription des exposants   \/ Suppliers\u2019 night 2026 \u2013 Exhibitors registration<\/a>\n\t\t\t\t<\/div>\n\t\t\t\t<div class=\"event_date\">May 14, 2026 - 01:30 pm to 06:00 pm\n\t\t\t\t<\/div>\n\t\t\t\t\n\t\t\t\t<div class=\"event_location\">\n\t\t\t\tCentre Expo Terrebonne, 2475, boul. des Entreprises, Terrebonne, J6X 4J9 QC\n\t\t\t\t<\/div>\n\t\t\t<\/div>\n\t\t\t<div class=\"event\">\n\t\t\t\t<div class=\"title\">\n\t\t\t\t<a href=\"https:\/\/cifst.wildapricot.org\/event-6215670\" target=\"_blank\">CIFST Quebec Section: Salon des Fournisseurs 2026 - Inscription des visiteurs   \/ Suppliers\u2019 night 2026 \u2013 Visitors registration<\/a>\n\t\t\t\t<\/div>\n\t\t\t\t<div class=\"event_date\">May 14, 2026 - 01:30 pm to 06:00 pm\n\t\t\t\t<\/div>\n\t\t\t\t\n\t\t\t\t<div class=\"event_location\">\n\t\t\t\tCentre Expo Terrebonne, 2475 boul. Des Entreprises, Terrebonne, QC (J6X 4J9)\n\t\t\t\t<\/div>\n\t\t\t<\/div>\n\t\t\t<div class=\"event\">\n\t\t\t\t<div class=\"title\">\n\t\t\t\t<a href=\"https:\/\/cifst.wildapricot.org\/event-6386426\" target=\"_blank\">2026 Canadian Food Summit - CIFST National Conference<\/a>\n\t\t\t\t<\/div>\n\t\t\t\t<div class=\"event_date\">June 10, 2026 - 12:00 am to June 12, 2026 - 12:00 am\n\t\t\t\t<\/div>\n\t\t\t\t\n\t\t\t\t<div class=\"event_location\">\n\t\t\t\tHilton Mississauga \/ Meadowvale\n\t\t\t\t<\/div>\n\t\t\t<\/div><div class=\"section_footer\">\n\t\t<div class=\"previous\"><\/div>\n\t\t<div class=\"next\"><\/div>\n\t\t<div style=\"clear:both;\"><\/div>\n\t\t<\/div>\n    <\/div><!-- [et_pb_line_break_holder] --><!-- [et_pb_line_break_holder] -->[\/et_pb_code][et_pb_text _builder_version=&#8221;4.21.0&#8243; _module_preset=&#8221;default&#8221; global_colors_info=&#8221;{}&#8221;]<\/p>\n<p id=\"tw-target-text\" class=\"tw-data-text tw-text-large tw-ta\" dir=\"ltr\" data-placeholder=\"Translation\" data-ved=\"2ahUKEwix4qed0NCBAxWLk4kEHUTLBroQ3ewLegQIBhAQ\"><span class=\"Y2IQFc\" lang=\"en\">Save the date: Supplier Show 2024: May 2, 2024<\/span><\/p>\n<p>[\/et_pb_text][\/et_pb_column][et_pb_column type=&#8221;2_5&#8243; _builder_version=&#8221;4.23.1&#8243; _module_preset=&#8221;default&#8221; global_colors_info=&#8221;{}&#8221;][et_pb_text module_id=&#8221;section_accordian_title&#8221; _builder_version=&#8221;4.23.1&#8243; global_colors_info=&#8221;{}&#8221;]<\/p>\n<h2><strong><span class=\"HwtZe\" lang=\"fr\"><span class=\"jCAhz ChMk0b C1N51c\"><span class=\"ryNqvb\">Conseil de gestion de section<\/span><\/span><\/span><\/strong><\/h2>\n<hr \/>\n<p>[\/et_pb_text][et_pb_accordion open_toggle_background_color=&#8221;#ffffff&#8221; closed_toggle_background_color=&#8221;rgba(255,255,255,0)&#8221; admin_label=&#8221;Accordion&#8221; module_id=&#8221;board_of_directors&#8221; module_class=&#8221;board_of_directors&#8221; _builder_version=&#8221;4.24.2&#8243; custom_margin=&#8221;0px|0px|0px|0px&#8221; custom_padding=&#8221;0px|0px|0px|0px&#8221; hover_enabled=&#8221;0&#8243; global_colors_info=&#8221;{}&#8221; sticky_enabled=&#8221;0&#8243;][et_pb_accordion_item title=&#8221;Isabelle Dupont &#8211; Pr\u00e9sidente \u2013 \u00c9v\u00e8nements Salon des fournisseurs&#8221; open=&#8221;on&#8221; _builder_version=&#8221;4.24.2&#8243; global_colors_info=&#8221;{}&#8221;]<\/p>\n<blockquote>\n<p><strong>Organisation:<\/strong> Skjodt-Barrett<\/p>\n<p><strong>Position:<\/strong>\u00a0Gestionnaire, d\u00e9veloppement des affaires<\/p>\n<\/blockquote>\n<p>[\/et_pb_accordion_item][et_pb_accordion_item title=&#8221;Carole Marchand &#8211; Tr\u00e9sori\u00e8re&#8221; _builder_version=&#8221;4.24.2&#8243; global_colors_info=&#8221;{}&#8221; open=&#8221;off&#8221;]<\/p>\n<blockquote>\n<p><strong>Organisation:<\/strong> Bunge<\/p>\n<p><strong>Position:\u00a0<\/strong>Gestionnaire R\u00e9gionale de Comptes<\/p>\n<\/blockquote>\n<p>[\/et_pb_accordion_item][et_pb_accordion_item title=&#8221;Kayleigh Bossy &#8211; Comit\u00e9 Fondations&#8221; _builder_version=&#8221;4.24.2&#8243; global_colors_info=&#8221;{}&#8221; open=&#8221;off&#8221;]<\/p>\n<blockquote>\n<p><strong>Organisation:<\/strong> IMCD Canada<\/p>\n<p><strong>Position<\/strong>: Directrice de comptes technique<\/p>\n<p style=\"text-align: left;\"><\/blockquote>\n<p>[\/et_pb_accordion_item][et_pb_accordion_item title=&#8221;Myriam Bouchard &#8211; Comit\u00e9 communications&#8221; _builder_version=&#8221;4.24.2&#8243; _module_preset=&#8221;default&#8221; global_colors_info=&#8221;{}&#8221; open=&#8221;off&#8221;]<\/p>\n<blockquote>\n<p><strong>Organisation\u00a0<\/strong>: Quadra Ingredients<\/p>\n<p><strong>Position<\/strong>\u00a0: Directrice de comptes<\/p>\n<\/blockquote>\n<p>[\/et_pb_accordion_item][et_pb_accordion_item title=&#8221;Micha\u00ebl Capilla  &#8211; \u00c9v\u00e8nements &#8211; Tournoi de golf&#8221; _builder_version=&#8221;4.24.2&#8243; global_colors_info=&#8221;{}&#8221; open=&#8221;off&#8221;]<\/p>\n<blockquote>\n<p><strong>Organisation: <\/strong>Ecolab<\/p>\n<p><strong>Position: <\/strong>D\u00e9veloppement des affaires<\/p>\n<\/blockquote>\n<p>[\/et_pb_accordion_item][et_pb_accordion_item title=&#8221;Sophie C\u00f4t\u00e9 &#8211; Communications &#8211; Site web&#8221; _builder_version=&#8221;4.24.2&#8243; _module_preset=&#8221;default&#8221; global_colors_info=&#8221;{}&#8221; open=&#8221;off&#8221;]<\/p>\n<p><strong>Organisation<\/strong>: Innova Market Insights, \u00a0<\/p>\n<p><strong>Position<\/strong>: Gestionnaire de la r\u00e9ussite des clients<\/p>\n<p>[\/et_pb_accordion_item][et_pb_accordion_item title=&#8221;Nathalie Gagnon &#8211; \u00c9v\u00e8nements Soir\u00e9es Vins &#038; Fromages&#8221; _builder_version=&#8221;4.24.2&#8243; global_colors_info=&#8221;{}&#8221; open=&#8221;off&#8221;]<\/p>\n<blockquote>\n<p><strong>Organisation:<\/strong> BSA Wiberg<\/p>\n<p><strong>Position<\/strong>: Rep technique et commercial<\/p>\n<p style=\"text-align: left;\"><\/blockquote>\n<p>[\/et_pb_accordion_item][et_pb_accordion_item title=&#8221;Fran\u00e7ois Girard  &#8211; Comit\u00e9 Acad\u00e9mique&#8221; _builder_version=&#8221;4.24.2&#8243; global_colors_info=&#8221;{}&#8221; open=&#8221;off&#8221;]<\/p>\n<blockquote>\n<p><strong>Organisation: <\/strong>Qualtech<\/p>\n<p><strong>Position:\u00a0<\/strong>Coordonnateur d\u2019optimisation des proc\u00e9d\u00e9s<\/p>\n<\/blockquote>\n<p>[\/et_pb_accordion_item][et_pb_accordion_item title=&#8221;Emily Legault &#8211; Rep. Universit\u00e9 McGill, comit\u00e9 acad\u00e9mique&#8221; _builder_version=&#8221;4.24.2&#8243; global_colors_info=&#8221;{}&#8221; open=&#8221;off&#8221;]<\/p>\n<blockquote>\n<p><strong>Organisation:<\/strong> Universit\u00e9 McGill<\/p>\n<p><strong>Position<\/strong>: Student<\/p>\n<\/blockquote>\n<p>[\/et_pb_accordion_item][et_pb_accordion_item title=&#8221;Zovik Ladian &#8211; Marketing &#8211; Outils promotionnels&#8221; _builder_version=&#8221;4.24.2&#8243; global_colors_info=&#8221;{}&#8221; open=&#8221;off&#8221;]<\/p>\n<blockquote>\n<p><strong>Organisation:<\/strong> Univar Solutions<\/p>\n<p><strong>Position<\/strong>: Area Sales Manager<\/p>\n<\/blockquote>\n<p>[\/et_pb_accordion_item][et_pb_accordion_item title=&#8221;Dany Mercier-Bouchard : \u00c9v\u00e8nements \u2013 Soir\u00e9es Vins &#038; Fromages&#8221; _builder_version=&#8221;4.24.2&#8243; _module_preset=&#8221;default&#8221; global_colors_info=&#8221;{}&#8221; open=&#8221;off&#8221;]<\/p>\n<blockquote>\n<p><strong>Organisation<\/strong>\u00a0: Aliments Morehouse<\/p>\n<p><strong>Position<\/strong>\u00a0: Directeur R&amp;D<\/p>\n<\/blockquote>\n<p>[\/et_pb_accordion_item][et_pb_accordion_item title=&#8221;Isabelle Parent &#8211; \u00c9v\u00e8nements &#8211; Tournoi de golf&#8221; _builder_version=&#8221;4.24.2&#8243; global_colors_info=&#8221;{}&#8221; open=&#8221;off&#8221;]<\/p>\n<blockquote>\n<p><strong>Organisation:<\/strong> Royer Groupe Laitier<\/p>\n<p><strong>Position:<\/strong> Gestionnaire de comptes majeurs<\/p>\n<\/blockquote>\n<p>[\/et_pb_accordion_item][et_pb_accordion_item title=&#8221;Julie Prud&#8217;homme &#8211; \u00c9v\u00e8nements &#8211; Salon des fournisseurs&#8221; _builder_version=&#8221;4.23.1&#8243; global_colors_info=&#8221;{}&#8221; open=&#8221;off&#8221;]<\/p>\n<blockquote>\n<p><strong>Organization: <\/strong>Saputo Produits Laitiers<\/p>\n<p><strong>Position: <\/strong>Chef de comptes majeurs<\/p>\n<\/blockquote>\n<p>[\/et_pb_accordion_item][et_pb_accordion_item title=&#8221;Joliane Quenneville &#8211; Communications &#8211; ICSTA en famille&#8221; _builder_version=&#8221;4.24.2&#8243; _module_preset=&#8221;default&#8221; global_colors_info=&#8221;{}&#8221; open=&#8221;off&#8221;]<\/p>\n<p><strong>Organisation: <\/strong>Quadra Ingr\u00e9dients<\/p>\n<p><strong>Position: <\/strong>Directrice de comptes<\/p>\n<p>[\/et_pb_accordion_item][et_pb_accordion_item title=&#8221;Val\u00e9rie Savard &#8211; Ev\u00e8nements &#8211; Tournoi de golf &#8221; _builder_version=&#8221;4.24.2&#8243; hover_enabled=&#8221;0&#8243; global_colors_info=&#8221;{}&#8221; open=&#8221;off&#8221; sticky_enabled=&#8221;0&#8243;]<\/p>\n<blockquote>\n<p><strong>Organisation: <\/strong>Quadra Ingr\u00e9dients<\/p>\n<p><strong>Position: <\/strong>Directrice de comptes principale<\/p>\n<\/blockquote>\n<p>[\/et_pb_accordion_item][\/et_pb_accordion][\/et_pb_column][\/et_pb_row][\/et_pb_section]<\/p>\n","protected":false},"excerpt":{"rendered":"<p>&nbsp; Section du Qu\u00e9bec CONTACT Nicole Rodrigue &#8211; Adjointe administrative\u00a0E : icsta.quebec@gmail.com Website: www.icstaquebec.com\/ &nbsp;\n\t\t<div class=\"section_events\">\n\t\t<div class=\"section_title\">\n\t\tEvents\n\t\t<\/div><script type=\"text\/javascript\">jQuery(document).ready(function() {\n\t\t\t\t\t\t\tif(jQuery(\"#event-archive\").length) {\n\t\t\t\t\t\t\t\tjQuery(\"#event-archive\").append(\"<ul><li><a href='https:\/\/cifst.ca\/fr\/wp-json\/wp\/v2\/pages\/1867\/?ey=2026&em=05'>May 2026<\/a><\/li><li><a href='https:\/\/cifst.ca\/fr\/wp-json\/wp\/v2\/pages\/1867\/?ey=2026&em=06'>June 2026<\/a><\/li><\/ul>\").show();\n\t\t\t\t\t\t\t}\n\t\t\t\t\t\t})<\/script>\n\t\t\t<div class=\"event\">\n\t\t\t\t<div class=\"title\">\n\t\t\t\t<a href=\"https:\/\/cifst.wildapricot.org\/event-6215673\" target=\"_blank\">CIFST Quebec Section: Salon des Fournisseurs 2026  - Inscription des exposants   \/ Suppliers\u2019 night 2026 \u2013 Exhibitors registration<\/a>\n\t\t\t\t<\/div>\n\t\t\t\t<div class=\"event_date\">May 14, 2026 - 01:30 pm to 06:00 pm\n\t\t\t\t<\/div>\n\t\t\t\t\n\t\t\t\t<div class=\"event_location\">\n\t\t\t\tCentre Expo Terrebonne, 2475, boul. des Entreprises, Terrebonne, J6X 4J9 QC\n\t\t\t\t<\/div>\n\t\t\t<\/div>\n\t\t\t<div class=\"event\">\n\t\t\t\t<div class=\"title\">\n\t\t\t\t<a href=\"https:\/\/cifst.wildapricot.org\/event-6215670\" target=\"_blank\">CIFST Quebec Section: Salon des Fournisseurs 2026 - Inscription des visiteurs   \/ Suppliers\u2019 night 2026 \u2013 Visitors registration<\/a>\n\t\t\t\t<\/div>\n\t\t\t\t<div class=\"event_date\">May 14, 2026 - 01:30 pm to 06:00 pm\n\t\t\t\t<\/div>\n\t\t\t\t\n\t\t\t\t<div class=\"event_location\">\n\t\t\t\tCentre Expo Terrebonne, 2475 boul. Des Entreprises, Terrebonne, QC (J6X 4J9)\n\t\t\t\t<\/div>\n\t\t\t<\/div>\n\t\t\t<div class=\"event\">\n\t\t\t\t<div class=\"title\">\n\t\t\t\t<a href=\"https:\/\/cifst.wildapricot.org\/event-6386426\" target=\"_blank\">2026 Canadian Food Summit - CIFST National Conference<\/a>\n\t\t\t\t<\/div>\n\t\t\t\t<div class=\"event_date\">June 10, 2026 - 12:00 am to June 12, 2026 - 12:00 am\n\t\t\t\t<\/div>\n\t\t\t\t\n\t\t\t\t<div class=\"event_location\">\n\t\t\t\tHilton Mississauga \/ Meadowvale\n\t\t\t\t<\/div>\n\t\t\t<\/div><div class=\"section_footer\">\n\t\t<div class=\"previous\"><\/div>\n\t\t<div class=\"next\"><\/div>\n\t\t<div style=\"clear:both;\"><\/div>\n\t\t<\/div>\n    <\/div>Save the date: Supplier Show 2024: May 2, 2024Conseil de gestion de section Organisation: Skjodt-Barrett Position:\u00a0Gestionnaire, d\u00e9veloppement des affaires Organisation: Bunge Position:\u00a0Gestionnaire R\u00e9gionale de Comptes Organisation: IMCD Canada Position: Directrice de comptes technique Organisation\u00a0: Quadra Ingredients Position\u00a0: Directrice de [&hellip;]<\/p>\n","protected":false},"author":8,"featured_media":0,"parent":1850,"menu_order":0,"comment_status":"closed","ping_status":"closed","template":"","meta":{"_acf_changed":false,"_et_pb_use_builder":"on","_et_pb_old_content":"","_et_gb_content_width":"","inline_featured_image":false,"footnotes":""},"class_list":["post-1867","page","type-page","status-publish","hentry"],"acf":[],"publishpress_future_action":{"enabled":false,"date":"2026-05-12 07:45:08","action":"change-status","newStatus":"draft","terms":[],"taxonomy":"translation_priority","extraData":[]},"publishpress_future_workflow_manual_trigger":{"enabledWorkflows":[]},"_links":{"self":[{"href":"https:\/\/cifst.ca\/fr\/wp-json\/wp\/v2\/pages\/1867","targetHints":{"allow":["GET"]}}],"collection":[{"href":"https:\/\/cifst.ca\/fr\/wp-json\/wp\/v2\/pages"}],"about":[{"href":"https:\/\/cifst.ca\/fr\/wp-json\/wp\/v2\/types\/page"}],"author":[{"embeddable":true,"href":"https:\/\/cifst.ca\/fr\/wp-json\/wp\/v2\/users\/8"}],"replies":[{"embeddable":true,"href":"https:\/\/cifst.ca\/fr\/wp-json\/wp\/v2\/comments?post=1867"}],"version-history":[{"count":17,"href":"https:\/\/cifst.ca\/fr\/wp-json\/wp\/v2\/pages\/1867\/revisions"}],"predecessor-version":[{"id":10883,"href":"https:\/\/cifst.ca\/fr\/wp-json\/wp\/v2\/pages\/1867\/revisions\/10883"}],"up":[{"embeddable":true,"href":"https:\/\/cifst.ca\/fr\/wp-json\/wp\/v2\/pages\/1850"}],"wp:attachment":[{"href":"https:\/\/cifst.ca\/fr\/wp-json\/wp\/v2\/media?parent=1867"}],"curies":[{"name":"wp","href":"https:\/\/api.w.org\/{rel}","templated":true}]}}