{"id":1888,"date":"2019-01-03T12:30:16","date_gmt":"2019-01-03T17:30:16","guid":{"rendered":"https:\/\/www.cifst.ca\/?page_id=1888"},"modified":"2024-04-25T13:38:00","modified_gmt":"2024-04-25T17:38:00","slug":"benefices","status":"publish","type":"page","link":"https:\/\/cifst.ca\/fr\/benefices\/","title":{"rendered":"B\u00e9n\u00e9fices"},"content":{"rendered":"<p>[et_pb_section fb_built=&#8221;1&#8243; _builder_version=&#8221;4.16&#8243; global_colors_info=&#8221;{}&#8221;][et_pb_row _builder_version=&#8221;4.16&#8243; background_size=&#8221;initial&#8221; background_position=&#8221;top_left&#8221; background_repeat=&#8221;repeat&#8221; global_colors_info=&#8221;{}&#8221;][et_pb_column type=&#8221;4_4&#8243; _builder_version=&#8221;4.16&#8243; custom_padding=&#8221;|||&#8221; global_colors_info=&#8221;{}&#8221; custom_padding__hover=&#8221;|||&#8221;][et_pb_text _builder_version=&#8221;4.21.0&#8243; global_colors_info=&#8221;{}&#8221;]<\/p>\n<h1>AVANTAGES DES MEMBRES<\/h1>\n<p>[\/et_pb_text][et_pb_text _builder_version=&#8221;4.25.0&#8243; hover_enabled=&#8221;0&#8243; global_colors_info=&#8221;{}&#8221; sticky_enabled=&#8221;0&#8243;]<strong>L\u2019Institut canadien de science et technologie alimentaires (ICSTA)<\/strong>\u00a0repr\u00e9sente un r\u00e9seau de professionnels en science alimentaire du gouvernement, du milieu universitaire et de l\u2019industrie dans le secteur de l\u2019alimentation et des boissons d\u2019un bout \u00e0 l\u2019autre du Canada avec des sections actives en Colombie-Britannique, au Manitoba, en Ontario et au Qu\u00e9bec.<\/p>\n<p>Voici quelques-uns des avantages d\u2019\u00eatre membre de l\u2019ICSTA :<\/p>\n<ul>\n<li>Tarifs r\u00e9duits pour les membres pour tous nos \u00e9v\u00e8nements nationaux et locaux<\/li>\n<li>Inscription GRATUITE pour nos webinaires <a href=\"https:\/\/cifst.ca\/fr\/webinaires\/\">Bouch\u00e9es de connaissance<\/a>\u00a0et acc\u00e8s privil\u00e9gi\u00e9 aux enregistrements des webinaires post-\u00e9v\u00e8nement<\/li>\n<li>Num\u00e9ros trimestriels num\u00e9riques GRATUITS et bulletin d&#8217;information du <a href=\"https:\/\/cifst.ca\/canadian-food-business-magazine\/\">Canadian Food Business Magazine<\/a>\u00a0dans votre bo\u00eete de r\u00e9ception. Les membres b\u00e9n\u00e9ficient \u00e9galement de tarifs publicitaires r\u00e9duits.<\/li>\n<li>Bulletin \u00e9lectronique hebdomadaire GRATUIT <a target=\"_blank\" href=\"https:\/\/multibriefs.com\/briefs\/CIFST\/\" rel=\"noopener\">Directions<\/a>, mettant en lumi\u00e8re l&#8217;actualit\u00e9 du secteur<\/li>\n<li><a href=\"https:\/\/cifst.ca\/fr\/bulletins-tour-de-table-precedents\/\">Tour de table<\/a><u>,<\/u>\u00a0le bulletin \u00e9lectronique de l\u2019ICSTA r\u00e9serv\u00e9 aux membres, qui met en lumi\u00e8re les activit\u00e9s de l&#8217;Institut.<\/li>\n<li>Affichage GRATUIT d\u2019offres d\u2019emploi sur notre page d\u2019emploi: \u00a0<a target=\"_blank\" href=\"https:\/\/cifst.mcjobboard.net\/jobs\" rel=\"noopener\">https:\/\/cifst.mcjobboard.net\/jobs<\/a><\/li>\n<li>Acc\u00e8s \u00e0 notre r\u00e9pertoire de membres\u00a0: \u00a0<a target=\"_blank\" href=\"https:\/\/cifst.wildapricot.org\/Membership-Directory\" rel=\"noopener\">https:\/\/cifst.wildapricot.org\/Membership-Directory<\/a><\/li>\n<li><a href=\"https:\/\/cifst.ca\/fr\/appel-aux-benevoles\/\">Opportunit\u00e9s de b\u00e9n\u00e9volat<\/a>\u00a0dans nos comit\u00e9s nationaux et locaux<\/li>\n<li>200 $ de r\u00e9duction sur les frais de candidature au titre de <a href=\"https:\/\/cifst.ca\/fr\/organismes-externs\/scientifique-alimentaire-certifie\/\">Certified Food Scientist<\/a>\u00a0(la m\u00eame r\u00e9duction que celle dont b\u00e9n\u00e9ficient les membres de l&#8217;IFT)<\/li>\n<\/ul>\n<p>Au sortir de la pand\u00e9mie, les sections nationales et locales de l\u2019ICSTA ont propos\u00e9 une s\u00e9rie d&#8217;\u00e9v\u00e9nements virtuels et en personne, des s\u00e9minaires et des visites de sites. Voir tous les \u00e9v\u00e9nements que nous avons offerts \u00e0 nos membres en 2021, 2022 et que nous continuerons \u00e0 offrir en 2023 :<\/p>\n<ul>\n<li>Campagne d\u2019anniversaire pour les 70 ans de l\u2019ICSTA:\u00a0<a href=\"https:\/\/cifst.ca\/cifst-70th-anniversary\/\">https:\/\/cifst.ca\/cifst-70th-anniversary\/<\/a><\/li>\n<li>La section de l\u2019Ontario de l\u2019ICSTA pr\u00e9sente\u00a0: Macro Trends: Impacts for 2022:\u00a0<a target=\"_blank\" href=\"https:\/\/cifst.wildapricot.org\/event-4612427\" rel=\"noopener\">https:\/\/cifst.wildapricot.org\/event-4612427<\/a><\/li>\n<li>ICSTA Section Manitoba pr\u00e9sente \u2013 Soir\u00e9e carri\u00e8re pour les \u00e9tudiants 2022:\u00a0<a target=\"_blank\" href=\"https:\/\/cifst.wildapricot.org\/event-4689368\" rel=\"noopener\">https:\/\/cifst.wildapricot.org\/event-4689368<\/a><\/li>\n<li>L\u2019ICSTA Colombie-Britannique \/ BCFT \u2013 S\u00e9minaires du salon des fournisseurs :\u00a0<a target=\"_blank\" href=\"https:\/\/cifst.wildapricot.org\/event-4722022\" rel=\"noopener\">https:\/\/cifst.wildapricot.org\/event-4722022<\/a><\/li>\n<li>ICSTA Section Manitoba pr\u00e9sente: Technical Seminar on Food Product Development:\u00a0<a target=\"_blank\" href=\"https:\/\/cifst.wildapricot.org\/event-4721982\" rel=\"noopener\">https:\/\/cifst.wildapricot.org\/event-4721982<\/a><\/li>\n<li>ICSTA Section Qu\u00e9bec &#8211; Salon des Fournisseurs 12 mai 2022 :\u00a0<a target=\"_blank\" href=\"https:\/\/cifst.wildapricot.org\/event-4575501\" rel=\"noopener\">https:\/\/cifst.wildapricot.org\/event-4575501<\/a><\/li>\n<li>BCFT Speaker\u2019s Night Event with Dr. Anubhav Pratap-Singh:\u00a0<a target=\"_blank\" href=\"https:\/\/cifst.wildapricot.org\/event-4842991\" rel=\"noopener\">https:\/\/cifst.wildapricot.org\/event-4842991<\/a><\/li>\n<li>BCFT \u2013 Tournoi de golf annuel et banquet :\u00a0<a target=\"_blank\" href=\"https:\/\/cifst.wildapricot.org\/event-4836631\" rel=\"noopener\">https:\/\/cifst.wildapricot.org\/event-4836631<\/a><\/li>\n<li>ICSTA Section Qu\u00e9bec &#8211; Tournoi de Golf:\u00a0<a target=\"_blank\" href=\"https:\/\/cifst.wildapricot.org\/event-4857209\" rel=\"noopener\">https:\/\/cifst.wildapricot.org\/event-4857209<\/a><\/li>\n<li>ICSTA Section Ontario &#8211; 47e tournoi de golf annuel :\u00a0<a target=\"_blank\" href=\"https:\/\/cifst.wildapricot.org\/event-4814096\" rel=\"noopener\">https:\/\/cifst.wildapricot.org\/event-4814096<\/a><\/li>\n<li>CIFST Student Fall Virtual Meet &amp; Greet:\u00a0<a target=\"_blank\" href=\"https:\/\/cifst.wildapricot.org\/event-4960529\" rel=\"noopener\">https:\/\/cifst.wildapricot.org\/event-4960529<\/a><\/li>\n<li>ICSTA Section Manitoba Mixer 2022:\u00a0<a target=\"_blank\" href=\"https:\/\/cifst.wildapricot.org\/event-4980550\" rel=\"noopener\">https:\/\/cifst.wildapricot.org\/event-4980550<\/a><\/li>\n<li>ICSTA Section Ontario: Procurement Seminar: \u00a0<a target=\"_blank\" href=\"https:\/\/cifst.wildapricot.org\/event-4895221\" rel=\"noopener\">https:\/\/cifst.wildapricot.org\/event-4895221<\/a><\/li>\n<li>ICSTA Section Ontario : S\u00e9minaire marketing :\u00a0<a target=\"_blank\" href=\"https:\/\/cifst.wildapricot.org\/event-4895214\" rel=\"noopener\">https:\/\/cifst.wildapricot.org\/event-4895214<\/a><\/li>\n<li>ICSTA Section Ontario &#8211; 32e Salon des fournisseurs annuel &#8211; exposition\u00a0:\u00a0<a target=\"_blank\" href=\"https:\/\/cifst.wildapricot.org\/event-4987894\" rel=\"noopener\">https:\/\/cifst.wildapricot.org\/event-4987894<\/a><\/li>\n<li>ICSTA Section Qu\u00e9bec &#8211; Soir\u00e9e vins &amp; fromages\u00a0:<\/li>\n<li>\u00a0\u00a0<a target=\"_blank\" href=\"https:\/\/cifst.wildapricot.org\/event-5004797\" rel=\"noopener\">https:\/\/cifst.wildapricot.org\/event-5004797<\/a><\/li>\n<li>ICSTA Section Manitoba \u2013 s\u00e9minaire technique 2022 \u2013 Food Safety:\u00a0<a target=\"_blank\" href=\"https:\/\/cifst.wildapricot.org\/event-5043776\" rel=\"noopener\">https:\/\/cifst.wildapricot.org\/event-5043776<\/a><\/li>\n<li>ICSTA Section Manitoba \u2013 Visite d\u2019usine 2022 \u2013 Little Brown Jug:\u00a0<a target=\"_blank\" href=\"https:\/\/cifst.wildapricot.org\/event-5021844\" rel=\"noopener\">https:\/\/cifst.wildapricot.org\/event-5021844<\/a><\/li>\n<li>ICSTA Section Manitoba B\u00e9n\u00e9volat des F\u00eates 2022:\u00a0<a target=\"_blank\" href=\"https:\/\/cifst.wildapricot.org\/event-5067438\" rel=\"noopener\">https:\/\/cifst.wildapricot.org\/event-5067438<\/a><\/li>\n<li>ICSTA Section Alberta 2023 \u2013 Soir\u00e9e pour les \u00e9tudiants :\u00a0<a target=\"_blank\" href=\"https:\/\/cifst.wildapricot.org\/event-5084782\" rel=\"noopener\">https:\/\/cifst.wildapricot.org\/event-5084782<\/a><\/li>\n<li>2023 BCFT- Speaker\u2019s Night Event:\u00a0<a target=\"_blank\" href=\"https:\/\/cifst.wildapricot.org\/event-5117335\" rel=\"noopener\">https:\/\/cifst.wildapricot.org\/event-5117335<\/a><\/li>\n<li>ICSTA Section Manitoba \u2013 Soir\u00e9e carri\u00e8re pour les \u00e9tudiants 2023:\u00a0<a target=\"_blank\" href=\"https:\/\/cifst.wildapricot.org\/event-5154429\" rel=\"noopener\">https:\/\/cifst.wildapricot.org\/event-5154429<\/a><\/li>\n<li>2023 BCFT \u2013 Salon des fournisseurs :\u00a0<a target=\"_blank\" href=\"https:\/\/cifst.wildapricot.org\/event-5051373\" rel=\"noopener\">https:\/\/cifst.wildapricot.org\/event-5051373<\/a><\/li>\n<li>D\u00e9fi innovation \u00c9rable :\u00a0<a href=\"https:\/\/cifst.ca\/the-maple-innovation-challenge\/\">https:\/\/cifst.ca\/the-maple-innovation-challenge\/<\/a><\/li>\n<li>CIFST ALT 2021:\u00a0<a href=\"https:\/\/cifst.ca\/cifst-alt-2021\/\">https:\/\/cifst.ca\/cifst-alt-2021\/<\/a><\/li>\n<li>CIFST ALT 2022:\u00a0<a href=\"https:\/\/cifst.ca\/cifst-alt-2022\/\">https:\/\/cifst.ca\/cifst-alt-2022\/<\/a><\/li>\n<li>ICSTA Section Manitoba pr\u00e9sente: S\u00e9minaire technique 2023 \u2013 Trends, Challenges in Oilseed Products, and Value-added Applications of By-products:\u00a0<a target=\"_blank\" href=\"https:\/\/cifst.wildapricot.org\/event-5117323\" rel=\"noopener\">https:\/\/cifst.wildapricot.org\/event-5117323<\/a><\/li>\n<li>2023 BCFT \u2013 \u00c9v\u00e8nement de r\u00e9seautage rapide:\u00a0<a target=\"_blank\" href=\"https:\/\/cifst.wildapricot.org\/event-5218757\" rel=\"noopener\">https:\/\/cifst.wildapricot.org\/event-5218757<\/a><\/li>\n<li>ICSTA Section Qu\u00e9bec &#8211; Salon des Fournisseurs 2023 \u2013 Inscription des visiteurs :\u00a0<a target=\"_blank\" href=\"https:\/\/cifst.wildapricot.org\/event-5135467\" rel=\"noopener\">https:\/\/cifst.wildapricot.org\/event-5135467<\/a><\/li>\n<li>ICSTA Section Qu\u00e9bec \u2013 ICSTA en famille \u2013 Une soir\u00e9e au cirque :\u00a0<a target=\"_blank\" href=\"https:\/\/cifst.wildapricot.org\/event-5216250\" rel=\"noopener\">https:\/\/cifst.wildapricot.org\/event-5216250<\/a><\/li>\n<li>The Three Minute Thesis Student Competition:\u00a0<a href=\"https:\/\/cifst.ca\/2023-canadian-food-summit-three-minute-thesis-competition-3mt\/\">https:\/\/cifst.ca\/2023-canadian-food-summit-three-minute-thesis-competition-3mt\/<\/a><\/li>\n<li>Concours d\u2019\u00e9tude de cas pour les \u00e9tudiants Marvin Tung:\u00a0<a href=\"https:\/\/cifst.ca\/fr\/concours-detude-de-cas-pour-les-etudiants-marvin-tung\/\">https:\/\/cifst.ca\/2023-canadian-food-summit-marvin-tung-student-case-competition\/<\/a><\/li>\n<li>Sommet alimentaire canadien 2022:\u00a0<a href=\"https:\/\/cifst.ca\/2022-canadian-food-summit\/\">https:\/\/cifst.ca\/2022-canadian-food-summit\/<\/a><\/li>\n<li>Sommet alimentaire canadien 2023:\u00a0<a href=\"https:\/\/cifst.ca\/2023-canadian-food-summit\/\">https:\/\/cifst.ca\/2023-canadian-food-summit\/<\/a><\/li>\n<li>Prix de l\u2019Institut 2023:\u00a0<a href=\"https:\/\/cifst.ca\/fr\/2023-institute-awards\/\">https:\/\/cifst.ca\/2023-institute-awards\/<\/a><\/li>\n<li>ICSTA Section Ontario : 33e Salon des fournisseurs \u2013 exposants :\u00a0<a target=\"_blank\" href=\"https:\/\/cifst.wildapricot.org\/event-5225577\" rel=\"noopener\">https:\/\/cifst.wildapricot.org\/event-5225577<\/a><\/li>\n<li>ICSTA Section Ontario 48e tournoi de golf annuel :\u00a0<a target=\"_blank\" href=\"https:\/\/cifst.wildapricot.org\/event-5268270\" rel=\"noopener\">https:\/\/cifst.wildapricot.org\/event-5268270<\/a><\/li>\n<li>ICSTA Section Qu\u00e9bec &#8211; Tournoi de golf 2023:\u00a0<a target=\"_blank\" href=\"https:\/\/cifst.wildapricot.org\/event-5326313\" rel=\"noopener\">https:\/\/cifst.wildapricot.org\/event-5326313<\/a><\/li>\n<\/ul>\n<p>Voyez ici la liste compl\u00e8te des \u00e9v\u00e8nements pr\u00e9c\u00e9dents :<\/p>\n<p><a target=\"_blank\" href=\"https:\/\/cifst.wildapricot.org\/events\" rel=\"noopener\">https:\/\/cifst.wildapricot.org\/events<\/a><\/p>\n<p>Pour renouveler votre adh\u00e9sion pour 2023, veuillez vous connecter \u00e0 votre profil ici: \u00a0<a target=\"_blank\" href=\"https:\/\/cifst.wildapricot.org\/Sys\/\" rel=\"noopener\">https:\/\/cifst.wildapricot.org\/Sys\/<\/a>\u00a0\u00e0 l\u2019aide de votre adresse de courriel et votre mot de passe.<\/p>\n<p>si vous devez r\u00e9initialiser votre mot de passe, veuillez utiliser le lien suivant:\u00a0<a target=\"_blank\" href=\"https:\/\/cifst.wildapricot.org\/Sys\/ResetPasswordRequest\" rel=\"noopener\">https:\/\/cifst.wildapricot.org\/Sys\/ResetPasswordRequest<\/a>[\/et_pb_text][\/et_pb_column][\/et_pb_row][\/et_pb_section]<\/p>\n","protected":false},"excerpt":{"rendered":"<p>AVANTAGES DES MEMBRESL\u2019Institut canadien de science et technologie alimentaires (ICSTA)\u00a0repr\u00e9sente un r\u00e9seau de professionnels en science alimentaire du gouvernement, du milieu universitaire et de l\u2019industrie dans le secteur de l\u2019alimentation et des boissons d\u2019un bout \u00e0 l\u2019autre du Canada avec des sections actives en Colombie-Britannique, au Manitoba, en Ontario et au Qu\u00e9bec. Voici quelques-uns des [&hellip;]<\/p>\n","protected":false},"author":5,"featured_media":0,"parent":0,"menu_order":0,"comment_status":"closed","ping_status":"closed","template":"","meta":{"_acf_changed":false,"_et_pb_use_builder":"on","_et_pb_old_content":"","_et_gb_content_width":"","inline_featured_image":false,"footnotes":""},"class_list":["post-1888","page","type-page","status-publish","hentry"],"acf":[],"publishpress_future_action":{"enabled":false,"date":"2026-05-12 03:45:06","action":"change-status","newStatus":"draft","terms":[],"taxonomy":"translation_priority","extraData":[]},"publishpress_future_workflow_manual_trigger":{"enabledWorkflows":[]},"_links":{"self":[{"href":"https:\/\/cifst.ca\/fr\/wp-json\/wp\/v2\/pages\/1888","targetHints":{"allow":["GET"]}}],"collection":[{"href":"https:\/\/cifst.ca\/fr\/wp-json\/wp\/v2\/pages"}],"about":[{"href":"https:\/\/cifst.ca\/fr\/wp-json\/wp\/v2\/types\/page"}],"author":[{"embeddable":true,"href":"https:\/\/cifst.ca\/fr\/wp-json\/wp\/v2\/users\/5"}],"replies":[{"embeddable":true,"href":"https:\/\/cifst.ca\/fr\/wp-json\/wp\/v2\/comments?post=1888"}],"version-history":[{"count":5,"href":"https:\/\/cifst.ca\/fr\/wp-json\/wp\/v2\/pages\/1888\/revisions"}],"predecessor-version":[{"id":10929,"href":"https:\/\/cifst.ca\/fr\/wp-json\/wp\/v2\/pages\/1888\/revisions\/10929"}],"wp:attachment":[{"href":"https:\/\/cifst.ca\/fr\/wp-json\/wp\/v2\/media?parent=1888"}],"curies":[{"name":"wp","href":"https:\/\/api.w.org\/{rel}","templated":true}]}}