{"id":1890,"date":"2019-01-03T12:38:03","date_gmt":"2019-01-03T17:38:03","guid":{"rendered":"https:\/\/www.cifst.ca\/?page_id=1890"},"modified":"2024-04-25T13:44:53","modified_gmt":"2024-04-25T17:44:53","slug":"adherer","status":"publish","type":"page","link":"https:\/\/cifst.ca\/fr\/adherer\/","title":{"rendered":"Adh\u00e9rer"},"content":{"rendered":"<p>[et_pb_section fb_built=&#8221;1&#8243; _builder_version=&#8221;4.16&#8243; global_colors_info=&#8221;{}&#8221;][et_pb_row _builder_version=&#8221;4.16&#8243; background_size=&#8221;initial&#8221; background_position=&#8221;top_left&#8221; background_repeat=&#8221;repeat&#8221; global_colors_info=&#8221;{}&#8221;][et_pb_column type=&#8221;4_4&#8243; _builder_version=&#8221;4.16&#8243; custom_padding=&#8221;|||&#8221; global_colors_info=&#8221;{}&#8221; custom_padding__hover=&#8221;|||&#8221;][et_pb_text _builder_version=&#8221;4.21.0&#8243; global_colors_info=&#8221;{}&#8221;]<\/p>\n<h1>ADH\u00c9REZ<\/h1>\n<p>[\/et_pb_text][et_pb_text _builder_version=&#8221;4.21.0&#8243; global_colors_info=&#8221;{}&#8221;]<\/p>\n<p>Fond\u00e9e en 1951, l\u2019ICSTA est <strong>l&#8217;association nationale des professionnels du secteur des aliments et des boissons alimentaires.<\/strong> Ses quelque 1 000 membres sont des scientifiques et des technologues de l&#8217;industrie, du gouvernement et du monde universitaire qui s&#8217;engagent \u00e0 faire progresser la science et la technologie alimentaires.<\/p>\n<p>[\/et_pb_text][\/et_pb_column][\/et_pb_row][et_pb_row column_structure=&#8221;1_3,2_3&#8243; _builder_version=&#8221;4.16&#8243; background_size=&#8221;initial&#8221; background_position=&#8221;top_left&#8221; background_repeat=&#8221;repeat&#8221; global_colors_info=&#8221;{}&#8221;][et_pb_column type=&#8221;1_3&#8243; _builder_version=&#8221;4.16&#8243; custom_padding=&#8221;|||&#8221; global_colors_info=&#8221;{}&#8221; custom_padding__hover=&#8221;|||&#8221;][et_pb_text _builder_version=&#8221;4.23.1&#8243; global_colors_info=&#8221;{}&#8221;]Veuillez prendre note que l\u2019ann\u00e9e d\u2019adh\u00e9sion de l\u2019ICSTA est du <strong>1<\/strong><strong><sup>er<\/sup><\/strong><strong> Janvier au 31 d\u00e9cembre.<\/strong><strong>\u00a0<\/strong>\u00c0 partir d\u2019avril, les nouvelles adh\u00e9sions sont factur\u00e9es au prorata pour le reste de l\u2019ann\u00e9e.<\/p>\n<p>Les cotisations annuelles sont indiqu\u00e9es dans chacune des cat\u00e9gories et sont en <strong>devise canadienne<\/strong>\u00a0et hors taxes.<\/p>\n<p>Les frais d\u2019adh\u00e9sion de base \u00e0 l\u2019ICSTA comprennent une adh\u00e9sion \u00e0 la <strong>section de l\u2019ICSTA<\/strong> la plus proche OU comme <strong>membre individuel<\/strong>.<\/p>\n<p><strong>TARIFS D\u2019ADH\u00c9SION POUR LES MEMBRES CORPORATIFS !<\/strong><\/p>\n<p>Vous \u00eates \u00e9ligible aux tarifs d\u2019adh\u00e9sion d\u2019entreprise s\u2019il y a trois (3) individus ou plus travaillant pour la m\u00eame entreprise qui adh\u00e8rent ou renouvellent leur adh\u00e9sion \u00e0 l\u2019ICSTA. Pour plus d\u2019information au sujet des tarifs corporatifs, veuillez lire les d\u00e9tails \u00e0 droite.<\/p>\n<p>Pour visionner notre page des membres:[\/et_pb_text][et_pb_button button_url=&#8221;https:\/\/cifst.wildapricot.org\/join-us&#8221; url_new_window=&#8221;on&#8221; button_text=&#8221;Voir la page des membres&#8221; button_alignment=&#8221;center&#8221; _builder_version=&#8221;4.23.1&#8243; _module_preset=&#8221;default&#8221; custom_button=&#8221;on&#8221; button_text_color=&#8221;#FFFFFF&#8221; button_bg_color=&#8221;#D13535&#8243; button_border_width=&#8221;0px&#8221; button_border_radius=&#8221;50px&#8221; button_use_icon=&#8221;off&#8221; global_colors_info=&#8221;{}&#8221; button_bg_color__hover_enabled=&#8221;on|hover&#8221; button_bg_color__hover=&#8221;#d11717&#8243; button_bg_enable_color__hover=&#8221;on&#8221;][\/et_pb_button][\/et_pb_column][et_pb_column type=&#8221;2_3&#8243; _builder_version=&#8221;4.16&#8243; custom_padding=&#8221;|||&#8221; global_colors_info=&#8221;{}&#8221; custom_padding__hover=&#8221;|||&#8221;][et_pb_accordion admin_label=&#8221;CIFST Membership Levels&#8221; module_id=&#8221;board_of_directors&#8221; module_class=&#8221;board_of_directors&#8221; _builder_version=&#8221;4.25.0&#8243; hover_enabled=&#8221;0&#8243; global_colors_info=&#8221;{}&#8221; sticky_enabled=&#8221;0&#8243;][et_pb_accordion_item title=&#8221;PROFESSIONNEL -215,25 $&#8221; open=&#8221;on&#8221; _builder_version=&#8221;4.21.0&#8243; global_colors_info=&#8221;{}&#8221;]<\/p>\n<p><strong>Les personnes travaillant professionnellement dans le secteur alimentaire dans l&#8217;industrie, le gouvernement et les universit\u00e9s.<\/strong><\/p>\n<p>Sp\u00e9cifiquement, le r\u00e8glement de l\u2019ICSTA stipule que :<\/p>\n<p><em>Un membre professionnel est (1) une personne activement engag\u00e9e dans les sciences et technologies alimentaires pendant une p\u00e9riode de deux ans et titulaire d&#8217;un baccalaur\u00e9at ou d&#8217;un dipl\u00f4me \u00e9quivalent dans un domaine scientifique, ou (2) une personne titulaire d&#8217;une ma\u00eetrise ou d&#8217;un doctorat dans un domaine scientifique, ou (3) une personne qui a au moins sept ans d&#8217;exp\u00e9rience dans les sciences et technologies alimentaires et y occupe un poste de responsabilit\u00e9, ou (4) une personne qui n&#8217;est pas activement engag\u00e9e dans les sciences et technologies alimentaires mais qui, de l&#8217;avis du comit\u00e9 ainsi d\u00e9sign\u00e9, est qualifi\u00e9e en raison de son exp\u00e9rience pass\u00e9e et\/ou d&#8217;une formation sp\u00e9cialis\u00e9e.<\/em><\/p>\n<p>[\/et_pb_accordion_item][et_pb_accordion_item title=&#8221;CORPORATIF (voir ci-dessous pour les tarifs)&#8221; _builder_version=&#8221;4.25.0&#8243; hover_enabled=&#8221;0&#8243; global_colors_info=&#8221;{}&#8221; open=&#8221;off&#8221; sticky_enabled=&#8221;0&#8243;]<\/p>\n<p><strong>L&#8217;adh\u00e9sion d&#8217;entreprise <\/strong>consiste en un minimum de deux membres \u00e0 part enti\u00e8re, plus un troisi\u00e8me membre et des membres suivants. Votre entreprise \u00e9conomisera au minimum 40 $ de cotisations chaque fois qu&#8217;un membre suppl\u00e9mentaire s&#8217;ajoutera \u00e0 votre adh\u00e9sion d&#8217;entreprise. La cotisation moyenne par personne diminue au fur et \u00e0 mesure que d&#8217;autres membres de la m\u00eame entreprise rejoignent l\u2019ICSTA.<\/p>\n<p>Tous les membres de l&#8217;adh\u00e9sion d\u2019entreprise b\u00e9n\u00e9ficient de tous les avantages li\u00e9s \u00e0 l&#8217;adh\u00e9sion, tant au niveau local que national. De nouvelles personnes peuvent \u00eatre ajout\u00e9es \u00e0 l&#8217;adh\u00e9sion d&#8217;entreprise \u00e0 tout moment de l&#8217;ann\u00e9e. La date d&#8217;expiration de leur adh\u00e9sion devient celle de l&#8217;adh\u00e9sion de l&#8217;entreprise. Les adh\u00e9sions d&#8217;entreprise peuvent \u00eatre transf\u00e9r\u00e9es si les employ\u00e9s quittent l&#8217;entreprise.<\/p>\n<table width=\"638\">\n<tbody>\n<tr>\n<td colspan=\"5\" width=\"638\"><strong>MATRICE D\u2019ADH\u00c9SION D\u2019ENTREPRISE<\/strong><br \/>(<em>bas\u00e9<\/em><em>e sur un <\/em><em>minimum d<\/em><em>e trois<\/em><em>\u00a0<\/em>membres de la m\u00eame entreprise)<\/td>\n<\/tr>\n<tr>\n<td width=\"170\">\u00a0<\/td>\n<td width=\"138\"><strong>Tarif r\u00e9gulier<\/strong><\/td>\n<td width=\"126\"><strong>Tarif r\u00e9duit<\/strong><\/td>\n<td colspan=\"2\" width=\"204\"><strong>\u00c9conomies<\/strong><\/td>\n<\/tr>\n<tr>\n<td width=\"170\">1<sup>er<\/sup> Membre<\/td>\n<td width=\"138\">\u00a0215,25&nbsp;$<\/td>\n<td width=\"126\">\u00a0215,25&nbsp;$<\/td>\n<td width=\"123\">\u00a0<\/td>\n<td>\u00a0<\/td>\n<\/tr>\n<tr>\n<td width=\"170\">2<sup>e<\/sup> Membre<\/td>\n<td width=\"138\">\u00a0215,25&nbsp;$<\/td>\n<td width=\"126\">\u00a0215,25&nbsp;$<\/td>\n<td width=\"123\">\u00a0<\/td>\n<td>\u00a0<\/td>\n<\/tr>\n<tr>\n<td width=\"170\">3<sup>e<\/sup> Membre<\/td>\n<td width=\"138\">\u00a0215,25&nbsp;$<\/td>\n<td width=\"126\">\u00a0165,00&nbsp;$<\/td>\n<td width=\"123\">\u00a050,25&nbsp;$<\/td>\n<td>23%<\/td>\n<\/tr>\n<tr>\n<td width=\"170\">4<sup>e<\/sup> Membre<\/td>\n<td width=\"138\">\u00a0215,25&nbsp;$<\/td>\n<td width=\"126\">\u00a0155,00&nbsp;$<\/td>\n<td width=\"123\">\u00a060,25&nbsp;$<\/td>\n<td>28%<\/td>\n<\/tr>\n<tr>\n<td width=\"170\">5<sup>e<\/sup> et membre subs\u00e9quent<\/td>\n<td width=\"138\">\u00a0215,25&nbsp;$<\/td>\n<td width=\"126\">\u00a0145,00&nbsp;$<\/td>\n<td width=\"123\">\u00a070,25&nbsp;$<\/td>\n<td>33%<\/td>\n<\/tr>\n<tr>\n<td width=\"170\">\u00a0<\/td>\n<td width=\"138\"><strong>\u00a01&nbsp;076,25&nbsp;$<\/strong><\/td>\n<td width=\"126\"><strong>\u00a0<\/strong><strong>895,50&nbsp;$<\/strong><\/td>\n<td width=\"123\">\u00a0<strong>180,75&nbsp;$<\/strong><\/td>\n<td>17%<\/td>\n<\/tr>\n<\/tbody>\n<\/table>\n<p>&nbsp;<\/p>\n<p>&nbsp;<\/p>\n<p>[\/et_pb_accordion_item][et_pb_accordion_item title=&#8221;ASSOCI\u00c9 \u2013 215,25 $&#8221; _builder_version=&#8221;4.21.0&#8243; global_colors_info=&#8221;{}&#8221; open=&#8221;off&#8221;]<\/p>\n<p><strong>Les personnes li\u00e9es \u00e0 l\u2019industrie alimentaire.<\/strong><\/p>\n<p>Sp\u00e9cifiquement, le r\u00e8glement de l\u2019ICSTA stipule que :<\/p>\n<p><em>Un membre associ\u00e9 est une personne activement int\u00e9ress\u00e9e dans les sciences et technologies alimentaires mais pas consid\u00e9r\u00e9e comme un membre professionnel.<\/em><\/p>\n<p>[\/et_pb_accordion_item][et_pb_accordion_item title=&#8221;ADH\u00c9SION EN BLOC DES \u00c9TUDIANTS DE L&#8217;INSTITUTION (voir ci-dessous pour les tarifs)&#8221; _builder_version=&#8221;4.21.0&#8243; global_colors_info=&#8221;{}&#8221; open=&#8221;off&#8221;]<\/p>\n<p><strong>Les institutions acad\u00e9miques peuvent payer les adh\u00e9sions des \u00e9tudiants en bloc, ce qui leur permet de r\u00e9aliser des \u00e9conomies significatives sur le tarif d\u2019adh\u00e9sion des \u00e9tudiants. Seuls les \u00e9tudiants peuvent b\u00e9n\u00e9ficier du tarif en bloc (i.e. les professeurs ne peuvent pas \u00eatre inclus dans le tarif de groupe). Ceci se traduit g\u00e9n\u00e9ralement p<\/strong><strong>ar 15 $\/\u00e9tudiant compar\u00e9 \u00e0 43 $ pour le tarif \u00e9tudiant normal.<\/strong><\/p>\n<p><strong>Les tarifs en bloc offerts sont comme suit :<\/strong><\/p>\n<ul>\n<li>50 \u00e9tudiants ou moins \u2013 750 $ tarif de groupe<\/li>\n<li>51 \u00e0 100 \u00e9tudiants \u2013 1 500 $ tarif de groupe<\/li>\n<li>101 \u00e0 300 \u00e9tudiants \u2013 3 000 $ tarif de groupe<\/li>\n<\/ul>\n<p>L\u2019universit\u00e9, en tant qu\u2019organisme payeur, doit fournir \u00e0 l\u2019ICSTA une liste compl\u00e8te de tous les \u00e9tudiants inclus dans leur groupe.<\/p>\n<p>Sp\u00e9cifiquement, le r\u00e8glement de l\u2019ICSTA stipule que :<\/p>\n<p><em>Un membre \u00e9tudiant est une personne qui suit avec assiduit\u00e9 des cours orient\u00e9s vers une carri\u00e8re dans le domaine des sciences et technologies alimentaires.<\/em><\/p>\n<p>[\/et_pb_accordion_item][et_pb_accordion_item title=&#8221;\u00c9TUDIANT DIPL\u00d4M\u00c9 (1\u00e8re ann\u00e9e) \u2013 65,00 $&#8221; _builder_version=&#8221;4.21.0&#8243; global_colors_info=&#8221;{}&#8221; open=&#8221;off&#8221;]<\/p>\n<p><strong>\u00c9tudiants dans leur premi\u00e8re ann\u00e9e imm\u00e9diatement suivant leur graduation d\u2019un programme de science et technologie alimentaires d\u2019un \u00e9<\/strong><strong>tablissement d\u2019enseignement reconnu.<\/strong><\/p>\n<p>Doit \u00eatre approuv\u00e9 par le bureau national de l\u2019ICSTA.<\/p>\n<p>[\/et_pb_accordion_item][et_pb_accordion_item title=&#8221;\u00c9TUDIANT DIPL\u00d4M\u00c9 (2e ann\u00e9e) \u2013 108,00 $&#8221; _builder_version=&#8221;4.21.0&#8243; global_colors_info=&#8221;{}&#8221; open=&#8221;off&#8221;]<\/p>\n<p><strong>\u00c9tudiants dans leur deuxi\u00e8me ann\u00e9e imm\u00e9diatement suivant leur graduation d\u2019un programme de science et technologie alimentaires d\u2019un \u00e9<\/strong><strong>tablissement d\u2019enseignement reconnu.<\/strong><\/p>\n<p>Doit \u00eatre approuv\u00e9e par le bureau national de l\u2019ICSTA.<\/p>\n<p>[\/et_pb_accordion_item][et_pb_accordion_item title=&#8221;RETRAIT\u00c9 \u2013 92,00 $&#8221; _builder_version=&#8221;4.21.0&#8243; global_colors_info=&#8221;{}&#8221; open=&#8221;off&#8221;]<\/p>\n<p><strong>Les personnes qui se sont retir\u00e9es de la vie active dans les domaines de la science et de la technologie alimentaires, mais qui souhaitent conserver un lien professionnel avec l&#8217;Institut.<\/strong><\/p>\n<p>Sp\u00e9cifiquement, le r\u00e8glement de l\u2019ICSTA stipule que :<\/p>\n<p><em>Un membre retrait\u00e9 est un membre professionnel qui s&#8217;est retir\u00e9 de la vie professionnelle r\u00e9mun\u00e9ratrice dans le secteur agroalimentaire et qui est membre de l&#8217;Institut depuis au moins dix ans. La certification de la qualit\u00e9 de membre sera v\u00e9rifi\u00e9e par le directeur ex\u00e9cutif.<\/em><\/p>\n<p>[\/et_pb_accordion_item][\/et_pb_accordion][\/et_pb_column][\/et_pb_row][\/et_pb_section]<\/p>\n","protected":false},"excerpt":{"rendered":"<p>ADH\u00c9REZFond\u00e9e en 1951, l\u2019ICSTA est l&#8217;association nationale des professionnels du secteur des aliments et des boissons alimentaires. Ses quelque 1 000 membres sont des scientifiques et des technologues de l&#8217;industrie, du gouvernement et du monde universitaire qui s&#8217;engagent \u00e0 faire progresser la science et la technologie alimentaires.Veuillez prendre note que l\u2019ann\u00e9e d\u2019adh\u00e9sion de l\u2019ICSTA est [&hellip;]<\/p>\n","protected":false},"author":5,"featured_media":0,"parent":0,"menu_order":0,"comment_status":"closed","ping_status":"closed","template":"","meta":{"_acf_changed":false,"_et_pb_use_builder":"on","_et_pb_old_content":"","_et_gb_content_width":"","inline_featured_image":false,"footnotes":""},"class_list":["post-1890","page","type-page","status-publish","hentry"],"acf":[],"publishpress_future_action":{"enabled":false,"date":"2026-05-08 21:15:41","action":"change-status","newStatus":"draft","terms":[],"taxonomy":"translation_priority","extraData":[]},"publishpress_future_workflow_manual_trigger":{"enabledWorkflows":[]},"_links":{"self":[{"href":"https:\/\/cifst.ca\/fr\/wp-json\/wp\/v2\/pages\/1890","targetHints":{"allow":["GET"]}}],"collection":[{"href":"https:\/\/cifst.ca\/fr\/wp-json\/wp\/v2\/pages"}],"about":[{"href":"https:\/\/cifst.ca\/fr\/wp-json\/wp\/v2\/types\/page"}],"author":[{"embeddable":true,"href":"https:\/\/cifst.ca\/fr\/wp-json\/wp\/v2\/users\/5"}],"replies":[{"embeddable":true,"href":"https:\/\/cifst.ca\/fr\/wp-json\/wp\/v2\/comments?post=1890"}],"version-history":[{"count":14,"href":"https:\/\/cifst.ca\/fr\/wp-json\/wp\/v2\/pages\/1890\/revisions"}],"predecessor-version":[{"id":10935,"href":"https:\/\/cifst.ca\/fr\/wp-json\/wp\/v2\/pages\/1890\/revisions\/10935"}],"wp:attachment":[{"href":"https:\/\/cifst.ca\/fr\/wp-json\/wp\/v2\/media?parent=1890"}],"curies":[{"name":"wp","href":"https:\/\/api.w.org\/{rel}","templated":true}]}}