{"id":1922,"date":"2019-01-03T15:20:32","date_gmt":"2019-01-03T20:20:32","guid":{"rendered":"https:\/\/www.cifst.ca\/?page_id=1922"},"modified":"2024-01-09T12:01:49","modified_gmt":"2024-01-09T17:01:49","slug":"carrieres","status":"publish","type":"page","link":"https:\/\/cifst.ca\/fr\/carrieres\/","title":{"rendered":"Int\u00e9ress\u00e9 par l&#8217;industrie?"},"content":{"rendered":"<p>[et_pb_section fb_built=&#8221;1&#8243; _builder_version=&#8221;4.16&#8243; global_colors_info=&#8221;{}&#8221;][et_pb_row _builder_version=&#8221;4.16&#8243; background_size=&#8221;initial&#8221; background_position=&#8221;top_left&#8221; background_repeat=&#8221;repeat&#8221; global_colors_info=&#8221;{}&#8221;][et_pb_column type=&#8221;4_4&#8243; _builder_version=&#8221;4.16&#8243; custom_padding=&#8221;|||&#8221; global_colors_info=&#8221;{}&#8221; custom_padding__hover=&#8221;|||&#8221;][et_pb_text _builder_version=&#8221;4.23.1&#8243; hover_enabled=&#8221;0&#8243; global_colors_info=&#8221;{}&#8221; sticky_enabled=&#8221;0&#8243;]<\/p>\n<p style=\"text-align: center;\"><strong>Ce qu\u2019on peut attendre d\u2019une carri\u00e8re en technologie alimentaire<\/strong><\/p>\n<p><em>Source: Ontario Colleges:\u00a0<\/em><a href=\"https:\/\/www.ontariocolleges.ca\/en\/programs\/health-food-and-medical\/food-technology\" target=\"_blank\" rel=\"noopener\"><em>https:\/\/www.ontariocolleges.ca\/en\/programs\/health-food-and-medical\/food-technology<\/em><\/a><\/p>\n<p>L\u2019\u00e9tude de science et technologie alimentaire ouvre les portes \u00e0 une vaste gamme d\u2019options de carri\u00e8re. Vous pourriez vous retrouver dans une cuisine de recherche \u00e0 d\u00e9velopper les tous nouveaux produits alimentaires dans les rayons du supermarch\u00e9, ou encore dans l\u2019usine \u00e0 vous assurer que la machinerie de transformation alimentaire est bien entretenue et que les normes de s\u00e9curit\u00e9 alimentaire sont respect\u00e9es.<\/p>\n<p>Si vous \u00eates int\u00e9ress\u00e9 \u00e0 transformer votre curiosit\u00e9 scientifique et votre passion pour l\u2019alimentation en une carri\u00e8re de technologue alimentaire, voici ce que vous devez savoir.<\/p>\n<p><strong>Cours en technologie alimentaire<\/strong><\/p>\n<p>En fonction de vos objectifs de carri\u00e8re, plusieurs options s\u2019offrent \u00e0 vous lorsque vient le temps de choisir un programme en technologie alimentaire. Certains programmes coll\u00e9giaux mettent davantage l\u2019accent sur l\u2019innovation et la cr\u00e9ativit\u00e9 culinaires, tandis que d\u2019autres mettent plus l\u2019accent sur la science alimentaire et l\u2019analyse.<\/p>\n<p>Les programmes en science et technologie alimentaires menant \u00e0 un dipl\u00f4me de 2 ou 3 ans comprennent g\u00e9n\u00e9ralement des cours de d\u00e9veloppement de produits alimentaires, de chimie alimentaire, de microbiologie, et de salubrit\u00e9 alimentaire, ainsi que de transformation alimentaire et de techniques d\u2019emballage. Tous ces programmes incluent un volet de laboratoire o\u00f9 vous pouvez mettre en pratique vos aptitudes, et certains offrent m\u00eame des options coop\u00e9ratives.<\/p>\n<p>Vous pouvez \u00e9galement choisir de travailler pour l\u2019obtention d\u2019un certificat de technicien alimentaire d\u2019une dur\u00e9e d\u2019un an pour vous pr\u00e9parer \u00e0 une carri\u00e8re pratique dans l\u2019industrie de transformation des aliments et des boissons.<\/p>\n<p><strong>Exigences g\u00e9n\u00e9rales pour les programmes de technologie alimentaire<\/strong><\/p>\n<p>La plupart des programmes de technologie alimentaire des coll\u00e8ges en Ontario exigent un dipl\u00f4me d\u2019\u00e9tudes secondaires (OSSD), avec des cr\u00e9dits de 12<sup>e<\/sup> ann\u00e9e en math\u00e9matiques et en anglais. Les programmes qui mettent l\u2019accent en science alimentaire, s\u00e9curit\u00e9 alimentaire et en d\u00e9veloppement de produits peuvent \u00e9galement recommander des cours de biologie et de chimie au niveau secondaire.<\/p>\n<p>Pour certains programmes, une formation culinaire pr\u00e9alable pourrait vous qualifier pour un statut avanc\u00e9. V\u00e9rifiez avec le coll\u00e8ge de votre choix pour de plus amples d\u00e9tails.<\/p>\n<p><strong>Emplois en technologie alimentaire<\/strong><\/p>\n<p>La transformation des aliments et des boissons est une des plus grandes industries de transformation en Ontario, employant plus de 110,000 personnes. En plus de travailler dans l\u2019industrie agroalimentaire, les dipl\u00f4m\u00e9s en technologie alimentaire peuvent trouver une carri\u00e8re dans les agences gouvernementales qui supervisent la r\u00e8glementation ainsi que l\u2019inspection des aliments.<\/p>\n<p>Des emplois possibles en science et technologie des aliments comprennent :<\/p>\n<ul>\n<li>Chef en d\u00e9veloppement de produits<\/li>\n<li>Gestionnaire en production alimentaire<\/li>\n<li>R\u00e8glementation\/inspection en industrie alimentaire<\/li>\n<li>Technologue en emballage des aliments<\/li>\n<li>Technicien en transformation alimentaire<\/li>\n<li>Entretien en usine de transformation alimentaire<\/li>\n<\/ul>\n<p><strong>Information sur\u00a0les carri\u00e8res:<\/strong><\/p>\n<p><a href=\"https:\/\/carleton.ca\/foodscience\/food-science-career-series\/\" target=\"_blank\" rel=\"noopener\">Food Science Career Series<\/a><br \/>Universit\u00e9 de Carleton<\/p>\n<p><a href=\"https:\/\/www.ift.org\/career-development\/learn-about-food-science\/careers-in-food-science\" target=\"_blank\" rel=\"noopener\">Careers in the Science of Food<\/a><br \/>The Institute of Food Technologists (IFT)<\/p>\n<p><a href=\"https:\/\/www.ift.org\/career-development\/learn-about-food-science\/why-food-science-matters\" target=\"_blank\" rel=\"noopener\">Why Food Science Matters<\/a><br \/>The Institute of Food Technologists (IFT)<\/p>\n<p><a href=\"https:\/\/careersnow.ca\/\" target=\"_blank\" rel=\"noopener\">CareersNOW!<\/a>\u00a0Un centre de ressources pour l\u2019emploi pour l\u2019industrie manufacturi\u00e8re des aliments et des boissons de l\u2019Ontario<\/p>\n<p><a href=\"https:\/\/foodgrads.com\/\" target=\"_blank\" rel=\"noopener\">Food Grads<\/a>\u00a0\u2013 Une communaut\u00e9 exclusive four l\u2019industrie des aliments et des boissons.<\/p>\n<p>[\/et_pb_text][\/et_pb_column][\/et_pb_row][\/et_pb_section]<\/p>\n","protected":false},"excerpt":{"rendered":"<p>Ce qu\u2019on peut attendre d\u2019une carri\u00e8re en technologie alimentaire Source: Ontario Colleges:\u00a0https:\/\/www.ontariocolleges.ca\/en\/programs\/health-food-and-medical\/food-technology L\u2019\u00e9tude de science et technologie alimentaire ouvre les portes \u00e0 une vaste gamme d\u2019options de carri\u00e8re. Vous pourriez vous retrouver dans une cuisine de recherche \u00e0 d\u00e9velopper les tous nouveaux produits alimentaires dans les rayons du supermarch\u00e9, ou encore dans l\u2019usine \u00e0 vous [&hellip;]<\/p>\n","protected":false},"author":5,"featured_media":0,"parent":0,"menu_order":0,"comment_status":"closed","ping_status":"closed","template":"","meta":{"_acf_changed":false,"_et_pb_use_builder":"on","_et_pb_old_content":"","_et_gb_content_width":"","inline_featured_image":false,"footnotes":""},"class_list":["post-1922","page","type-page","status-publish","hentry"],"acf":[],"publishpress_future_action":{"enabled":false,"date":"2026-05-06 19:18:44","action":"change-status","newStatus":"draft","terms":[],"taxonomy":"translation_priority","extraData":[]},"publishpress_future_workflow_manual_trigger":{"enabledWorkflows":[]},"_links":{"self":[{"href":"https:\/\/cifst.ca\/fr\/wp-json\/wp\/v2\/pages\/1922","targetHints":{"allow":["GET"]}}],"collection":[{"href":"https:\/\/cifst.ca\/fr\/wp-json\/wp\/v2\/pages"}],"about":[{"href":"https:\/\/cifst.ca\/fr\/wp-json\/wp\/v2\/types\/page"}],"author":[{"embeddable":true,"href":"https:\/\/cifst.ca\/fr\/wp-json\/wp\/v2\/users\/5"}],"replies":[{"embeddable":true,"href":"https:\/\/cifst.ca\/fr\/wp-json\/wp\/v2\/comments?post=1922"}],"version-history":[{"count":5,"href":"https:\/\/cifst.ca\/fr\/wp-json\/wp\/v2\/pages\/1922\/revisions"}],"predecessor-version":[{"id":9683,"href":"https:\/\/cifst.ca\/fr\/wp-json\/wp\/v2\/pages\/1922\/revisions\/9683"}],"wp:attachment":[{"href":"https:\/\/cifst.ca\/fr\/wp-json\/wp\/v2\/media?parent=1922"}],"curies":[{"name":"wp","href":"https:\/\/api.w.org\/{rel}","templated":true}]}}