{"id":1924,"date":"2017-12-15T12:30:34","date_gmt":"2017-12-15T17:30:34","guid":{"rendered":"https:\/\/www.cifst.ca\/?page_id=1924"},"modified":"2024-01-09T14:28:53","modified_gmt":"2024-01-09T19:28:53","slug":"education","status":"publish","type":"page","link":"https:\/\/cifst.ca\/fr\/education\/","title":{"rendered":"Education"},"content":{"rendered":"<p>[et_pb_section fb_built=&#8221;1&#8243; _builder_version=&#8221;4.16&#8243; global_colors_info=&#8221;{}&#8221;][et_pb_row _builder_version=&#8221;4.16&#8243; background_size=&#8221;initial&#8221; background_position=&#8221;top_left&#8221; background_repeat=&#8221;repeat&#8221; global_colors_info=&#8221;{}&#8221;][et_pb_column type=&#8221;4_4&#8243; _builder_version=&#8221;4.16&#8243; custom_padding=&#8221;|||&#8221; global_colors_info=&#8221;{}&#8221; custom_padding__hover=&#8221;|||&#8221;][et_pb_text _builder_version=&#8221;4.23.1&#8243; hover_enabled=&#8221;0&#8243; global_colors_info=&#8221;{}&#8221; sticky_enabled=&#8221;0&#8243;]<\/p>\n<h2>\u00c9DUCATION<\/h2>\n<p>[\/et_pb_text][et_pb_text _builder_version=&#8221;4.23.1&#8243; _module_preset=&#8221;default&#8221; hover_enabled=&#8221;0&#8243; global_colors_info=&#8221;{}&#8221; sticky_enabled=&#8221;0&#8243;]<\/p>\n<p>Nous avons dress\u00e9 une liste des coll\u00e8ges et universit\u00e9s canadiennes qui offrent des programmes en science et technologie des aliments et en nutrition. Veuillez cliquer sur le nom de l\u2019institution afin d\u2019en apprendre plus sur leurs programmes d\u2019\u00e9ducation.<\/p>\n<p>[\/et_pb_text][\/et_pb_column][\/et_pb_row][et_pb_row _builder_version=&#8221;4.23.1&#8243; _module_preset=&#8221;default&#8221; global_colors_info=&#8221;{}&#8221;][et_pb_column type=&#8221;4_4&#8243; _builder_version=&#8221;4.23.1&#8243; _module_preset=&#8221;default&#8221; global_colors_info=&#8221;{}&#8221;][et_pb_code admin_label=&#8221;Education Link Grid&#8221; _builder_version=&#8221;4.23.1&#8243; _module_preset=&#8221;default&#8221; global_colors_info=&#8221;{}&#8221;]<!-- [et_pb_line_break_holder] --><!-- [et_pb_line_break_holder] --><\/p>\n<div class=\"cifst_resource_grid\"><!-- [et_pb_line_break_holder] --><!-- [et_pb_line_break_holder] --><!-- [et_pb_line_break_holder] --><\/p>\n<div><!-- [et_pb_line_break_holder] -->\t<a target=\"_blank\" href=\"https:\/\/nutrition.acadiau.ca\/home.html\" rel=\"noopener\">Acadia University Nutrition and Dietetics<\/a><!-- [et_pb_line_break_holder] -->\tWolfville, Nova Scotia<!-- [et_pb_line_break_holder] --><\/div>\n<p><!-- [et_pb_line_break_holder] --><\/p>\n<div><!-- [et_pb_line_break_holder] -->\t<a target=\"_blank\" href=\"https:\/\/www.algonquincollege.com\/hospitalityandtourism\/program\/bachelor-of-culinary-arts-and-food-science\/\" rel=\"noopener\">Algonquin College &#8211; Bachelor of Culinary Arts and Food Science (Honours) (Co-op)<\/a><!-- [et_pb_line_break_holder] -->\tOttawa, Ontario<!-- [et_pb_line_break_holder] --><\/div>\n<p><!-- [et_pb_line_break_holder] --><\/p>\n<div><!-- [et_pb_line_break_holder] -->\t<a target=\"_blank\" href=\"https:\/\/assiniboine.net\/programs\/food-processing\" rel=\"noopener\">Assiniboine Community College Certificate in Food Processing &#8211; Animal Proteins\u00a0<\/a><!-- [et_pb_line_break_holder] -->\tBrandon, Manitoba<!-- [et_pb_line_break_holder] --><\/div>\n<p><!-- [et_pb_line_break_holder] --><\/p>\n<div><!-- [et_pb_line_break_holder] -->\t<a target=\"_blank\" href=\"https:\/\/www.bcit.ca\/programs\/food-technology-diploma-full-time-5135dipma\/\" rel=\"noopener\">BC Institute of Technology Food Technology Food Safety<\/a><a target=\"_blank\" href=\"http:\/\/www.bcit.ca\/study\/programs\/6340acert\" rel=\"noopener\"><!-- [et_pb_line_break_holder] -->\t<\/a>Burnaby, British Columbia<!-- [et_pb_line_break_holder] --><\/div>\n<p><!-- [et_pb_line_break_holder] --><\/p>\n<div><!-- [et_pb_line_break_holder] -->\t<a target=\"_blank\" href=\"https:\/\/www.ubishops.ca\/academic-programs\/faculty-of-arts-and-science\/natural-sciences-and-mathematics\/chemistry-and-brewing-science\/graduate-certificate-in-brewing-science\/\" rel=\"noopener\">Bishop&#8217;s University Certificate in Brewing Science\u00a0<\/a><!-- [et_pb_line_break_holder] -->\tSherbrooke, QC<!-- [et_pb_line_break_holder] --><\/div>\n<p><!-- [et_pb_line_break_holder] --><\/p>\n<div><!-- [et_pb_line_break_holder] -->\t<a target=\"_blank\" href=\"https:\/\/carleton.ca\/chemistry\/fsn\/\" rel=\"noopener\">Carleton University Food Science and Nutrition<\/a><!-- [et_pb_line_break_holder] -->\tOttawa, Ontario<!-- [et_pb_line_break_holder] --><\/div>\n<p><!-- [et_pb_line_break_holder] --><\/p>\n<div><!-- [et_pb_line_break_holder] -->\t<a target=\"_blank\" href=\"https:\/\/www.centennialcollege.ca\/programs-courses\/full-time\/food-science-technology\/\" rel=\"noopener\">Centennial College Food Science Technology<\/a> <a target=\"_blank\" href=\"http:\/\/www.centennialcollege.ca\/Programs\/ProgramOverview.aspx?Program=3631\" rel=\"noopener\"><!-- [et_pb_line_break_holder] -->\t<\/a>Toronto, Ontario<!-- [et_pb_line_break_holder] --><\/div>\n<p><!-- [et_pb_line_break_holder] --><\/p>\n<div><!-- [et_pb_line_break_holder] -->\t<a target=\"_blank\" href=\"https:\/\/www.conestogac.on.ca\/fulltime\/food-safety-and-quality-assurance-food-processing\/admissions?id=24681\" rel=\"noopener\">Conestoga College &#8211; Food Safety and Quality Assurance &#8211; Food Processing<\/a><!-- [et_pb_line_break_holder] -->\tCambridge, Ontario<!-- [et_pb_line_break_holder] --><\/div>\n<p><!-- [et_pb_line_break_holder] --><\/p>\n<div><!-- [et_pb_line_break_holder] -->\t<a target=\"_blank\" href=\"https:\/\/www.conestogac.on.ca\/fulltime\/food-processing-technician\" rel=\"noopener\">Conestoga College &#8211; Food Processing Technician (Optional Co-op)<\/a><!-- [et_pb_line_break_holder] -->\tCambridge, Ontario<!-- [et_pb_line_break_holder] --><\/div>\n<p><!-- [et_pb_line_break_holder] --><\/p>\n<div><!-- [et_pb_line_break_holder] -->\t<a target=\"_blank\" href=\"https:\/\/www.dal.ca\/academics\/graduate_programs\/food-science-and-technology.html\" rel=\"noopener\">Dalhousie University Food Science and Technology<\/a><!-- [et_pb_line_break_holder] -->\tHalifax, Nova Scotia<!-- [et_pb_line_break_holder] --><\/div>\n<p><!-- [et_pb_line_break_holder] --><\/p>\n<div><!-- [et_pb_line_break_holder] -->\t<a target=\"_blank\" href=\"https:\/\/www.dal.ca\/faculty\/agriculture\/plant-food-env.html\" rel=\"noopener\">Dalhousie University Plant, Food, and Environmental Sciences<\/a><!-- [et_pb_line_break_holder] -->\tTruro, Nova Scotia<!-- [et_pb_line_break_holder] --><\/div>\n<p><!-- [et_pb_line_break_holder] --><\/p>\n<div><!-- [et_pb_line_break_holder] -->\t<a target=\"_blank\" href=\"https:\/\/durhamcollege.ca\/programs\/food-and-farming?utm_source=google&#038;utm_medium=cpc&#038;utm_campaign=%7Bcampaign%7D&#038;gclid=Cj0KCQjww4-hBhCtARIsAC9gR3YdnU0gBGYjLAJl2gUfrUhy4JexE9bhkpeeaE89nB7HZb5dQqsxNfAaAsYMEALw_wcB\" rel=\"noopener\">Durham College Horticulture &#8211; Food and Farming\u00a0<\/a><!-- [et_pb_line_break_holder] -->\tWhitby, Ontario<!-- [et_pb_line_break_holder] --><\/div>\n<p><!-- [et_pb_line_break_holder] --><\/p>\n<div><!-- [et_pb_line_break_holder] -->\t<a target=\"_blank\" href=\"https:\/\/www.fanshawec.ca\/programs\/fpd1-food-processing-product-development\/next\" rel=\"noopener\">Fanshawe &#8211; Food Processing &#8211; Product Development<\/a><!-- [et_pb_line_break_holder] -->\tLondon, Ontario<!-- [et_pb_line_break_holder] --><\/div>\n<p><!-- [et_pb_line_break_holder] --><\/p>\n<div><!-- [et_pb_line_break_holder] -->\t<a target=\"_blank\" href=\"https:\/\/www.georgebrown.ca\/programs\/honours-bachelor-of-food-studies-program-h317\" rel=\"noopener\">George Brown Honours Bachelor of Food Studies Program<\/a><!-- [et_pb_line_break_holder] -->\tToronto, Ontario<!-- [et_pb_line_break_holder] --><\/div>\n<p><!-- [et_pb_line_break_holder] --><\/p>\n<div><!-- [et_pb_line_break_holder] -->\t<a target=\"_blank\" href=\"https:\/\/www.georgebrown.ca\/programs\/food-and-nutrition-management-program-postgraduate-h402\" rel=\"noopener\">George Brown Food and Nutrition Management (Postgraduate)<\/a><!-- [et_pb_line_break_holder] -->\tToronto, Ontario<!-- [et_pb_line_break_holder] --><\/div>\n<p><!-- [et_pb_line_break_holder] --><\/p>\n<div><!-- [et_pb_line_break_holder] -->\t<a target=\"_blank\" href=\"https:\/\/www.georgiancollege.ca\/academics\/part-time-studies\/programs\/food-and-nutrition-management-fdnm\/\" rel=\"noopener\">Georgian College Food and Nutrition Management\u00a0<\/a><!-- [et_pb_line_break_holder] -->\tBarrie, Ontario<!-- [et_pb_line_break_holder] --><\/div>\n<p><!-- [et_pb_line_break_holder] --><\/p>\n<div><!-- [et_pb_line_break_holder] -->\t<a target=\"_blank\" href=\"https:\/\/healthsciences.humber.ca\/programs\/food-nutrition-management.html\" rel=\"noopener\">Humber College Food and Nutrition Management<\/a><!-- [et_pb_line_break_holder] -->\tToronto, Ontario<!-- [et_pb_line_break_holder] --><\/div>\n<p><!-- [et_pb_line_break_holder] --><\/p>\n<div><!-- [et_pb_line_break_holder] -->\t<a target=\"_blank\" href=\"https:\/\/www.itaq.ca\/\" rel=\"noopener\">ITAQ<\/a><!-- [et_pb_line_break_holder] -->\tSaint-Hyacinthe and La Pocati\u00e8re, Qu\u00e9bec<!-- [et_pb_line_break_holder] --><\/div>\n<p><!-- [et_pb_line_break_holder] --><\/p>\n<div><!-- [et_pb_line_break_holder] -->\t<a target=\"_blank\" href=\"https:\/\/www.kpu.ca\/brew\" rel=\"noopener\">Kwantlen Polytechnic University Diploma In Brewing and Brewery Operations<\/a><!-- [et_pb_line_break_holder] -->\tLangley, BC<!-- [et_pb_line_break_holder] --><\/div>\n<p><!-- [et_pb_line_break_holder] --><\/p>\n<div><!-- [et_pb_line_break_holder] -->\t<a target=\"_blank\" href=\"https:\/\/www.lambtoncollege.ca\/FSQS\/\" rel=\"noopener\">Lambton College &#8211; Food Safety and Quality Assurance Management<\/a><!-- [et_pb_line_break_holder] -->\tToronto, Ontario<!-- [et_pb_line_break_holder] --><\/div>\n<p><!-- [et_pb_line_break_holder] --><\/p>\n<div><!-- [et_pb_line_break_holder] -->\t<a target=\"_blank\" href=\"https:\/\/langara.ca\/programs-and-courses\/programs\/food-nutrition\/index.html\" rel=\"noopener\">Langara College Department of Nutrition &#038; Food Service Management\u00a0<\/a><!-- [et_pb_line_break_holder] -->\tVancouver, BC<!-- [et_pb_line_break_holder] --><\/div>\n<p><!-- [et_pb_line_break_holder] --><\/p>\n<div><!-- [et_pb_line_break_holder] -->\t<a target=\"_blank\" href=\"https:\/\/www.mcgill.ca\/foodscience\/\" rel=\"noopener\">McGill University Food Science and Agricultural Chemistry<\/a><!-- [et_pb_line_break_holder] -->\tMontreal, Quebec<!-- [et_pb_line_break_holder] --><\/div>\n<p><!-- [et_pb_line_break_holder] --><\/p>\n<div><!-- [et_pb_line_break_holder] -->\t<a target=\"_blank\" href=\"http:\/\/www.mun.ca\/biochem\/\" rel=\"noopener\">Memorial University Biochemistry<\/a><span id=\"ms__id28\"><\/span><!-- [et_pb_line_break_holder] -->\tSt. John&#8217;s, Newfoundland<!-- [et_pb_line_break_holder] --><\/div>\n<p><!-- [et_pb_line_break_holder] --><\/p>\n<div><!-- [et_pb_line_break_holder] -->\t<a target=\"_blank\" href=\"http:\/\/www.msvu.ca\/en\/home\/programsdepartments\/professionalstudies\/appliedhumannutrition\/default.aspx\" rel=\"noopener\">Mount Saint Vincent University Applied Human Nutrition<\/a><!-- [et_pb_line_break_holder] -->\tHalifax, Nova Scotia<!-- [et_pb_line_break_holder] --><\/div>\n<p><!-- [et_pb_line_break_holder] --><\/p>\n<div><!-- [et_pb_line_break_holder] -->\t<a target=\"_blank\" href=\"https:\/\/www.niagaracollege.ca\/winebeerspirits\/\" rel=\"noopener\">Niagara College School of Wine, Beer and Spirits<\/a><!-- [et_pb_line_break_holder] -->\tNiagara, Ontario<!-- [et_pb_line_break_holder] --><\/div>\n<p><!-- [et_pb_line_break_holder] --><\/p>\n<div><!-- [et_pb_line_break_holder] -->\t<a target=\"_blank\" href=\"https:\/\/www.niagaracollege.ca\/culinaryarts\/program\/culinary-innovation-food-technology\/\" rel=\"noopener\">Niagara College Culinary Innovation and Food Technology (Co-op)<\/a><!-- [et_pb_line_break_holder] -->\tNiagara, Ontario<!-- [et_pb_line_break_holder] --><\/div>\n<p><!-- [et_pb_line_break_holder] --><\/p>\n<div><!-- [et_pb_line_break_holder] -->\t<span id=\"ms__id30\"><a target=\"_blank\" href=\"https:\/\/www.torontomu.ca\/programs\/undergraduate\/nutrition-food\/\" rel=\"noopener\">Toronto Metropolitan University Nutrition and Food (BASc)<\/a><!-- [et_pb_line_break_holder] -->\t<\/span>Toronto, Ontario<!-- [et_pb_line_break_holder] --><\/div>\n<p><!-- [et_pb_line_break_holder] --><\/p>\n<div><!-- [et_pb_line_break_holder] -->\t<a target=\"_blank\" href=\"https:\/\/saskpolytech.ca\/programs-and-courses\/programs\/Food-and-Nutrition-Management.aspx\" rel=\"noopener\">Saskatchewan Polytechnic Food and Nutrition Management\u00a0<\/a><!-- [et_pb_line_break_holder] -->\tSaskatoon, Saskatchewan<!-- [et_pb_line_break_holder] --><\/div>\n<p><!-- [et_pb_line_break_holder] --><\/p>\n<div><!-- [et_pb_line_break_holder] -->\t<a target=\"_blank\" href=\"https:\/\/www.stfx.ca\/academics\/science\/human-nutrition\" rel=\"noopener\">St. Francis Xavier University Human Nutrition<\/a><!-- [et_pb_line_break_holder] -->\tAntigonish, Nova Scotia<!-- [et_pb_line_break_holder] --><\/div>\n<p><!-- [et_pb_line_break_holder] --><\/p>\n<div><!-- [et_pb_line_break_holder] -->\t<a target=\"_blank\" href=\"https:\/\/www.trentu.ca\/agriculture\/program\" rel=\"noopener\">Trent University &#8211; Sustainable Agriculture and Food Systems<\/a><!-- [et_pb_line_break_holder] -->\tPeterborough, Ontario<!-- [et_pb_line_break_holder] --><\/div>\n<p><!-- [et_pb_line_break_holder] --><\/p>\n<div><!-- [et_pb_line_break_holder] -->\t<a target=\"_blank\" href=\"https:\/\/www.ualberta.ca\/agricultural-food-nutritional-science\" rel=\"noopener\">University of Alberta Agricultural, Food and Nutritional Science<\/a><!-- [et_pb_line_break_holder] -->\tEdmonton, Alberta<!-- [et_pb_line_break_holder] --><\/div>\n<p><!-- [et_pb_line_break_holder] --><\/p>\n<div><!-- [et_pb_line_break_holder] -->\t<a target=\"_blank\" href=\"https:\/\/www.landfood.ubc.ca\/undergraduate\/food-nutrition-and-health\/food-science\/\" rel=\"noopener\">University of British Columbia <span id=\"ms__id18\">Food Science &#8211; Faculty of Land and Food Systems<\/span><\/a><a target=\"_blank\" href=\"https:\/\/secure.cifst.ca\/target=\" rel=\"noopener\"><!-- [et_pb_line_break_holder] -->\t<\/a>Vancouver, British Columbia<!-- [et_pb_line_break_holder] --><\/div>\n<p><!-- [et_pb_line_break_holder] --><\/p>\n<div><!-- [et_pb_line_break_holder] -->\t<a target=\"_blank\" href=\"https:\/\/www.uoguelph.ca\/foodscience\/\" rel=\"noopener\">University of Guelph Food Science<\/a><!-- [et_pb_line_break_holder] -->\tGuelph, Ontario<!-- [et_pb_line_break_holder] --><\/div>\n<p><!-- [et_pb_line_break_holder] --><\/p>\n<div><!-- [et_pb_line_break_holder] -->\t<a target=\"_blank\" href=\"http:\/\/www.inaf.ulaval.ca\/no_cache\/en\/home\/#.Wld6ZHlG2Ul\" rel=\"noopener\">Universit\u00e9 Laval Science de l&#8217;Agriculture et de l&#8217;Alimentation<\/a><!-- [et_pb_line_break_holder] -->\tQuebec City, Quebec<!-- [et_pb_line_break_holder] --><\/div>\n<p><!-- [et_pb_line_break_holder] --><\/p>\n<div><!-- [et_pb_line_break_holder] -->\t<a target=\"_blank\" href=\"http:\/\/umanitoba.ca\/faculties\/afs\/dept\/fhns\/index.html\" rel=\"noopener\">University of Manitoba Department of Food and Human Nutritional Sciences (FHNS)<\/a><!-- [et_pb_line_break_holder] -->\tWinnipeg, Manitoba<!-- [et_pb_line_break_holder] --><\/div>\n<p><!-- [et_pb_line_break_holder] --><\/p>\n<div><!-- [et_pb_line_break_holder] -->\t<a target=\"_blank\" href=\"http:\/\/www.umoncton.ca\/umcm-fsssc-esanef\/\" rel=\"noopener\"><span id=\"ms__id31\">Universit\u00e9 de Moncton Science Alimentaires<\/span><\/a><!-- [et_pb_line_break_holder] -->\tMoncton, New Brunswick<!-- [et_pb_line_break_holder] --><\/div>\n<p><!-- [et_pb_line_break_holder] --><\/p>\n<div><!-- [et_pb_line_break_holder] -->\t<a target=\"_blank\" href=\"https:\/\/health.uottawa.ca\/nutrition\/\" rel=\"noopener\">University of Ottawa School of Nutrition Sciences<\/a><!-- [et_pb_line_break_holder] -->\tOttawa, Ontario<!-- [et_pb_line_break_holder] --><\/div>\n<p><!-- [et_pb_line_break_holder] --><\/p>\n<div><!-- [et_pb_line_break_holder] -->\t<a target=\"_blank\" href=\"http:\/\/www.upei.ca\/science\/applied-human-sciences\/foods-and-nutrition\" rel=\"noopener\">University of Prince Edward Island Foods and Nutrition<\/a><!-- [et_pb_line_break_holder] -->\tCharlottetown, Prince Edward Island<!-- [et_pb_line_break_holder] --><\/div>\n<p><!-- [et_pb_line_break_holder] --><\/p>\n<div><!-- [et_pb_line_break_holder] -->\t<a target=\"_blank\" href=\"http:\/\/agbio.usask.ca\/departments\/food-and-bioproduct-sciences.php\" rel=\"noopener\">University of Saskatchewan The Department of Food and Bioproduct Sciences<\/a><!-- [et_pb_line_break_holder] -->\tSaskatoon, Saskatchewan<!-- [et_pb_line_break_holder] --><\/div>\n<p><!-- [et_pb_line_break_holder] --><\/p>\n<div><!-- [et_pb_line_break_holder] -->\t<a target=\"_blank\" href=\"http:\/\/nutrisci.med.utoronto.ca\/\" rel=\"noopener\">University of Toronto Department of Nutritional Sciences<\/a><!-- [et_pb_line_break_holder] -->\tToronto, Ontario<!-- [et_pb_line_break_holder] --><\/div>\n<p><!-- [et_pb_line_break_holder] --><\/p>\n<div><!-- [et_pb_line_break_holder] -->\t<a target=\"_blank\" href=\"https:\/\/brescia.uwo.ca\/undergraduate\/foods_nutrition.php\" rel=\"noopener\">University of Western Ontario Brescia University College Foods &#038; Nutrition<\/a><!-- [et_pb_line_break_holder] -->\tLondon, Ontario<!-- [et_pb_line_break_holder] --><\/div>\n<p><!-- [et_pb_line_break_holder] --><!-- [et_pb_line_break_holder] -->  <\/p>\n<div style=\"clear:both;\"><!-- [et_pb_line_break_holder] -->    <!-- [et_pb_line_break_holder] -->  <\/div>\n<p><!-- [et_pb_line_break_holder] --><!-- [et_pb_line_break_holder] --><\/div>\n<p><!-- [et_pb_line_break_holder] -->\u00a0<!-- [et_pb_line_break_holder] --><!-- [et_pb_line_break_holder] -->\u00a0<!-- [et_pb_line_break_holder] --><!-- [et_pb_line_break_holder] -->\u00a0[\/et_pb_code][\/et_pb_column][\/et_pb_row][\/et_pb_section]<\/p>\n","protected":false},"excerpt":{"rendered":"<p>\u00c9DUCATIONNous avons dress\u00e9 une liste des coll\u00e8ges et universit\u00e9s canadiennes qui offrent des programmes en science et technologie des aliments et en nutrition. Veuillez cliquer sur le nom de l\u2019institution afin d\u2019en apprendre plus sur leurs programmes d\u2019\u00e9ducation.<\/p>\n","protected":false},"author":5,"featured_media":0,"parent":0,"menu_order":0,"comment_status":"closed","ping_status":"closed","template":"","meta":{"_acf_changed":false,"_et_pb_use_builder":"on","_et_pb_old_content":"","_et_gb_content_width":"","inline_featured_image":false,"footnotes":""},"class_list":["post-1924","page","type-page","status-publish","hentry"],"acf":[],"publishpress_future_action":{"enabled":false,"date":"2026-05-09 02:30:31","action":"change-status","newStatus":"draft","terms":[],"taxonomy":"translation_priority","extraData":[]},"publishpress_future_workflow_manual_trigger":{"enabledWorkflows":[]},"_links":{"self":[{"href":"https:\/\/cifst.ca\/fr\/wp-json\/wp\/v2\/pages\/1924","targetHints":{"allow":["GET"]}}],"collection":[{"href":"https:\/\/cifst.ca\/fr\/wp-json\/wp\/v2\/pages"}],"about":[{"href":"https:\/\/cifst.ca\/fr\/wp-json\/wp\/v2\/types\/page"}],"author":[{"embeddable":true,"href":"https:\/\/cifst.ca\/fr\/wp-json\/wp\/v2\/users\/5"}],"replies":[{"embeddable":true,"href":"https:\/\/cifst.ca\/fr\/wp-json\/wp\/v2\/comments?post=1924"}],"version-history":[{"count":4,"href":"https:\/\/cifst.ca\/fr\/wp-json\/wp\/v2\/pages\/1924\/revisions"}],"predecessor-version":[{"id":9700,"href":"https:\/\/cifst.ca\/fr\/wp-json\/wp\/v2\/pages\/1924\/revisions\/9700"}],"wp:attachment":[{"href":"https:\/\/cifst.ca\/fr\/wp-json\/wp\/v2\/media?parent=1924"}],"curies":[{"name":"wp","href":"https:\/\/api.w.org\/{rel}","templated":true}]}}