{"id":1926,"date":"2018-01-11T17:44:14","date_gmt":"2018-01-11T22:44:14","guid":{"rendered":"https:\/\/www.cifst.ca\/?page_id=1926"},"modified":"2024-01-09T14:34:30","modified_gmt":"2024-01-09T19:34:30","slug":"cifst-careers","status":"publish","type":"page","link":"https:\/\/cifst.ca\/fr\/membres\/cifst-careers\/","title":{"rendered":"CARRI\u00c8RES DE L\u2019ICSTA"},"content":{"rendered":"<p>[et_pb_section fb_built=&#8221;1&#8243; _builder_version=&#8221;4.16&#8243; global_colors_info=&#8221;{}&#8221;][et_pb_row _builder_version=&#8221;4.16&#8243; background_size=&#8221;initial&#8221; background_position=&#8221;top_left&#8221; background_repeat=&#8221;repeat&#8221; global_colors_info=&#8221;{}&#8221;][et_pb_column type=&#8221;4_4&#8243; _builder_version=&#8221;4.16&#8243; custom_padding=&#8221;|||&#8221; global_colors_info=&#8221;{}&#8221; custom_padding__hover=&#8221;|||&#8221;][et_pb_text _builder_version=&#8221;4.21.0&#8243; global_colors_info=&#8221;{}&#8221;]<\/p>\n<h2>CARRI\u00c8RES DE L\u2019ICSTA<\/h2>\n<p>[\/et_pb_text][et_pb_text _builder_version=&#8221;4.23.1&#8243; hover_enabled=&#8221;0&#8243; global_colors_info=&#8221;{}&#8221; sticky_enabled=&#8221;0&#8243;]<\/p>\n<table style=\"height: 345px; width: 100.44%; border-collapse: collapse; border-style: none;\">\n<tbody>\n<tr style=\"height: 76px;\">\n<td style=\"width: 47.2292%; border-style: none; height: 76px; border-color: #ffffff; background-color: #ffffff; vertical-align: top;\"><\/td>\n<td style=\"width: 52.7708%; border-style: none; height: 76px; border-color: #ffffff; background-color: #ffffff; vertical-align: top;\">\n<h3><\/h3>\n<\/td>\n<\/tr>\n<tr style=\"height: 30px;\">\n<td style=\"width: 47.2292%; height: 10px; border-style: none; border-color: #ffffff; background-color: #ffffff; vertical-align: top;\">\n<h3>SERVICE D\u2019AFFICHAGE DE POSTES DE L\u2019ICSTA<\/h3>\n<\/td>\n<td style=\"width: 52.7708%; height: 10px; border-style: none; border-color: #ffffff; background-color: #ffffff; vertical-align: top;\">\n<h3>SERVICE DE CV DE L\u2019ICSTA<\/h3>\n<\/td>\n<\/tr>\n<tr style=\"height: 194px; border-style: none;\">\n<td style=\"width: 47.2292%; height: 194px; border-style: none; border-color: #ffffff; background-color: #ffffff; vertical-align: top;\">\n<ul>\n<li>\u00cates-vous une entreprise du secteur des aliments et des boissons \u00e0 la recherche de nouveaux talents et d\u2019expertise?<\/li>\n<li>Laissez-nous vous aider \u00e0 faire le lien par le biais de notre page web Affichage de postes. L\u2019affichage est d\u2019une dur\u00e9e de 30 jours. En plus de notre site web, nous ferons la promotion des postes dans notre bulletin hebdomadaire DIRECTIONS.<\/li>\n<li>Pour soumettre un affichage de poste pour 30 jours :\u00a0<strong>G<\/strong><strong>RATUIT POUR LES MEMBRES ET <\/strong><strong>250$<\/strong><strong> pour les NON-MEMBRES<\/strong><\/li>\n<li>Inscrivez-vous \u00e0 ce service en cliquant<strong> <a href=\"https:\/\/cifst.mcjobboard.net\/jobs\/post\/add\" target=\"_blank\" rel=\"noopener\">ICI<\/a>.<\/strong><\/li>\n<\/ul>\n<p><a href=\"https:\/\/cifst.mcjobboard.net\/jobs\" target=\"_blank\" rel=\"noopener\"><strong>CLIQUEZ ICI POUR UNE LISTE A<\/strong><strong>CTUELLE<\/strong><strong> DES POSTES AFFICH\u00c9S<\/strong><\/a><\/td>\n<td style=\"width: 52.7708%; height: 194px; border-style: none; border-color: #ffffff; background-color: #ffffff; vertical-align: top;\">\n<ul>\n<li>\u00cates-vous r\u00e9cemment gradu\u00e9 et cherchez votre premier emploi?<\/li>\n<li>Effectuez-vous un changement de carri\u00e8re et d\u00e9sirez promouvoir votre disponibilit\u00e9 aupr\u00e8s des employeurs du secteur\u00a0?<\/li>\n<li>Tarif de membre : Gratuit<\/li>\n<li>Inscrivez-vous \u00e0 ce service en cliquant <strong><a href=\"https:\/\/cifst.mcjobboard.net\/jobs\/post\/add\" target=\"_blank\" rel=\"noopener\">ICI<\/a>.<\/strong><\/li>\n<\/ul>\n<p><a href=\"https:\/\/cifst.mcjobboard.net\/jobs\/resume-bank\" target=\"_blank\" rel=\"noopener\"><strong>CLIQUEZ ICI POUR UNE LISTE \u00a0ACTUELLE DE<\/strong><strong> CV<\/strong><\/a><strong> DE MEMBRES<\/strong><\/td>\n<\/tr>\n<\/tbody>\n<\/table>\n<p>&nbsp;<\/p>\n<p>&nbsp;<\/p>\n<p>&nbsp;[\/et_pb_text][\/et_pb_column][\/et_pb_row][\/et_pb_section]<\/p>\n","protected":false},"excerpt":{"rendered":"<p>CARRI\u00c8RES DE L\u2019ICSTA SERVICE D\u2019AFFICHAGE DE POSTES DE L\u2019ICSTA SERVICE DE CV DE L\u2019ICSTA \u00cates-vous une entreprise du secteur des aliments et des boissons \u00e0 la recherche de nouveaux talents et d\u2019expertise? Laissez-nous vous aider \u00e0 faire le lien par le biais de notre page web Affichage de postes. L\u2019affichage est d\u2019une dur\u00e9e de 30 [&hellip;]<\/p>\n","protected":false},"author":8,"featured_media":0,"parent":1246,"menu_order":0,"comment_status":"closed","ping_status":"closed","template":"","meta":{"_acf_changed":false,"_et_pb_use_builder":"on","_et_pb_old_content":"","_et_gb_content_width":"","inline_featured_image":false,"footnotes":""},"class_list":["post-1926","page","type-page","status-publish","hentry"],"acf":[],"publishpress_future_action":{"enabled":false,"date":"2026-05-06 15:31:32","action":"change-status","newStatus":"draft","terms":[],"taxonomy":"translation_priority","extraData":[]},"publishpress_future_workflow_manual_trigger":{"enabledWorkflows":[]},"_links":{"self":[{"href":"https:\/\/cifst.ca\/fr\/wp-json\/wp\/v2\/pages\/1926","targetHints":{"allow":["GET"]}}],"collection":[{"href":"https:\/\/cifst.ca\/fr\/wp-json\/wp\/v2\/pages"}],"about":[{"href":"https:\/\/cifst.ca\/fr\/wp-json\/wp\/v2\/types\/page"}],"author":[{"embeddable":true,"href":"https:\/\/cifst.ca\/fr\/wp-json\/wp\/v2\/users\/8"}],"replies":[{"embeddable":true,"href":"https:\/\/cifst.ca\/fr\/wp-json\/wp\/v2\/comments?post=1926"}],"version-history":[{"count":17,"href":"https:\/\/cifst.ca\/fr\/wp-json\/wp\/v2\/pages\/1926\/revisions"}],"predecessor-version":[{"id":9705,"href":"https:\/\/cifst.ca\/fr\/wp-json\/wp\/v2\/pages\/1926\/revisions\/9705"}],"up":[{"embeddable":true,"href":"https:\/\/cifst.ca\/fr\/wp-json\/wp\/v2\/pages\/1246"}],"wp:attachment":[{"href":"https:\/\/cifst.ca\/fr\/wp-json\/wp\/v2\/media?parent=1926"}],"curies":[{"name":"wp","href":"https:\/\/api.w.org\/{rel}","templated":true}]}}