{"id":7109,"date":"2022-10-06T18:00:23","date_gmt":"2022-10-06T22:00:23","guid":{"rendered":"https:\/\/cifst.ca\/?page_id=7109"},"modified":"2022-10-12T15:45:57","modified_gmt":"2022-10-12T19:45:57","slug":"grappe-agroscientifique-de-licsta","status":"publish","type":"page","link":"https:\/\/cifst.ca\/fr\/grappe-agroscientifique-de-licsta\/","title":{"rendered":"Grappe agroscientifique de l&#8217;icsta"},"content":{"rendered":"<p>[et_pb_section fb_built=&#8221;1&#8243; _builder_version=&#8221;3.22&#8243; global_colors_info=&#8221;{}&#8221;][et_pb_row _builder_version=&#8221;3.25&#8243; background_size=&#8221;initial&#8221; background_position=&#8221;top_left&#8221; background_repeat=&#8221;repeat&#8221; global_colors_info=&#8221;{}&#8221;][et_pb_column type=&#8221;4_4&#8243; _builder_version=&#8221;3.25&#8243; custom_padding=&#8221;|||&#8221; global_colors_info=&#8221;{}&#8221; custom_padding__hover=&#8221;|||&#8221;][et_pb_text _builder_version=&#8221;4.10.5&#8243; global_colors_info=&#8221;{}&#8221;]<\/p>\n<h2><strong>GRAPPE AGROSCIENTIFIQUE DE L\u2019ICSTA<\/strong><\/h2>\n<p>[\/et_pb_text][et_pb_text _builder_version=&#8221;4.10.5&#8243; hover_enabled=&#8221;0&#8243; global_colors_info=&#8221;{}&#8221; sticky_enabled=&#8221;0&#8243;]<\/p>\n<p style=\"text-align: center;\"><strong>Pr\u00e9paration pour le nouveau programme Agri-science d\u2019Agriculture et Agroalimentaire Canada (AAC)<\/strong><\/p>\n<p style=\"text-align: center;\"><strong>2023-2028<\/strong><\/p>\n<p style=\"text-align: center;\"><strong>DEMANDE DE PROPOSITIONS DE PROJETS COMPLETS<\/strong><\/p>\n<p style=\"text-align: center;\"><span style=\"color: #ff0000;\"><strong>Date limite: lundi le 17 octobre 2022 (23:59 HNE)<\/strong><\/span><\/p>\n<p><strong>HISTORIQUE<\/strong><\/p>\n<p>Fond\u00e9e en 1951, l\u2019ICSTA est l\u2019association nationale pour les professionnels du secteur des aliments et des boissons. L\u2019ICSTA regroupe approximativement 1,000 individus incluant des scientifiques et technologues de l\u2019industrie, du gouvernement et du milieu acad\u00e9mique qui sont engag\u00e9s \u00e0 faire progresser la science et la technologie alimentaires. Le but de l\u2019ICSTA est de pr\u00f4ner et promouvoir la qualit\u00e9, la s\u00e9curit\u00e9 et la salubrit\u00e9 de l\u2019approvisionnement alimentaire par le biais de l\u2019application de la science et de la technologie en reliant les professionnels en science alimentaire de l\u2019industrie, du gouvernement et du milieu acad\u00e9mique.<\/p>\n<p>L\u2019ICSTA a commenc\u00e9 \u00e0 planifier pour une nouvelle grappe agroscientifique dans la foul\u00e9e du Prochain Cadre Strat\u00e9gique (PCS) \u00e9tabli par Agriculture et Agroalimentaire Canada (AAC). En pr\u00e9paration pour cette nouvelle grappe, l\u2019ICSTA demande des propositions de projets complets des chercheurs ainsi que des partenaires de l\u2019industrie afin d\u2019identifier des projets de recherche et de collaboration qui r\u00e9pondent aux priorit\u00e9s de recherche de l\u2019ICSTA align\u00e9es avec le nouveau cadre strat\u00e9gique de l\u2019AAC \u00e0 savoir les changements climatiques et l\u2019environnement, la croissance \u00e9conomique et la r\u00e9silience du secteur et les enjeux de soci\u00e9t\u00e9.<\/p>\n<p><strong>VISION STRAT\u00c9GIQUE<\/strong><\/p>\n<p>La vision de la nouvelle grappe agroscientifique de l\u2019ICSTA sera de rehausser la comp\u00e9titivit\u00e9 mondiale du secteur agroalimentaire canadien en encourageant une collaboration nationale men\u00e9e par l\u2019industrie et une participation intra-r\u00e9gionale tout en b\u00e2tissant des collaborations entre les partenaires cl\u00e9s.<\/p>\n<p><strong>PRIORIT\u00c9S DE RECHERCHE DE L\u2019ICSTA<\/strong><\/p>\n<p>Les priorit\u00e9s de recherche de L\u2019ICSTA seront ax\u00e9es sur les <a href=\"https:\/\/cifst.ca\/cifst-food-cluster-program-parameters-priority-areas\/\"><strong>trois domaines<\/strong><\/a> suivants:<\/p>\n<ol>\n<li><strong>Changements climatiques et environnement<\/strong><\/li>\n<\/ol>\n<ul>\n<li>\u00c9conomie circulaire traitant de la raret\u00e9 des ressources, des augmentations de prix, des d\u00e9fis de conformit\u00e9, et des demandes des consommateurs pour une transparence environnementale;<\/li>\n<li>R\u00e9duction du gaspillage alimentaire et r\u00e9utilisation des d\u00e9chets alimentaires en produits de consommation;<\/li>\n<li>R\u00e9duction de l\u2019emballage et\/ou application accrue d\u2019emballage biod\u00e9gradable ou d\u2019emballage enti\u00e8rement recyclable.<\/li>\n<\/ul>\n<ol start=\"2\">\n<li><strong>Croissance et d\u00e9veloppement \u00e9conomique<\/strong><\/li>\n<\/ol>\n<ul>\n<li>Aliments novateurs et croissance \u00e9conomique (e.g. produits de culture, aliments nootropes, aliments \u00e0 base de plantes\/sant\u00e9 humaine, aliments pour astronautes);<\/li>\n<li>Technologies de transformation novatrices \/automatisation\/intelligence artificielle.<\/li>\n<\/ul>\n<ol start=\"3\">\n<li><strong>R\u00e9silience du secteur et enjeux de soci\u00e9t\u00e9<\/strong><\/li>\n<\/ol>\n<ul>\n<li>Innovations en sant\u00e9 et bien-\u00eatre;<\/li>\n<li>Technologies de transformation innovatrices align\u00e9es aux normes de salubrit\u00e9 alimentaire.<\/li>\n<\/ul>\n<p><strong>LIGNES DIRECTRICES POUR LES DEMANDES:<\/strong><\/p>\n<p><strong>Admissibilit\u00e9 des demandeurs<\/strong><\/p>\n<ul>\n<li>Les demandeurs admissibles comprennent les chercheurs \u0153uvrant au sein de l\u2019industrie agroalimentaire canadienne, des \u00e9tablissements universitaires, ainsi que les chercheurs des gouvernements f\u00e9d\u00e9raux et provinciaux;<\/li>\n<li>Les demandeurs sont encourag\u00e9s \u00e0 \u00eatre membre en r\u00e8gle de l\u2019ICSTA;<\/li>\n<li>Tous les demandeurs doivent d\u00e9montrer la capacit\u00e9 \u00e0 mener une d\u00e9marche scientifique rigoureuse. Les demandeurs doivent \u00e9galement \u00eatre en mesure de d\u00e9finir de quelle mani\u00e8re ils comptent aborder les principes de commercialisation de l\u2019ICSTA, encourageant une distribution transparente, non-exclusive et \u00e0 grande \u00e9chelle des r\u00e9ponses et des nouvelles technologies, avec pour objectif de maximiser l\u2019avantage \u00e9conomique pour la cha\u00eene de valeur agroalimentaire canadienne.<\/li>\n<\/ul>\n<p><strong>Collaboration<\/strong><\/p>\n<ul>\n<li>Les \u00e9quipes d\u2019expertise compl\u00e9mentaire sont encourag\u00e9es \u00e0 s\u2019attaquer \u00e0 des cibles de recherche sp\u00e9cifiques ensemble;<\/li>\n<li>Le cas \u00e9ch\u00e9ant, les projets de recherche doivent d\u00e9montrer le lien ou la coordination avec les autres (au niveaux r\u00e9gional, national et international).<\/li>\n<\/ul>\n<p><strong>Admissibilit\u00e9 des domaines de recherche<\/strong><\/p>\n<ul>\n<li>Les propositions de projet entier doivent expliquer pour quels secteurs de priorit\u00e9s la recherche est la mieux adapt\u00e9e;<\/li>\n<li>Les propositions de projet entier doivent s\u2019aligner avec une ou plusieurs priorit\u00e9s d\u00e9crites dans la lettre d\u2019appel.<\/li>\n<\/ul>\n<p>Les projets de recherche peuvent avoir une dur\u00e9e maximale de 5 ans, du 1<sup>er<\/sup> avril 2023 au 31 mars 2028.<\/p>\n<p><strong>Financement additionnel<\/strong><\/p>\n<ul>\n<li>Les chercheurs sont fortement encourag\u00e9s \u00e0 inclure des sources de financement ext\u00e9rieur suppl\u00e9mentaires (confirm\u00e9es ou en attente) dans leurs propositions puisque l\u2019on s\u2019attend \u00e0 ce que le programme de financement de l\u2019AAC soit tr\u00e8s concurrentiel. Des sources de financement suppl\u00e9mentaire pourraient inclure, mais ne sont pas limit\u00e9es \u00e0, un financement d\u2019un gouvernement provincial ou d\u2019un autre partenaire de l\u2019industrie au-del\u00e0 des groupes membres de l\u2019ICSTA.<\/li>\n<li><a href=\"https:\/\/cifst.ca\/program-parameters-funding\/\"><strong>Pa<\/strong><strong>ram\u00e8tres du programme<\/strong><strong>: Fi<\/strong><strong>nancement<\/strong><\/a><\/li>\n<\/ul>\n<p><strong>Equit\u00e9, diversit\u00e9 et inclusion (EDI)<\/strong><\/p>\n<ul>\n<li>Les chercheurs doivent \u00eatre pr\u00eats \u00e0 d\u00e9montrer comment l\u2019\u00e9quit\u00e9, la diversit\u00e9 et l\u2019inclusion sont consid\u00e9r\u00e9es dans leurs projets de recherche.<\/li>\n<\/ul>\n<p><strong>Principes de financement<\/strong><\/p>\n<p>Afin de guider l\u2019\u00e9valuation des projets, en plus du m\u00e9rite scientifique, les cinq principes de base suivants seront pris en consid\u00e9ration par l\u2019ICSTA et l\u2019AAC:<\/p>\n<ol>\n<li>La valeur strat\u00e9gique du projet pour le Canada<\/li>\n<li>Les perspectives de toute la cha\u00eene de valeur et d\u2019approvisionnement<\/li>\n<li>Inclusion de r\u00e9sultats mesurables<\/li>\n<li>Un transfert et une adoption de connaissances efficaces (communiquer les co\u00fbts et les avantages)<\/li>\n<li>Diversit\u00e9, collaboration, et partenariats<\/li>\n<\/ol>\n<p><strong>\u00c9ch\u00e9ancier pr\u00e9vu pour l\u2019enti\u00e8ret\u00e9 du processus de demande <\/strong><\/p>\n<ul>\n<li>\u00c0 cause du d\u00e9lai serr\u00e9 de la grappe agroscientifique de l\u2019ICSTA, nous omettons la demande de lettre d\u2019intention (LI)<\/li>\n<li>Date limite pour la soumission des propositions des projets entiers: lundi le 17 octobre 2022 (23:59 HNE). Les soumissions tardives ne seront pas retenues<\/li>\n<li>Les propositions de projets entiers seront soumises \u00e0 un processus rigoureux d\u2019examen par les pairs avant la s\u00e9lection finale pour \u00eatre incluses dans une demande agroscientifique \u00e0 l\u2019AAC.<\/li>\n<li>Suite \u00e0 l\u2019examen par les pairs, les propositions et les budgets seront examin\u00e9s plus en profondeur bas\u00e9s sur les commentaires du r\u00e9viseur et\/ou du donateur afin de cr\u00e9er le dossier le plus fort possible pour l\u2019AAC<\/li>\n<li>Le dossier de demande sera soumis \u00e0 l\u2019AAC pour un financement en novembre 2022<\/li>\n<li>Les d\u00e9cisions prises par l\u2019ICSTA seront finales<\/li>\n<\/ul>\n<p><strong>VEUILLEZ PRENDRE NOTE:<\/strong> Les mod\u00e8les de propositions seront fournis sous pli s\u00e9par\u00e9.<\/p>\n<p><strong>D\u00c9TAILS POUR LES SOUMISSIONS<\/strong><\/p>\n<p>La date limite pour soumettre LES PROPOSITIONS DE PROJETS ENTIERS est\u00a0: lundi le 17 octobre 2022 (23:59 HNE)<\/p>\n<p>Veuillez soumettre les propositions de projet entier d\u00fbment compl\u00e9t\u00e9es en format \u00a0Microsoft Word ou PDF par courriel \u00e0 Constance Wrigley Thomas, directrice ex\u00e9cutive, grappe agroscientifique de l\u2019ICSTA \u00e0 <a href=\"mailto:cifstfoodcluster@cifst.ca\"><strong>cifstfoodcluster@cifst.ca<\/strong><\/a><\/p>\n<p>La r\u00e9ception de toutes les propositions de projet entier soumises sera confirm\u00e9e par courriel dans les 2 jours ouvrables. Au cas o\u00f9 le courriel de confirmation ne serait pas re\u00e7u, il incombe \u00e0 la personne qui a fait la soumission de v\u00e9rifier que celle-ci a bel et bien \u00e9t\u00e9 re\u00e7ue.<\/p>\n<p>Les mod\u00e8les de proposition sont fournis ci-dessous :<\/p>\n<ul>\n<li><strong><a href=\"https:\/\/cifst.ca\/wp-content\/uploads\/2022\/10\/CIFST-Food-Cluster-Proposal-Template-FR.docx\">Mod\u00e8le de proposition<\/a> <\/strong><\/li>\n<li><strong><a href=\"https:\/\/cifst.ca\/wp-content\/uploads\/2022\/09\/CIFST-Food-Cluster-Cluster-Detailed-Proposal-Budget.xlsx\">Mod\u00e8le de budget<\/a><\/strong><\/li>\n<\/ul>\n<p><strong>Sessions d\u2019informations: <\/strong><\/p>\n<p><strong><a href=\"https:\/\/youtu.be\/mCX3hHbRdTo\">GRAPPE alimentaire D&#8217;ICSTA-s\u00e9minaire d&#8217;information enregistrement #1<\/a><\/strong><br \/><strong><a href=\"https:\/\/youtu.be\/-o1SaCl0ETc\">GRAPPE d&#8217;alimentaire ICSTA- s\u00e9minaire d&#8217;information enregistrement #2<\/a><\/strong><br \/><strong><a href=\"https:\/\/youtu.be\/Zf-SwkoNwn4\">GRAPPE alimentaire D&#8217;ICSTA-s\u00e9minaire enregistrement;fran\u00e7ais<\/a><\/strong><\/p>\n<p><strong>Coordonn\u00e9es pour l\u2019organisme de financement<\/strong><\/p>\n<ul>\n<li>Louis Ayotte, Pr\u00e9sident, Institut canadien de science et technologie alimentaires<\/li>\n<li>Courriel: <a href=\"mailto:cifstfoodcluster@cifst.ca\"><strong>cifstfoodcluster@cifst.ca<\/strong><\/a><\/li>\n<li>Phillip Lee Wing, Directeur scientifique, grappe agroscientifique de l\u2019ICSTA<\/li>\n<li>Courriel: <a href=\"mailto:cifstfoodcluster@cifst.ca\"><strong>cifstfoodcluster@cifst.ca<\/strong><\/a><\/li>\n<li>Constance Wrigley-Thomas, Directrice ex\u00e9cutive, grappe agroscientifique de l\u2019ICSTA<\/li>\n<li>Courriel: <a href=\"mailto:cifstfoodcluster@cifst.ca\"><strong>cifstfoodcluster@cifst.ca<\/strong><\/a><\/li>\n<\/ul>\n<p><a href=\"https:\/\/cifst.ca\/cifst-food-cluster\/\"><strong>Veuillez visiter notre site internet pour de plus amples informations<\/strong><\/a><\/p>\n<p>[\/et_pb_text][\/et_pb_column][\/et_pb_row][\/et_pb_section]<\/p>\n","protected":false},"excerpt":{"rendered":"<p>GRAPPE AGROSCIENTIFIQUE DE L\u2019ICSTAPr\u00e9paration pour le nouveau programme Agri-science d\u2019Agriculture et Agroalimentaire Canada (AAC) 2023-2028 DEMANDE DE PROPOSITIONS DE PROJETS COMPLETS Date limite: lundi le 17 octobre 2022 (23:59 HNE) HISTORIQUE Fond\u00e9e en 1951, l\u2019ICSTA est l\u2019association nationale pour les professionnels du secteur des aliments et des boissons. L\u2019ICSTA regroupe approximativement 1,000 individus incluant des [&hellip;]<\/p>\n","protected":false},"author":8,"featured_media":0,"parent":0,"menu_order":0,"comment_status":"closed","ping_status":"closed","template":"","meta":{"_acf_changed":false,"_et_pb_use_builder":"on","_et_pb_old_content":"","_et_gb_content_width":"","inline_featured_image":false,"footnotes":""},"class_list":["post-7109","page","type-page","status-publish","hentry"],"acf":[],"publishpress_future_action":{"enabled":false,"date":"2026-05-06 17:32:07","action":"change-status","newStatus":"draft","terms":[],"taxonomy":"translation_priority","extraData":[]},"publishpress_future_workflow_manual_trigger":{"enabledWorkflows":[]},"_links":{"self":[{"href":"https:\/\/cifst.ca\/fr\/wp-json\/wp\/v2\/pages\/7109","targetHints":{"allow":["GET"]}}],"collection":[{"href":"https:\/\/cifst.ca\/fr\/wp-json\/wp\/v2\/pages"}],"about":[{"href":"https:\/\/cifst.ca\/fr\/wp-json\/wp\/v2\/types\/page"}],"author":[{"embeddable":true,"href":"https:\/\/cifst.ca\/fr\/wp-json\/wp\/v2\/users\/8"}],"replies":[{"embeddable":true,"href":"https:\/\/cifst.ca\/fr\/wp-json\/wp\/v2\/comments?post=7109"}],"version-history":[{"count":7,"href":"https:\/\/cifst.ca\/fr\/wp-json\/wp\/v2\/pages\/7109\/revisions"}],"predecessor-version":[{"id":7137,"href":"https:\/\/cifst.ca\/fr\/wp-json\/wp\/v2\/pages\/7109\/revisions\/7137"}],"wp:attachment":[{"href":"https:\/\/cifst.ca\/fr\/wp-json\/wp\/v2\/media?parent=7109"}],"curies":[{"name":"wp","href":"https:\/\/api.w.org\/{rel}","templated":true}]}}