{"id":7907,"date":"2023-02-09T17:30:37","date_gmt":"2023-02-09T22:30:37","guid":{"rendered":"https:\/\/cifst.ca\/?page_id=7907"},"modified":"2024-03-07T14:37:23","modified_gmt":"2024-03-07T19:37:23","slug":"2023-annonce-des-gagnants-du-concours-d-etude-de-cas-marvin-tung","status":"publish","type":"page","link":"https:\/\/cifst.ca\/fr\/2023-annonce-des-gagnants-du-concours-d-etude-de-cas-marvin-tung\/","title":{"rendered":"2023 Annonce des gagnants du concours d\u2019\u00e9tude de cas Marvin Tung"},"content":{"rendered":"<p>[et_pb_section fb_built=&#8221;1&#8243; _builder_version=&#8221;4.16&#8243; global_colors_info=&#8221;{}&#8221;][et_pb_row _builder_version=&#8221;4.16&#8243; background_size=&#8221;initial&#8221; background_position=&#8221;top_left&#8221; background_repeat=&#8221;repeat&#8221; global_colors_info=&#8221;{}&#8221;][et_pb_column type=&#8221;4_4&#8243; _builder_version=&#8221;4.16&#8243; custom_padding=&#8221;|||&#8221; global_colors_info=&#8221;{}&#8221; custom_padding__hover=&#8221;|||&#8221;][et_pb_text _builder_version=&#8221;4.23.1&#8243; text_text_color=&#8221;#0c71c3&#8243; global_colors_info=&#8221;{}&#8221;][\/et_pb_text][et_pb_text _builder_version=&#8221;4.23.1&#8243; _module_preset=&#8221;default&#8221; global_colors_info=&#8221;{}&#8221;]<\/p>\n<h1>Annonce des gagnants du concours d\u2019\u00e9tude de cas Marvin Tung<\/h1>\n<p>[\/et_pb_text][\/et_pb_column][\/et_pb_row][et_pb_row _builder_version=&#8221;4.16&#8243; background_size=&#8221;initial&#8221; background_position=&#8221;top_left&#8221; background_repeat=&#8221;repeat&#8221; global_colors_info=&#8221;{}&#8221;][et_pb_column type=&#8221;4_4&#8243; _builder_version=&#8221;4.16&#8243; custom_padding=&#8221;|||&#8221; global_colors_info=&#8221;{}&#8221; custom_padding__hover=&#8221;|||&#8221;][et_pb_text _builder_version=&#8221;4.23.1&#8243; global_colors_info=&#8221;{}&#8221;]<\/p>\n<div style=\"margin-bottom: 25px;\"><span><img loading=\"lazy\" decoding=\"async\" src=\"https:\/\/cifst.ca\/wp-content\/uploads\/2024\/03\/TeamM_MSFR-1024x576.jpg\" width=\"1024\" height=\"576\" alt=\"\" class=\"wp-image-9844 alignnone size-large\" srcset=\"https:\/\/cifst.ca\/wp-content\/uploads\/2024\/03\/TeamM_MSFR-980x551.jpg 980w, https:\/\/cifst.ca\/wp-content\/uploads\/2024\/03\/TeamM_MSFR-480x270.jpg 480w\" sizes=\"(min-width: 0px) and (max-width: 480px) 480px, (min-width: 481px) and (max-width: 980px) 980px, (min-width: 981px) 1024px, 100vw\" \/><\/span><\/div>\n<div style=\"margin-bottom: 25px;\"><span>Le mercredi 7 juin, l&#8217;ICSTA a organis\u00e9 son DEUXI\u00c8ME CONCOURS ANNUEL d&#8217;\u00e9tude de cas pour \u00e9tudiants Marvin Tung dans le cadre du Sommet canadien de l&#8217;alimentation 2023. L&#8217;objectif de ce concours est d&#8217;offrir aux professionnels \u00e9mergents l&#8217;occasion de pr\u00e9senter leurs connaissances et leurs comp\u00e9tences et d&#8217;apprendre les uns des autres par l&#8217;analyse d&#8217;une \u00e9tude de cas du secteur alimentaire. L&#8217;objectif principal du concours est de favoriser une r\u00e9flexion innovante sur un probl\u00e8me r\u00e9el tout en permettant aux \u00e9tudiants de perfectionner leurs comp\u00e9tences et d&#8217;\u00e9tablir un r\u00e9seau avec leurs pairs.<\/span><\/div>\n<div><\/div>\n<div><span><a href=\"https:\/\/www.cfin-rcia.ca\/home\" target=\"_blank\" rel=\"noopener\"><img loading=\"lazy\" decoding=\"async\" src=\"https:\/\/cifst.ca\/wp-content\/uploads\/2024\/03\/CFIN-Logo-FR.png\" width=\"493\" height=\"147\" alt=\"\" class=\"wp-image-10114 alignnone size-full\" srcset=\"https:\/\/cifst.ca\/wp-content\/uploads\/2024\/03\/CFIN-Logo-FR.png 493w, https:\/\/cifst.ca\/wp-content\/uploads\/2024\/03\/CFIN-Logo-FR-480x143.png 480w\" sizes=\"(min-width: 0px) and (max-width: 480px) 480px, (min-width: 481px) 493px, 100vw\" \/><\/a><\/span><\/div>\n<div><span><\/span><\/div>\n<div style=\"margin-bottom: 25px;\"><span>Nous remercions le <a href=\"https:\/\/www.cfin-rcia.ca\/home\" target=\"_blank\" rel=\"noopener\">R\u00e9seau canadien d&#8217;innovation en alimentation (RCIA)<\/a>, qui parraine le concours de cas d&#8217;\u00e9tudiants Marvin Tung.<\/span><\/div>\n<div><\/div>\n<div><\/div>\n<div><span>F\u00e9licitations aux <strong>gagnants du concours<\/strong> de cas d&#8217;\u00e9tudiants Marvin Tung, l&#8217;\u00e9quipe M&amp;Ms, qui a remport\u00e9 le tr\u00e8s convoit\u00e9 troph\u00e9e Marvin Tung ainsi qu&#8217;un prix en esp\u00e8ces.<\/span><\/div>\n<div><\/div>\n<div><span>Congratulations to team members from <strong>Toronto Metropolitan University<\/strong> (pictured above with Dr. Yvonne Yuan):<\/span><\/div>\n<ul>\n<li><span><strong>Marissa Frodsham<\/strong><\/span><\/li>\n<li><span><strong>Mackenzie Green<\/strong><\/span><\/li>\n<li><span><strong>Sarujen Nagarajan<\/strong><\/span><\/li>\n<\/ul>\n<div style=\"margin-bottom: 25px;\"><span>C&#8217;est la deuxi\u00e8me ann\u00e9e que l&#8217;\u00e9quipe M&amp;Ms participe \u00e0 ce concours. L&#8217;ann\u00e9e derni\u00e8re, l&#8217;\u00e9quipe gagnante \u00e9tait l&#8217;\u00e9quipe Cream of the Crop, \u00e9galement de TMU.<\/span><\/div>\n<div><span><\/span><\/div>\n<div><span><\/span><\/div>\n<div><span><\/span><\/div>\n<div><\/div>\n<div style=\"margin-bottom: 25px;\"><span>Congrats to Marvin Tung team Finalists: F\u00e9licitations aux <strong>\u00e9quipes finalistes<\/strong> de Marvin Tung :<\/span><\/div>\n<div><span><\/span><\/div>\n<div><a href=\"https:\/\/cifst.ca\/wp-content\/uploads\/2023\/05\/Finalist-Team-FuelUp.jpg\" rel=\"lightbox-0\"><img loading=\"lazy\" decoding=\"async\" src=\"https:\/\/cifst.ca\/wp-content\/uploads\/2024\/03\/TeamFuelUpFR-1024x576.jpg\" width=\"651\" height=\"366\" alt=\"\" class=\"wp-image-9852 alignnone size-large\" \/><\/a><\/div>\n<div><span><strong>\u00c9quipe FuelUp<\/strong><\/span><span>, Universit\u00e9 de l&#8217;Alberta <\/span><\/div>\n<div><span>Pauline Chan<\/span><\/div>\n<div><span>Hitarth Godhani<\/span><\/div>\n<div style=\"margin-bottom: 25px;\"><span>Jenna Wong<\/span><\/div>\n<div><\/div>\n<div><\/div>\n<div><\/div>\n<div><\/div>\n<div><\/div>\n<div><\/div>\n<div><\/div>\n<div><\/div>\n<div><\/div>\n<div><\/div>\n<div><\/div>\n<div><\/div>\n<div><\/div>\n<div><span><a href=\"https:\/\/cifst.ca\/wp-content\/uploads\/2023\/05\/Finalist-Team-Safeway.jpg\" rel=\"lightbox-1\"><img loading=\"lazy\" decoding=\"async\" src=\"https:\/\/cifst.ca\/wp-content\/uploads\/2024\/03\/TeamSafewayFR-1-1024x576.jpg\" width=\"649\" height=\"365\" alt=\"\" class=\"wp-image-9848 alignnone size-large\" \/><\/a><\/span><\/div>\n<div><span><strong><\/strong><\/span><\/div>\n<div><span><strong>\u00c9quipe SafeWhey<\/strong>, Universit\u00e9 de l&#8217;Alberta :<\/span><\/div>\n<div><span>Carris Jiang<\/span><\/div>\n<div><span>Carmen Vung<\/span><\/div>\n<div style=\"margin-bottom: 25px;\"><span>Gloria Yap<\/span><\/div>\n<div><\/div>\n<div><\/div>\n<div><\/div>\n<div><\/div>\n<div><\/div>\n<div><\/div>\n<div><\/div>\n<div><\/div>\n<div><\/div>\n<div><\/div>\n<div><span><strong><a href=\"https:\/\/cifst.ca\/wp-content\/uploads\/2023\/05\/Finalist-Team-Seedlings.jpg\" rel=\"lightbox-2\"><img loading=\"lazy\" decoding=\"async\" src=\"https:\/\/cifst.ca\/wp-content\/uploads\/2024\/03\/TeamSeedlingsFR-1024x576.jpg\" width=\"651\" height=\"366\" alt=\"\" class=\"wp-image-9850 alignnone size-large\" \/><\/a><\/strong><\/span><\/div>\n<div><span><strong><\/strong><\/span><\/div>\n<div><span><strong>\u00c9quipe Seedlings<\/strong>, Universit\u00e9 de Guelph :<\/span><\/div>\n<div><span>Gracen Nehme<\/span><\/div>\n<div><span>Christine Rivera<\/span><\/div>\n<div><span>Hanika Saini<\/span><\/div>\n<div style=\"margin-bottom: 25px;\"><span>Manahil Zaid<\/span><\/div>\n<div><\/div>\n<div><\/div>\n<div><\/div>\n<div><\/div>\n<div><\/div>\n<div><\/div>\n<div><\/div>\n<div><\/div>\n<div><\/div>\n<div style=\"margin-bottom: 25px;\"><span><a href=\"https:\/\/cifst.ca\/wp-content\/uploads\/2023\/06\/Marvin-Tung-Award_Yvonne-Yuan-2.png\" rel=\"lightbox-3\"><img loading=\"lazy\" decoding=\"async\" class=\"wp-image-8105 size-medium \" src=\"https:\/\/cifst.ca\/wp-content\/uploads\/2023\/06\/Marvin-Tung-Award_Yvonne-Yuan-2-239x300.png\" alt=\"\" width=\"239\" height=\"300\" \/><\/a><\/span><\/div>\n<div><span>Merci \u00e0 la pr\u00e9sidente du concours, la <strong>Dr Yvonne Yuan<\/strong>, professeure associ\u00e9e, \u00c9cole de nutrition, Facult\u00e9 des services communautaires, Universit\u00e9 m\u00e9tropolitaine de Toronto.<\/span><\/div>\n<div><\/div>\n<div><\/div>\n<div><\/div>\n<div><\/div>\n<div><\/div>\n<div><\/div>\n<div><\/div>\n<div><\/div>\n<div><\/div>\n<div><\/div>\n<div><\/div>\n<div><\/div>\n<div><\/div>\n<div><span>Merci \u00e9galement \u00e0 nos juges de Marvin Tung :<\/span><\/div>\n<div>\n<ul>\n<li><span>Tanya Der, directrice de l&#8217;innovation alimentaire et du marketing, <a href=\"https:\/\/pulsecanada.com\/\" target=\"_blank\" rel=\"noopener\">Pulse Canada<\/a><\/span><\/li>\n<li><span>Lavina Gully, directrice r\u00e9gionale de l&#8217;innovation, <a href=\"https:\/\/www.cfin-rcia.ca\/home\" target=\"_blank\" rel=\"noopener\">R\u00e9seau canadien d&#8217;innovation en alimentation (RCIA)<\/a><\/span><\/li>\n<li><span>Phillip Lee Wing, pr\u00e9sident, <a href=\"https:\/\/fooddevelopmentgroup.com\/\" target=\"_blank\" rel=\"noopener\">The Food Development Group<\/a><\/span><\/li>\n<li><span>Brad Mckay, PDG, McKay Foods Inc.<\/span><\/li>\n<li><span>Josh Taylor, directeur du d\u00e9veloppement commercial, <a href=\"https:\/\/www.ledc.com\/\" target=\"_blank\" rel=\"noopener\">London Economic Development Corp.<\/a><\/span><\/li>\n<\/ul>\n<p><span>Il nous fera grand plaisir de pr\u00e9senter cette comp\u00e9tition \u00e0 nos membres en 2024.<\/span><\/p>\n<\/div>\n<p>[\/et_pb_text][et_pb_text _builder_version=&#8221;4.16&#8243; _module_preset=&#8221;default&#8221; global_colors_info=&#8221;{}&#8221;]<\/p>\n<div class=\"et_pb_module et_pb_text et_pb_text_5  et_pb_text_align_left et_pb_bg_layout_light\">\n<div class=\"et_pb_text_inner\">\n<p>MENU<\/p>\n<ul>\n<li><a href=\"https:\/\/cifst.ca\/2023-canadian-food-summit-sponsorship\/\">Sponsorship Opportunities<\/a><\/li>\n<li><a href=\"https:\/\/cifst.ca\/2023-canadian-food-summit-exhibits\/\">Exhibitor Registration <\/a><\/li>\n<li><a href=\"https:\/\/cifst.ca\/2023-canadian-food-summit-delegate-registration\/\">Attendee Registration<\/a><\/li>\n<li><a href=\"https:\/\/cifst.ca\/2023-canadian-food-summit-conference-venue\/\">Conference Venue<\/a><\/li>\n<li><a href=\"https:\/\/cifst.ca\/2023-canadian-food-summit-getting-to-london\/\">Getting to London<\/a><\/li>\n<li><a href=\"https:\/\/cifst.ca\/2023-canadian-food-summit-accommodations\/\">Accommodations<\/a><\/li>\n<li><a href=\"https:\/\/cifst.ca\/2023-canadian-food-summit-three-minute-thesis-competition-3mt\/\">Three Minute Thesis (3MT) Competition<\/a><\/li>\n<li><a href=\"https:\/\/cifst.ca\/fr\/2023-canadian-food-summit-marvin-tung-student-case-competition\/\">Marvin Tung Student Case Competition<\/a><\/li>\n<li><a href=\"https:\/\/cifst.ca\/2023-canadian-food-summit-conference-schedule\/\">Schedule<\/a><\/li>\n<li><a href=\"https:\/\/cifst.ca\/2023-canadian-food-summit-conference-speakers\/\">Speakers<\/a><\/li>\n<\/ul>\n<\/div>\n<\/div>\n<p>[\/et_pb_text][\/et_pb_column][\/et_pb_row][\/et_pb_section][et_pb_section fb_built=&#8221;1&#8243; _builder_version=&#8221;4.16&#8243; _module_preset=&#8221;default&#8221; global_colors_info=&#8221;{}&#8221;][et_pb_row _builder_version=&#8221;4.16&#8243; _module_preset=&#8221;default&#8221; global_colors_info=&#8221;{}&#8221;][et_pb_column type=&#8221;4_4&#8243; _builder_version=&#8221;4.16&#8243; _module_preset=&#8221;default&#8221; global_colors_info=&#8221;{}&#8221;][et_pb_image src=&#8221;https:\/\/cifst.ca\/wp-content\/uploads\/2024\/03\/CFIN-Logo-FR.png&#8221; title_text=&#8221;CFIN-Logo-FR&#8221; _builder_version=&#8221;4.23.1&#8243; _module_preset=&#8221;default&#8221; height=&#8221;118px&#8221; global_colors_info=&#8221;{}&#8221;][\/et_pb_image][\/et_pb_column][\/et_pb_row][\/et_pb_section]<\/p>\n","protected":false},"excerpt":{"rendered":"<p>Annonce des gagnants du concours d\u2019\u00e9tude de cas Marvin Tung Le mercredi 7 juin, l&#8217;ICSTA a organis\u00e9 son DEUXI\u00c8ME CONCOURS ANNUEL d&#8217;\u00e9tude de cas pour \u00e9tudiants Marvin Tung dans le cadre du Sommet canadien de l&#8217;alimentation 2023. L&#8217;objectif de ce concours est d&#8217;offrir aux professionnels \u00e9mergents l&#8217;occasion de pr\u00e9senter leurs connaissances et leurs comp\u00e9tences et [&hellip;]<\/p>\n","protected":false},"author":8,"featured_media":0,"parent":0,"menu_order":0,"comment_status":"closed","ping_status":"closed","template":"","meta":{"_acf_changed":false,"_et_pb_use_builder":"on","_et_pb_old_content":"","_et_gb_content_width":"","inline_featured_image":false,"footnotes":""},"class_list":["post-7907","page","type-page","status-publish","hentry"],"acf":[],"publishpress_future_action":{"enabled":false,"date":"2026-04-24 08:34:33","action":"change-status","newStatus":"draft","terms":[],"taxonomy":"translation_priority","extraData":[]},"publishpress_future_workflow_manual_trigger":{"enabledWorkflows":[]},"_links":{"self":[{"href":"https:\/\/cifst.ca\/fr\/wp-json\/wp\/v2\/pages\/7907","targetHints":{"allow":["GET"]}}],"collection":[{"href":"https:\/\/cifst.ca\/fr\/wp-json\/wp\/v2\/pages"}],"about":[{"href":"https:\/\/cifst.ca\/fr\/wp-json\/wp\/v2\/types\/page"}],"author":[{"embeddable":true,"href":"https:\/\/cifst.ca\/fr\/wp-json\/wp\/v2\/users\/8"}],"replies":[{"embeddable":true,"href":"https:\/\/cifst.ca\/fr\/wp-json\/wp\/v2\/comments?post=7907"}],"version-history":[{"count":20,"href":"https:\/\/cifst.ca\/fr\/wp-json\/wp\/v2\/pages\/7907\/revisions"}],"predecessor-version":[{"id":10127,"href":"https:\/\/cifst.ca\/fr\/wp-json\/wp\/v2\/pages\/7907\/revisions\/10127"}],"wp:attachment":[{"href":"https:\/\/cifst.ca\/fr\/wp-json\/wp\/v2\/media?parent=7907"}],"curies":[{"name":"wp","href":"https:\/\/api.w.org\/{rel}","templated":true}]}}