{"id":7920,"date":"2023-02-07T15:34:39","date_gmt":"2023-02-07T20:34:39","guid":{"rendered":"https:\/\/cifst.ca\/2023-institute-awards\/"},"modified":"2024-01-08T11:35:34","modified_gmt":"2024-01-08T16:35:34","slug":"2023-institute-awards","status":"publish","type":"page","link":"https:\/\/cifst.ca\/fr\/2023-institute-awards\/","title":{"rendered":"PROGRAMME DES PRIX DE L\u2019ICSTA 2023"},"content":{"rendered":"<p>[et_pb_section fb_built=&#8221;1&#8243; _builder_version=&#8221;4.16&#8243; global_colors_info=&#8221;{}&#8221;][et_pb_row _builder_version=&#8221;4.16&#8243; global_colors_info=&#8221;{}&#8221;][et_pb_column type=&#8221;4_4&#8243; _builder_version=&#8221;4.16&#8243; custom_padding=&#8221;|||&#8221; global_colors_info=&#8221;{}&#8221; custom_padding__hover=&#8221;|||&#8221;][et_pb_text _builder_version=&#8221;4.16&#8243; _module_preset=&#8221;default&#8221; global_colors_info=&#8221;{}&#8221;]<\/p>\n<p><a href=\"https:\/\/cifst.ca\/wp-content\/uploads\/2023\/04\/PROGRAMME-DES-PRIX-DE-LICSTA-2023-1.jpg\" rel=\"lightbox-0\"><img loading=\"lazy\" decoding=\"async\" class=\"aligncenter size-large wp-image-7928\" src=\"https:\/\/cifst.ca\/wp-content\/uploads\/2023\/04\/PROGRAMME-DES-PRIX-DE-LICSTA-2023-1-1024x577.jpg\" alt=\"\" width=\"1024\" height=\"577\" srcset=\"https:\/\/cifst.ca\/wp-content\/uploads\/2023\/04\/PROGRAMME-DES-PRIX-DE-LICSTA-2023-1-980x552.jpg 980w, https:\/\/cifst.ca\/wp-content\/uploads\/2023\/04\/PROGRAMME-DES-PRIX-DE-LICSTA-2023-1-480x270.jpg 480w\" sizes=\"(min-width: 0px) and (max-width: 480px) 480px, (min-width: 481px) and (max-width: 980px) 980px, (min-width: 981px) 1024px, 100vw\" \/><\/a><\/p>\n<p>[\/et_pb_text][et_pb_text _builder_version=&#8221;4.16&#8243; global_colors_info=&#8221;{}&#8221;]<\/p>\n<h1>PROGRAMME DES PRIX DE L\u2019ICSTA 2023<\/h1>\n<p>[\/et_pb_text][\/et_pb_column][\/et_pb_row][et_pb_row column_structure=&#8221;1_3,2_3&#8243; _builder_version=&#8221;4.16&#8243; background_size=&#8221;initial&#8221; background_position=&#8221;top_left&#8221; background_repeat=&#8221;repeat&#8221; min_height=&#8221;821.8px&#8221; collapsed=&#8221;off&#8221; global_colors_info=&#8221;{}&#8221;][et_pb_column type=&#8221;1_3&#8243; _builder_version=&#8221;4.16&#8243; custom_padding=&#8221;|||&#8221; global_colors_info=&#8221;{}&#8221; custom_padding__hover=&#8221;|||&#8221;][et_pb_text _builder_version=&#8221;4.23.1&#8243; global_colors_info=&#8221;{}&#8221;]<\/p>\n<p><strong>L\u2019Institut canadien de science et technologie alimentaires accepte pr\u00e9sentement les mises en candidature pour les prix.<\/strong><\/p>\n<p>Pour conna\u00eetre les r\u00e9cipiendaires des prix 2022, \u00a0<a href=\"https:\/\/cifst.ca\/2022_cifst_awards_program\/\"><strong>CLIQUEZ ICI<\/strong><\/a><\/p>\n<p>Les crit\u00e8res d\u2019\u00e9ligibilit\u00e9 pour chacun des prix, les proc\u00e9dures de mise en candidature et le processus de s\u00e9lection des candidats \u2014 sont disponibles sur les formulaires de mise en candidature t\u00e9l\u00e9chargeables \u00e0 droite. Les formulaires de mise en candidature sont des documents pdf \u00e0 remplir qui peuvent \u00eatre compl\u00e9t\u00e9s et soumis \u00e9lectroniquement, accompagn\u00e9s de tout document d\u2019appui, \u00e0 titre de soumission officielle de la candidature.<\/p>\n<p>Les prix seront pr\u00e9sent\u00e9s en soir\u00e9e le 7 juin 2023 \u00e0 London, en Ontario au cours du <a href=\"https:\/\/cifst.ca\/2023-canadian-food-summit\/\"><strong>Sommet alimentaire canadien de l\u2019ICSTA<\/strong><\/a><\/p>\n<p>Assurez-vous de lire attentivement les proc\u00e9dures de mise en candidature et assurez-vous que toute l\u2019information et toute la documentation requises sont incluses dans vos soumissions de mise en candidature.<\/p>\n<p><strong>La date limite pour soumettre une candidature est le 1<sup>er<\/sup> mai 2023.<\/strong><\/p>\n<p>Pour de plus amples informations au sujet du programme des prix de l\u2019ICSTA, veuillez communiquer avec Heidi Loney, directrice ex\u00e9cutive de l\u2019ICSTA au <a href=\"mailto:heidi@cifst.ca\">heidi@cifst.ca<\/a>.<\/p>\n<p>[\/et_pb_text][\/et_pb_column][et_pb_column type=&#8221;2_3&#8243; _builder_version=&#8221;4.16&#8243; custom_padding=&#8221;|||&#8221; global_colors_info=&#8221;{}&#8221; custom_padding__hover=&#8221;|||&#8221;][et_pb_accordion admin_label=&#8221;CIFST Awards&#8221; _builder_version=&#8221;4.23.1&#8243; hover_enabled=&#8221;0&#8243; global_colors_info=&#8221;{}&#8221; module_class=&#8221;board_of_directors&#8221; sticky_enabled=&#8221;0&#8243;][et_pb_accordion_item title=&#8221;Prix de l\u2019Institut&#8221; open=&#8221;on&#8221; open_toggle_text_color=&#8221;#0c71c3&#8243; _builder_version=&#8221;4.23.1&#8243; global_colors_info=&#8221;{}&#8221;]<em>D\u00e9cern\u00e9 \u00e0 un individu membre professionnel ou retrait\u00e9 pour sa contribution exceptionnelle \u00e0 l\u2019ICSTA.<\/em><\/p>\n<p><a href=\"https:\/\/cifst.ca\/wp-content\/uploads\/2023\/03\/01-Awards-Mar-22-Institute-Award.pdf\" class=\"download\">FORMULAIRE DE MISE EN CANDIDATURE<\/a>[\/et_pb_accordion_item][et_pb_accordion_item title=&#8221;Prix W. J. Eva&#8221; open_toggle_text_color=&#8221;#0c71c3&#8243; _builder_version=&#8221;4.23.1&#8243; global_colors_info=&#8221;{}&#8221; open=&#8221;off&#8221;]<em>D\u00e9cern\u00e9 \u00e0 un individu qui a contribu\u00e9 \u00e0 la science et \u00e0 la technologie alimentaire canadienne par le biais de recherche et de service exceptionnels \u00e0 l\u2019industrie.<\/em><\/p>\n<p><a href=\"https:\/\/cifst.ca\/wp-content\/uploads\/2023\/03\/01-Awards-Mar-22-Institute-Award.pdf\" class=\"download\">FORMULAIRE DE MISE EN CANDIDATURE<\/a>[\/et_pb_accordion_item][et_pb_accordion_item title=&#8221;Prix Golden Royal Maybee&#8221; open_toggle_text_color=&#8221;#0c71c3&#8243; _builder_version=&#8221;4.23.1&#8243; global_colors_info=&#8221;{}&#8221; open=&#8221;off&#8221;]<em>Ce prix r\u00e9compense un d\u00e9veloppement appliqu\u00e9 exceptionnel r\u00e9alis\u00e9 par une entreprise ou une institution canadienne dans les domaines de la production, de la transformation, du transport, de l\u2019entreposage ou du contr\u00f4le de la qualit\u00e9 des denr\u00e9es alimentaires.<\/em><\/p>\n<p><a href=\"https:\/\/cifst.ca\/wp-content\/uploads\/2023\/03\/01-Awards-Mar-22-Institute-Award.pdf\" class=\"download\">FORMULAIRE DE MISE EN CANDIDATURE<\/a>[\/et_pb_accordion_item][et_pb_accordion_item title=&#8221;Prix de l\u2019innovation alimentaire&#8221; open_toggle_text_color=&#8221;#0c71c3&#8243; _builder_version=&#8221;4.23.1&#8243; global_colors_info=&#8221;{}&#8221; open=&#8221;off&#8221;]<\/p>\n<p><em>D\u00e9cern\u00e9 en l\u2019honneur d\u2019un individu ou d\u2019une \u00e9quipe pour un travail exceptionnel en innovation alimentaire.<\/em><\/p>\n<p><a href=\"https:\/\/cifst.ca\/wp-content\/uploads\/2023\/03\/01-Awards-Mar-22-Institute-Award.pdf\" class=\"download\">FORMULAIRE DE MISE EN CANDIDATURE<\/a><\/p>\n<p>[\/et_pb_accordion_item][et_pb_accordion_item title=&#8221;Food Innovation Award&#8221; open_toggle_text_color=&#8221;#0c71c3&#8243; _builder_version=&#8221;4.23.1&#8243; global_colors_info=&#8221;{}&#8221; open=&#8221;off&#8221;]<em>Awarded to honour an individual or team for outstanding work in food innovation.<\/em><\/p>\n<p><a href=\"https:\/\/cifst.ca\/wp-content\/uploads\/2022\/04\/05-Awards-Mar-22-Food-Innovation-Award.pdf\" class=\"download\">NOMINATION FORM<\/a>[\/et_pb_accordion_item][et_pb_accordion_item title=&#8221;Prix de la s\u00e9curit\u00e9 et de la qualit\u00e9 alimentaires&#8221; open_toggle_text_color=&#8221;#0c71c3&#8243; _builder_version=&#8221;4.23.1&#8243; global_colors_info=&#8221;{}&#8221; open=&#8221;off&#8221;]<em>D\u00e9cern\u00e9 en l\u2019honneur d\u2019un individu ou d\u2019une \u00e9quipe pour une contribution exceptionnelle au d\u00e9veloppement de la s\u00e9curit\u00e9 et de la qualit\u00e9 des aliments dans l\u2019industrie de transformation alimentaire. <\/em><\/p>\n<p><a href=\"https:\/\/cifst.ca\/wp-content\/uploads\/2023\/03\/01-Awards-Mar-22-Institute-Award.pdf\" class=\"download\">FORMULAIRE DE MISE EN CANDIDATURE<\/a>[\/et_pb_accordion_item][et_pb_accordion_item title=&#8221;Prix du leadership \u00e9tudiant&#8221; open_toggle_text_color=&#8221;#0c71c3&#8243; _builder_version=&#8221;4.23.1&#8243; global_colors_info=&#8221;{}&#8221; open=&#8221;off&#8221;]<em>Pr\u00e9sent\u00e9 \u00e0 un(e) membre \u00e9tudiant qui a fait preuve de leadership exceptionnel et qui a apport\u00e9 une contribution remarquable \u00e0 l\u2019ICSTA. <\/em><\/p>\n<p><a href=\"https:\/\/cifst.ca\/wp-content\/uploads\/2023\/03\/01-Awards-Mar-22-Institute-Award.pdf\" class=\"download\">FORMULAIRE DE MISE EN CANDIDATURE<\/a>[\/et_pb_accordion_item][et_pb_accordion_item title=&#8221;Membres \u00e9m\u00e9rites&#8221; open_toggle_text_color=&#8221;#0c71c3&#8243; _builder_version=&#8221;4.23.1&#8243; global_colors_info=&#8221;{}&#8221; open=&#8221;off&#8221;]<em>Conf\u00e8re un titre honorifique \u00e0 un(e) membre qui a pris sa retraite et qui, au cours de sa carri\u00e8re, a rendu des services m\u00e9ritoires \u00e0 l\u2019industrie alimentaire et \u00e0 l\u2019ICSTA.<\/em><\/p>\n<p><a href=\"https:\/\/cifst.ca\/wp-content\/uploads\/2023\/03\/01-Awards-Mar-22-Institute-Award.pdf\" class=\"download\">FORMULAIRE DE MISE EN CANDIDATURE<\/a>[\/et_pb_accordion_item][\/et_pb_accordion][\/et_pb_column][\/et_pb_row][\/et_pb_section]<\/p>\n","protected":false},"excerpt":{"rendered":"<p>PROGRAMME DES PRIX DE L\u2019ICSTA 2023L\u2019Institut canadien de science et technologie alimentaires accepte pr\u00e9sentement les mises en candidature pour les prix. Pour conna\u00eetre les r\u00e9cipiendaires des prix 2022, \u00a0CLIQUEZ ICI Les crit\u00e8res d\u2019\u00e9ligibilit\u00e9 pour chacun des prix, les proc\u00e9dures de mise en candidature et le processus de s\u00e9lection des candidats \u2014 sont disponibles sur les [&hellip;]<\/p>\n","protected":false},"author":8,"featured_media":0,"parent":0,"menu_order":0,"comment_status":"closed","ping_status":"closed","template":"","meta":{"_acf_changed":false,"_et_pb_use_builder":"on","_et_pb_old_content":"","_et_gb_content_width":"","inline_featured_image":false,"footnotes":""},"class_list":["post-7920","page","type-page","status-publish","hentry"],"acf":[],"publishpress_future_action":{"enabled":false,"date":"2026-05-06 11:52:58","action":"change-status","newStatus":"draft","terms":[],"taxonomy":"translation_priority","extraData":[]},"publishpress_future_workflow_manual_trigger":{"enabledWorkflows":[]},"_links":{"self":[{"href":"https:\/\/cifst.ca\/fr\/wp-json\/wp\/v2\/pages\/7920","targetHints":{"allow":["GET"]}}],"collection":[{"href":"https:\/\/cifst.ca\/fr\/wp-json\/wp\/v2\/pages"}],"about":[{"href":"https:\/\/cifst.ca\/fr\/wp-json\/wp\/v2\/types\/page"}],"author":[{"embeddable":true,"href":"https:\/\/cifst.ca\/fr\/wp-json\/wp\/v2\/users\/8"}],"replies":[{"embeddable":true,"href":"https:\/\/cifst.ca\/fr\/wp-json\/wp\/v2\/comments?post=7920"}],"version-history":[{"count":9,"href":"https:\/\/cifst.ca\/fr\/wp-json\/wp\/v2\/pages\/7920\/revisions"}],"predecessor-version":[{"id":9551,"href":"https:\/\/cifst.ca\/fr\/wp-json\/wp\/v2\/pages\/7920\/revisions\/9551"}],"wp:attachment":[{"href":"https:\/\/cifst.ca\/fr\/wp-json\/wp\/v2\/media?parent=7920"}],"curies":[{"name":"wp","href":"https:\/\/api.w.org\/{rel}","templated":true}]}}