{"id":8397,"date":"2023-09-07T13:25:39","date_gmt":"2023-09-07T17:25:39","guid":{"rendered":"https:\/\/cifst.ca\/?page_id=8397"},"modified":"2023-09-07T13:33:39","modified_gmt":"2023-09-07T17:33:39","slug":"webinaires","status":"publish","type":"page","link":"https:\/\/cifst.ca\/fr\/webinaires\/","title":{"rendered":"WEBINAIRES"},"content":{"rendered":"<p>[et_pb_section fb_built=&#8221;1&#8243; admin_label=&#8221;Section&#8221; _builder_version=&#8221;4.16&#8243; width=&#8221;100%&#8221; collapsed=&#8221;off&#8221; global_colors_info=&#8221;{}&#8221;][et_pb_row _builder_version=&#8221;4.16&#8243; background_size=&#8221;initial&#8221; background_position=&#8221;top_left&#8221; background_repeat=&#8221;repeat&#8221; collapsed=&#8221;off&#8221; global_colors_info=&#8221;{}&#8221;][et_pb_column type=&#8221;4_4&#8243; _builder_version=&#8221;4.16&#8243; custom_padding=&#8221;|||&#8221; global_colors_info=&#8221;{}&#8221; custom_padding__hover=&#8221;|||&#8221;][et_pb_image src=&#8221;https:\/\/cifst.ca\/wp-content\/uploads\/2023\/09\/WEBINAIRES-1.png&#8221; title_text=&#8221;WEBINAIRES&#8221; align_tablet=&#8221;center&#8221; align_phone=&#8221;&#8221; align_last_edited=&#8221;on|desktop&#8221; _builder_version=&#8221;4.21.0&#8243; always_center_on_mobile=&#8221;on&#8221; global_colors_info=&#8221;{}&#8221;][\/et_pb_image][et_pb_text _builder_version=&#8221;4.21.0&#8243; text_font=&#8221;Open Sans|700|||||||&#8221; text_text_color=&#8221;#000000&#8243; background_size=&#8221;initial&#8221; background_position=&#8221;top_left&#8221; background_repeat=&#8221;repeat&#8221; global_colors_info=&#8221;{}&#8221;]<\/p>\n<h2>Webinaires \u00e0 venir<\/h2>\n<h2><strong><span style=\"font-size: 12pt; color: #000000;\"><a href=\"https:\/\/cifst.ca\/wp-content\/uploads\/2023\/09\/Bouchees-de-savoir-1-1.jpg\" rel=\"lightbox-0\"><img loading=\"lazy\" decoding=\"async\" class=\"wp-image-8402 size-large alignleft\" src=\"https:\/\/cifst.ca\/wp-content\/uploads\/2023\/09\/Bouchees-de-savoir-1-1-1024x577.jpg\" alt=\"\" width=\"1024\" height=\"577\" srcset=\"https:\/\/cifst.ca\/wp-content\/uploads\/2023\/09\/Bouchees-de-savoir-1-1-980x552.jpg 980w, https:\/\/cifst.ca\/wp-content\/uploads\/2023\/09\/Bouchees-de-savoir-1-1-480x270.jpg 480w\" sizes=\"(min-width: 0px) and (max-width: 480px) 480px, (min-width: 481px) and (max-width: 980px) 980px, (min-width: 981px) 1024px, 100vw\" \/><\/a><\/span><\/strong><\/h2>\n<p>&nbsp;<\/p>\n<h2>\u00a0<\/h2>\n<p>[\/et_pb_text][et_pb_text _builder_version=&#8221;4.21.0&#8243; _module_preset=&#8221;default&#8221; custom_margin=&#8221;417px|||||&#8221; custom_padding=&#8221;10px|||3px||&#8221; hover_enabled=&#8221;0&#8243; global_colors_info=&#8221;{}&#8221; sticky_enabled=&#8221;0&#8243;]<\/p>\n<p>&nbsp;<\/p>\n<p>&nbsp;<\/p>\n<p>&nbsp;<\/p>\n<p><strong>Merci \u00e8 tous ceux qui ont particip\u00e9 \u00e0 la s\u00e9rie de webinaires bouch\u00e9es de savoir au printemps 2023. Restez \u00e0 l\u2019aff\u00fbt pour les prochains webinaires.<\/strong><\/p>\n<p>[\/et_pb_text][et_pb_text _builder_version=&#8221;4.21.0&#8243; _module_preset=&#8221;default&#8221; global_colors_info=&#8221;{}&#8221;]<\/p>\n<p style=\"text-align: left;\"><span style=\"font-size: 12pt;\"><a href=\"https:\/\/cifst.wildapricot.org\/Webinar-Recordings\/\"><strong>Enregistrements des webinaires pr\u00e9c\u00e9dents de 2020 \u00e0 2023 \u2013 Vous devez \u00eatre membre pour les visionner<\/strong><\/a><\/span><\/p>\n<p>[\/et_pb_text][\/et_pb_column][\/et_pb_row][\/et_pb_section]<\/p>\n","protected":false},"excerpt":{"rendered":"<p>Webinaires \u00e0 venir &nbsp; \u00a0&nbsp; &nbsp; &nbsp; Merci \u00e8 tous ceux qui ont particip\u00e9 \u00e0 la s\u00e9rie de webinaires bouch\u00e9es de savoir au printemps 2023. Restez \u00e0 l\u2019aff\u00fbt pour les prochains webinaires.Enregistrements des webinaires pr\u00e9c\u00e9dents de 2020 \u00e0 2023 \u2013 Vous devez \u00eatre membre pour les visionner<\/p>\n","protected":false},"author":578,"featured_media":0,"parent":0,"menu_order":0,"comment_status":"closed","ping_status":"closed","template":"","meta":{"_acf_changed":false,"_et_pb_use_builder":"on","_et_pb_old_content":"<p>[et_pb_section fb_built=\"1\" admin_label=\"Section\" _builder_version=\"4.16\" width=\"100%\" collapsed=\"off\" global_colors_info=\"{}\"][et_pb_row _builder_version=\"4.16\" background_size=\"initial\" background_position=\"top_left\" background_repeat=\"repeat\" collapsed=\"off\" global_colors_info=\"{}\"][et_pb_column type=\"4_4\" _builder_version=\"4.16\" custom_padding=\"|||\" global_colors_info=\"{}\" custom_padding__hover=\"|||\"][et_pb_image src=\"https:\/\/www.cifst.ca\/wp-content\/uploads\/2020\/12\/Webinar-Header.png\" align_tablet=\"center\" align_phone=\"\" align_last_edited=\"on|desktop\" _builder_version=\"4.21.0\" hover_enabled=\"0\" always_center_on_mobile=\"on\" global_colors_info=\"{}\" sticky_enabled=\"0\"][\/et_pb_image][et_pb_text _builder_version=\"4.21.0\" text_font=\"Open Sans|700|||||||\" text_text_color=\"#000000\" background_size=\"initial\" background_position=\"top_left\" background_repeat=\"repeat\" hover_enabled=\"0\" global_colors_info=\"{}\" sticky_enabled=\"0\"]<\/p><h2><strong>Upcoming Webinars<\/strong><\/h2><p><strong><span style=\"font-size: 12pt; color: #000000;\"><a href=\"https:\/\/cifst.ca\/wp-content\/uploads\/2022\/12\/Knowledge-Bites-CIFST-2023.jpg\"><img class=\"wp-image-7297 alignleft size-large\" src=\"https:\/\/cifst.ca\/wp-content\/uploads\/2022\/12\/Knowledge-Bites-CIFST-2023-1024x577.jpg\" alt=\"\" width=\"1024\" height=\"577\" \/><\/a><\/span><\/strong><\/p><p>\u00a0<\/p><h2>\u00a0<\/h2><p>[\/et_pb_text][et_pb_text _builder_version=\"4.21.0\" _module_preset=\"default\" custom_margin=\"417px|||||\" custom_padding=\"10px|||3px||\" hover_enabled=\"0\" global_colors_info=\"{}\" sticky_enabled=\"0\"]<\/p><p>\u00a0<\/p><p>\u00a0<\/p><p><strong><span style=\"font-size: 12pt;\">Thank you to everyone who attended the Spring 2023 Knowledges Bites Webinar series. Stay tuned for upcoming webinars. <\/span><\/strong><\/p><p>\u00a0<\/p><p>[\/et_pb_text][et_pb_text _builder_version=\"4.21.0\" _module_preset=\"default\" hover_enabled=\"0\" global_colors_info=\"{}\" sticky_enabled=\"0\"]<\/p><p style=\"text-align: left;\"><a href=\"https:\/\/cifst.wildapricot.org\/Webinar-Recordings\/\"><strong><span style=\"font-size: 18pt;\">Previous Webinar Recordings from 2020 to 2023 - You must be a member to view<\/span><\/strong><\/a><\/p><p>[\/et_pb_text][\/et_pb_column][\/et_pb_row][\/et_pb_section]<\/p>","_et_gb_content_width":"","inline_featured_image":false,"footnotes":""},"class_list":["post-8397","page","type-page","status-publish","hentry"],"acf":[],"publishpress_future_action":{"enabled":false,"date":"2026-05-12 02:14:10","action":"change-status","newStatus":"draft","terms":[],"taxonomy":"translation_priority","extraData":[]},"publishpress_future_workflow_manual_trigger":{"enabledWorkflows":[]},"_links":{"self":[{"href":"https:\/\/cifst.ca\/fr\/wp-json\/wp\/v2\/pages\/8397","targetHints":{"allow":["GET"]}}],"collection":[{"href":"https:\/\/cifst.ca\/fr\/wp-json\/wp\/v2\/pages"}],"about":[{"href":"https:\/\/cifst.ca\/fr\/wp-json\/wp\/v2\/types\/page"}],"author":[{"embeddable":true,"href":"https:\/\/cifst.ca\/fr\/wp-json\/wp\/v2\/users\/578"}],"replies":[{"embeddable":true,"href":"https:\/\/cifst.ca\/fr\/wp-json\/wp\/v2\/comments?post=8397"}],"version-history":[{"count":9,"href":"https:\/\/cifst.ca\/fr\/wp-json\/wp\/v2\/pages\/8397\/revisions"}],"predecessor-version":[{"id":8412,"href":"https:\/\/cifst.ca\/fr\/wp-json\/wp\/v2\/pages\/8397\/revisions\/8412"}],"wp:attachment":[{"href":"https:\/\/cifst.ca\/fr\/wp-json\/wp\/v2\/media?parent=8397"}],"curies":[{"name":"wp","href":"https:\/\/api.w.org\/{rel}","templated":true}]}}